{"id":30033,"date":"2026-03-16T10:50:21","date_gmt":"2026-03-16T10:50:21","guid":{"rendered":"https:\/\/www.xiorstudenthousing.eu\/parents\/"},"modified":"2026-04-13T09:33:01","modified_gmt":"2026-04-13T09:33:01","slug":"parents","status":"publish","type":"page","link":"https:\/\/www.xiorstudenthousing.eu\/da\/parents\/","title":{"rendered":"Parent Hub"},"content":{"rendered":"","protected":false},"excerpt":{"rendered":"","protected":false},"author":1,"featured_media":0,"parent":0,"menu_order":0,"comment_status":"closed","ping_status":"closed","template":"","meta":{"_acf_changed":false,"footnotes":""},"class_list":["post-30033","page","type-page","status-publish","hentry"],"acf":[],"yoast_head":"<!-- This site is optimized with the Yoast SEO plugin v27.1.1 - https:\/\/yoast.com\/product\/yoast-seo-wordpress\/ -->\n<title>For\u00e6ldreportal | Derfor stoler for\u00e6ldre p\u00e5 Xior | Xior Student Housing<\/title>\n<meta name=\"description\" content=\"Tryghed for for\u00e6ldre. Xior tilbyder sikre studieboliger med 24\/7 sikkerhed, support p\u00e5 stedet, sociale rum og et st\u00e6rkt f\u00e6llesskab, hvor dit barn kan trives.\" \/>\n<meta name=\"robots\" content=\"index, follow, max-snippet:-1, max-image-preview:large, max-video-preview:-1\" \/>\n<link rel=\"canonical\" href=\"https:\/\/www.xiorstudenthousing.eu\/da\/parents\/\" \/>\n<meta property=\"og:locale\" content=\"da_DK\" \/>\n<meta property=\"og:type\" content=\"article\" \/>\n<meta property=\"og:title\" content=\"For\u00e6ldreportal | Derfor stoler for\u00e6ldre p\u00e5 Xior | Xior Student Housing\" \/>\n<meta property=\"og:description\" content=\"Tryghed for for\u00e6ldre. Xior tilbyder sikre studieboliger med 24\/7 sikkerhed, support p\u00e5 stedet, sociale rum og et st\u00e6rkt f\u00e6llesskab, hvor dit barn kan trives.\" \/>\n<meta property=\"og:url\" content=\"https:\/\/www.xiorstudenthousing.eu\/da\/parents\/\" \/>\n<meta property=\"og:site_name\" content=\"Xior Student Housing\" \/>\n<meta property=\"article:publisher\" content=\"https:\/\/www.facebook.com\/xiorstudenthousing\" \/>\n<meta property=\"article:modified_time\" content=\"2026-04-13T09:33:01+00:00\" \/>\n<meta name=\"twitter:card\" content=\"summary_large_image\" \/>\n<meta name=\"twitter:site\" content=\"@xiorstudent\" \/>\n<script type=\"application\/ld+json\" class=\"yoast-schema-graph\">{\"@context\":\"https:\/\/schema.org\",\"@graph\":[{\"@type\":\"WebPage\",\"@id\":\"https:\/\/www.xiorstudenthousing.eu\/da\/parents\/\",\"url\":\"https:\/\/www.xiorstudenthousing.eu\/da\/parents\/\",\"name\":\"For\u00e6ldreportal | Derfor stoler for\u00e6ldre p\u00e5 Xior | Xior Student Housing\",\"isPartOf\":{\"@id\":\"https:\/\/www.xiorstudenthousing.eu\/da\/#website\"},\"datePublished\":\"2026-03-16T10:50:21+00:00\",\"dateModified\":\"2026-04-13T09:33:01+00:00\",\"description\":\"Tryghed for for\u00e6ldre. Xior tilbyder sikre studieboliger med 24\/7 sikkerhed, support p\u00e5 stedet, sociale rum og et st\u00e6rkt f\u00e6llesskab, hvor dit barn kan trives.\",\"breadcrumb\":{\"@id\":\"https:\/\/www.xiorstudenthousing.eu\/da\/parents\/#breadcrumb\"},\"inLanguage\":\"da-DK\",\"potentialAction\":[{\"@type\":\"ReadAction\",\"target\":[\"https:\/\/www.xiorstudenthousing.eu\/da\/parents\/\"]}]},{\"@type\":\"BreadcrumbList\",\"@id\":\"https:\/\/www.xiorstudenthousing.eu\/da\/parents\/#breadcrumb\",\"itemListElement\":[{\"@type\":\"ListItem\",\"position\":1,\"name\":\"Home\",\"item\":\"https:\/\/www.xiorstudenthousing.eu\/da\/\"},{\"@type\":\"ListItem\",\"position\":2,\"name\":\"Parent Hub\"}]},{\"@type\":\"WebSite\",\"@id\":\"https:\/\/www.xiorstudenthousing.eu\/da\/#website\",\"url\":\"https:\/\/www.xiorstudenthousing.eu\/da\/\",\"name\":\"Xior Student Housing\",\"description\":\"\",\"potentialAction\":[{\"@type\":\"SearchAction\",\"target\":{\"@type\":\"EntryPoint\",\"urlTemplate\":\"https:\/\/www.xiorstudenthousing.eu\/da\/?s={search_term_string}\"},\"query-input\":{\"@type\":\"PropertyValueSpecification\",\"valueRequired\":true,\"valueName\":\"search_term_string\"}}],\"inLanguage\":\"da-DK\"}]}<\/script>\n<!-- \/ Yoast SEO plugin. -->","yoast_head_json":{"title":"For\u00e6ldreportal | Derfor stoler for\u00e6ldre p\u00e5 Xior | Xior Student Housing","description":"Tryghed for for\u00e6ldre. Xior tilbyder sikre studieboliger med 24\/7 sikkerhed, support p\u00e5 stedet, sociale rum og et st\u00e6rkt f\u00e6llesskab, hvor dit barn kan trives.","robots":{"index":"index","follow":"follow","max-snippet":"max-snippet:-1","max-image-preview":"max-image-preview:large","max-video-preview":"max-video-preview:-1"},"canonical":"https:\/\/www.xiorstudenthousing.eu\/da\/parents\/","og_locale":"da_DK","og_type":"article","og_title":"For\u00e6ldreportal | Derfor stoler for\u00e6ldre p\u00e5 Xior | Xior Student Housing","og_description":"Tryghed for for\u00e6ldre. Xior tilbyder sikre studieboliger med 24\/7 sikkerhed, support p\u00e5 stedet, sociale rum og et st\u00e6rkt f\u00e6llesskab, hvor dit barn kan trives.","og_url":"https:\/\/www.xiorstudenthousing.eu\/da\/parents\/","og_site_name":"Xior Student Housing","article_publisher":"https:\/\/www.facebook.com\/xiorstudenthousing","article_modified_time":"2026-04-13T09:33:01+00:00","twitter_card":"summary_large_image","twitter_site":"@xiorstudent","schema":{"@context":"https:\/\/schema.org","@graph":[{"@type":"WebPage","@id":"https:\/\/www.xiorstudenthousing.eu\/da\/parents\/","url":"https:\/\/www.xiorstudenthousing.eu\/da\/parents\/","name":"For\u00e6ldreportal | Derfor stoler for\u00e6ldre p\u00e5 Xior | Xior Student Housing","isPartOf":{"@id":"https:\/\/www.xiorstudenthousing.eu\/da\/#website"},"datePublished":"2026-03-16T10:50:21+00:00","dateModified":"2026-04-13T09:33:01+00:00","description":"Tryghed for for\u00e6ldre. Xior tilbyder sikre studieboliger med 24\/7 sikkerhed, support p\u00e5 stedet, sociale rum og et st\u00e6rkt f\u00e6llesskab, hvor dit barn kan trives.","breadcrumb":{"@id":"https:\/\/www.xiorstudenthousing.eu\/da\/parents\/#breadcrumb"},"inLanguage":"da-DK","potentialAction":[{"@type":"ReadAction","target":["https:\/\/www.xiorstudenthousing.eu\/da\/parents\/"]}]},{"@type":"BreadcrumbList","@id":"https:\/\/www.xiorstudenthousing.eu\/da\/parents\/#breadcrumb","itemListElement":[{"@type":"ListItem","position":1,"name":"Home","item":"https:\/\/www.xiorstudenthousing.eu\/da\/"},{"@type":"ListItem","position":2,"name":"Parent Hub"}]},{"@type":"WebSite","@id":"https:\/\/www.xiorstudenthousing.eu\/da\/#website","url":"https:\/\/www.xiorstudenthousing.eu\/da\/","name":"Xior Student Housing","description":"","potentialAction":[{"@type":"SearchAction","target":{"@type":"EntryPoint","urlTemplate":"https:\/\/www.xiorstudenthousing.eu\/da\/?s={search_term_string}"},"query-input":{"@type":"PropertyValueSpecification","valueRequired":true,"valueName":"search_term_string"}}],"inLanguage":"da-DK"}]}},"_links":{"self":[{"href":"https:\/\/www.xiorstudenthousing.eu\/da\/wp-json\/wp\/v2\/pages\/30033","targetHints":{"allow":["GET"]}}],"collection":[{"href":"https:\/\/www.xiorstudenthousing.eu\/da\/wp-json\/wp\/v2\/pages"}],"about":[{"href":"https:\/\/www.xiorstudenthousing.eu\/da\/wp-json\/wp\/v2\/types\/page"}],"author":[{"embeddable":true,"href":"https:\/\/www.xiorstudenthousing.eu\/da\/wp-json\/wp\/v2\/users\/1"}],"replies":[{"embeddable":true,"href":"https:\/\/www.xiorstudenthousing.eu\/da\/wp-json\/wp\/v2\/comments?post=30033"}],"version-history":[{"count":10,"href":"https:\/\/www.xiorstudenthousing.eu\/da\/wp-json\/wp\/v2\/pages\/30033\/revisions"}],"predecessor-version":[{"id":34617,"href":"https:\/\/www.xiorstudenthousing.eu\/da\/wp-json\/wp\/v2\/pages\/30033\/revisions\/34617"}],"wp:attachment":[{"href":"https:\/\/www.xiorstudenthousing.eu\/da\/wp-json\/wp\/v2\/media?parent=30033"}],"curies":[{"name":"wp","href":"https:\/\/api.w.org\/{rel}","templated":true}]}}