{"id":36477,"date":"2026-03-04T18:37:25","date_gmt":"2026-03-04T18:37:25","guid":{"rendered":"https:\/\/www.xiorstudenthousing.eu\/lyngby-student-accommodation\/"},"modified":"2026-04-21T16:58:38","modified_gmt":"2026-04-21T16:58:38","slug":"lyngby-student-accommodation","status":"publish","type":"page","link":"https:\/\/www.xiorstudenthousing.eu\/da\/denmark\/lyngby\/lyngby-student-accommodation\/","title":{"rendered":"Basecamp by Xior Lyngby"},"content":{"rendered":"","protected":false},"excerpt":{"rendered":"","protected":false},"author":1,"featured_media":0,"parent":37697,"menu_order":0,"comment_status":"closed","ping_status":"closed","template":"templates\/property-template.php","meta":{"_acf_changed":false,"footnotes":""},"class_list":["post-36477","page","type-page","status-publish","hentry"],"acf":[],"yoast_head":"<!-- This site is optimized with the Yoast SEO plugin v27.1.1 - https:\/\/yoast.com\/product\/yoast-seo-wordpress\/ -->\n<title>Studieboliger i Lyngby | Basecamp af Xior Lyngby | Xior<\/title>\n<meta name=\"description\" content=\"Basecamp by Xior Lyngbys studenterboliger i Lyngby tilbyder moderne v\u00e6relser, hurtigt wifi, f\u00e6llesarealer og sikker bolig t\u00e6t p\u00e5 DTU og lokale faciliteter.\" \/>\n<meta name=\"robots\" content=\"index, follow, max-snippet:-1, max-image-preview:large, max-video-preview:-1\" \/>\n<link rel=\"canonical\" href=\"https:\/\/www.xiorstudenthousing.eu\/da\/denmark\/lyngby\/lyngby-student-accommodation\/\" \/>\n<meta property=\"og:locale\" content=\"da_DK\" \/>\n<meta property=\"og:type\" content=\"article\" \/>\n<meta property=\"og:title\" content=\"Studieboliger i Lyngby | Basecamp af Xior Lyngby | Xior\" \/>\n<meta property=\"og:description\" content=\"Basecamp by Xior Lyngbys studenterboliger i Lyngby tilbyder moderne v\u00e6relser, hurtigt wifi, f\u00e6llesarealer og sikker bolig t\u00e6t p\u00e5 DTU og lokale faciliteter.\" \/>\n<meta property=\"og:url\" content=\"https:\/\/www.xiorstudenthousing.eu\/da\/denmark\/lyngby\/lyngby-student-accommodation\/\" \/>\n<meta property=\"og:site_name\" content=\"Xior Student Housing\" \/>\n<meta property=\"article:publisher\" content=\"https:\/\/www.facebook.com\/xiorstudenthousing\" \/>\n<meta property=\"article:modified_time\" content=\"2026-04-21T16:58:38+00:00\" \/>\n<meta name=\"twitter:card\" content=\"summary_large_image\" \/>\n<meta name=\"twitter:site\" content=\"@xiorstudent\" \/>\n<script type=\"application\/ld+json\" class=\"yoast-schema-graph\">{\"@context\":\"https:\/\/schema.org\",\"@graph\":[{\"@type\":\"WebPage\",\"@id\":\"https:\/\/www.xiorstudenthousing.eu\/da\/denmark\/lyngby\/lyngby-student-accommodation\/\",\"url\":\"https:\/\/www.xiorstudenthousing.eu\/da\/denmark\/lyngby\/lyngby-student-accommodation\/\",\"name\":\"Studieboliger i Lyngby | Basecamp af Xior Lyngby | Xior\",\"isPartOf\":{\"@id\":\"https:\/\/www.xiorstudenthousing.eu\/da\/#website\"},\"datePublished\":\"2026-03-04T18:37:25+00:00\",\"dateModified\":\"2026-04-21T16:58:38+00:00\",\"description\":\"Basecamp by Xior Lyngbys studenterboliger i Lyngby tilbyder moderne v\u00e6relser, hurtigt wifi, f\u00e6llesarealer og sikker bolig t\u00e6t p\u00e5 DTU og lokale faciliteter.\",\"breadcrumb\":{\"@id\":\"https:\/\/www.xiorstudenthousing.eu\/da\/denmark\/lyngby\/lyngby-student-accommodation\/#breadcrumb\"},\"inLanguage\":\"da-DK\",\"potentialAction\":[{\"@type\":\"ReadAction\",\"target\":[\"https:\/\/www.xiorstudenthousing.eu\/da\/denmark\/lyngby\/lyngby-student-accommodation\/\"]}]},{\"@type\":\"BreadcrumbList\",\"@id\":\"https:\/\/www.xiorstudenthousing.eu\/da\/denmark\/lyngby\/lyngby-student-accommodation\/#breadcrumb\",\"itemListElement\":[{\"@type\":\"ListItem\",\"position\":1,\"name\":\"Home\",\"item\":\"https:\/\/www.xiorstudenthousing.eu\/da\/\"},{\"@type\":\"ListItem\",\"position\":2,\"name\":\"Denmark\",\"item\":\"https:\/\/www.xiorstudenthousing.eu\/da\/denmark\/\"},{\"@type\":\"ListItem\",\"position\":3,\"name\":\"Lyngby\",\"item\":\"https:\/\/www.xiorstudenthousing.eu\/da\/denmark\/lyngby\/\"},{\"@type\":\"ListItem\",\"position\":4,\"name\":\"Basecamp by Xior Lyngby\"}]},{\"@type\":\"WebSite\",\"@id\":\"https:\/\/www.xiorstudenthousing.eu\/da\/#website\",\"url\":\"https:\/\/www.xiorstudenthousing.eu\/da\/\",\"name\":\"Xior Student Housing\",\"description\":\"\",\"potentialAction\":[{\"@type\":\"SearchAction\",\"target\":{\"@type\":\"EntryPoint\",\"urlTemplate\":\"https:\/\/www.xiorstudenthousing.eu\/da\/?s={search_term_string}\"},\"query-input\":{\"@type\":\"PropertyValueSpecification\",\"valueRequired\":true,\"valueName\":\"search_term_string\"}}],\"inLanguage\":\"da-DK\"}]}<\/script>\n<!-- \/ Yoast SEO plugin. -->","yoast_head_json":{"title":"Studieboliger i Lyngby | Basecamp af Xior Lyngby | Xior","description":"Basecamp by Xior Lyngbys studenterboliger i Lyngby tilbyder moderne v\u00e6relser, hurtigt wifi, f\u00e6llesarealer og sikker bolig t\u00e6t p\u00e5 DTU og lokale faciliteter.","robots":{"index":"index","follow":"follow","max-snippet":"max-snippet:-1","max-image-preview":"max-image-preview:large","max-video-preview":"max-video-preview:-1"},"canonical":"https:\/\/www.xiorstudenthousing.eu\/da\/denmark\/lyngby\/lyngby-student-accommodation\/","og_locale":"da_DK","og_type":"article","og_title":"Studieboliger i Lyngby | Basecamp af Xior Lyngby | Xior","og_description":"Basecamp by Xior Lyngbys studenterboliger i Lyngby tilbyder moderne v\u00e6relser, hurtigt wifi, f\u00e6llesarealer og sikker bolig t\u00e6t p\u00e5 DTU og lokale faciliteter.","og_url":"https:\/\/www.xiorstudenthousing.eu\/da\/denmark\/lyngby\/lyngby-student-accommodation\/","og_site_name":"Xior Student Housing","article_publisher":"https:\/\/www.facebook.com\/xiorstudenthousing","article_modified_time":"2026-04-21T16:58:38+00:00","twitter_card":"summary_large_image","twitter_site":"@xiorstudent","schema":{"@context":"https:\/\/schema.org","@graph":[{"@type":"WebPage","@id":"https:\/\/www.xiorstudenthousing.eu\/da\/denmark\/lyngby\/lyngby-student-accommodation\/","url":"https:\/\/www.xiorstudenthousing.eu\/da\/denmark\/lyngby\/lyngby-student-accommodation\/","name":"Studieboliger i Lyngby | Basecamp af Xior Lyngby | Xior","isPartOf":{"@id":"https:\/\/www.xiorstudenthousing.eu\/da\/#website"},"datePublished":"2026-03-04T18:37:25+00:00","dateModified":"2026-04-21T16:58:38+00:00","description":"Basecamp by Xior Lyngbys studenterboliger i Lyngby tilbyder moderne v\u00e6relser, hurtigt wifi, f\u00e6llesarealer og sikker bolig t\u00e6t p\u00e5 DTU og lokale faciliteter.","breadcrumb":{"@id":"https:\/\/www.xiorstudenthousing.eu\/da\/denmark\/lyngby\/lyngby-student-accommodation\/#breadcrumb"},"inLanguage":"da-DK","potentialAction":[{"@type":"ReadAction","target":["https:\/\/www.xiorstudenthousing.eu\/da\/denmark\/lyngby\/lyngby-student-accommodation\/"]}]},{"@type":"BreadcrumbList","@id":"https:\/\/www.xiorstudenthousing.eu\/da\/denmark\/lyngby\/lyngby-student-accommodation\/#breadcrumb","itemListElement":[{"@type":"ListItem","position":1,"name":"Home","item":"https:\/\/www.xiorstudenthousing.eu\/da\/"},{"@type":"ListItem","position":2,"name":"Denmark","item":"https:\/\/www.xiorstudenthousing.eu\/da\/denmark\/"},{"@type":"ListItem","position":3,"name":"Lyngby","item":"https:\/\/www.xiorstudenthousing.eu\/da\/denmark\/lyngby\/"},{"@type":"ListItem","position":4,"name":"Basecamp by Xior Lyngby"}]},{"@type":"WebSite","@id":"https:\/\/www.xiorstudenthousing.eu\/da\/#website","url":"https:\/\/www.xiorstudenthousing.eu\/da\/","name":"Xior Student Housing","description":"","potentialAction":[{"@type":"SearchAction","target":{"@type":"EntryPoint","urlTemplate":"https:\/\/www.xiorstudenthousing.eu\/da\/?s={search_term_string}"},"query-input":{"@type":"PropertyValueSpecification","valueRequired":true,"valueName":"search_term_string"}}],"inLanguage":"da-DK"}]}},"_links":{"self":[{"href":"https:\/\/www.xiorstudenthousing.eu\/da\/wp-json\/wp\/v2\/pages\/36477","targetHints":{"allow":["GET"]}}],"collection":[{"href":"https:\/\/www.xiorstudenthousing.eu\/da\/wp-json\/wp\/v2\/pages"}],"about":[{"href":"https:\/\/www.xiorstudenthousing.eu\/da\/wp-json\/wp\/v2\/types\/page"}],"author":[{"embeddable":true,"href":"https:\/\/www.xiorstudenthousing.eu\/da\/wp-json\/wp\/v2\/users\/1"}],"replies":[{"embeddable":true,"href":"https:\/\/www.xiorstudenthousing.eu\/da\/wp-json\/wp\/v2\/comments?post=36477"}],"version-history":[{"count":4,"href":"https:\/\/www.xiorstudenthousing.eu\/da\/wp-json\/wp\/v2\/pages\/36477\/revisions"}],"predecessor-version":[{"id":38687,"href":"https:\/\/www.xiorstudenthousing.eu\/da\/wp-json\/wp\/v2\/pages\/36477\/revisions\/38687"}],"up":[{"embeddable":true,"href":"https:\/\/www.xiorstudenthousing.eu\/da\/wp-json\/wp\/v2\/pages\/37697"}],"wp:attachment":[{"href":"https:\/\/www.xiorstudenthousing.eu\/da\/wp-json\/wp\/v2\/media?parent=36477"}],"curies":[{"name":"wp","href":"https:\/\/api.w.org\/{rel}","templated":true}]}}