{"id":21317,"date":"2026-02-22T19:25:47","date_gmt":"2026-02-22T19:25:47","guid":{"rendered":"https:\/\/www.xiorstudenthousing.eu\/locations\/"},"modified":"2026-03-25T15:54:43","modified_gmt":"2026-03-25T15:54:43","slug":"all-locations","status":"publish","type":"page","link":"https:\/\/www.xiorstudenthousing.eu\/de\/all-locations\/","title":{"rendered":"Locations"},"content":{"rendered":"","protected":false},"excerpt":{"rendered":"","protected":false},"author":1,"featured_media":0,"parent":0,"menu_order":0,"comment_status":"closed","ping_status":"closed","template":"","meta":{"_acf_changed":false,"footnotes":""},"class_list":["post-21317","page","type-page","status-publish","hentry"],"acf":[],"yoast_head":"<!-- This site is optimized with the Yoast SEO plugin v27.1.1 - https:\/\/yoast.com\/product\/yoast-seo-wordpress\/ -->\n<title>Alle Xior-Standorte | Studentenwohnheime in ganz Europa | Xior<\/title>\n<meta name=\"description\" content=\"Entdecken Sie alle Xior-Studentenwohnheime in 8 L\u00e4ndern und 42 St\u00e4dten. Finden Sie sichere und unterst\u00fctzende Wohnm\u00f6glichkeiten, in denen sich Studierende wohlf\u00fchlen und Eltern beruhigt sein k\u00f6nnen.\" \/>\n<meta name=\"robots\" content=\"index, follow, max-snippet:-1, max-image-preview:large, max-video-preview:-1\" \/>\n<link rel=\"canonical\" href=\"https:\/\/www.xiorstudenthousing.eu\/de\/all-locations\/\" \/>\n<meta property=\"og:locale\" content=\"de_DE\" \/>\n<meta property=\"og:type\" content=\"article\" \/>\n<meta property=\"og:title\" content=\"Alle Xior-Standorte | Studentenwohnheime in ganz Europa | Xior\" \/>\n<meta property=\"og:description\" content=\"Entdecken Sie alle Xior-Studentenwohnheime in 8 L\u00e4ndern und 42 St\u00e4dten. Finden Sie sichere und unterst\u00fctzende Wohnm\u00f6glichkeiten, in denen sich Studierende wohlf\u00fchlen und Eltern beruhigt sein k\u00f6nnen.\" \/>\n<meta property=\"og:url\" content=\"https:\/\/www.xiorstudenthousing.eu\/de\/all-locations\/\" \/>\n<meta property=\"og:site_name\" content=\"Xior Student Housing\" \/>\n<meta property=\"article:publisher\" content=\"https:\/\/www.facebook.com\/xiorstudenthousing\" \/>\n<meta property=\"article:modified_time\" content=\"2026-03-25T15:54:43+00:00\" \/>\n<meta name=\"twitter:card\" content=\"summary_large_image\" \/>\n<meta name=\"twitter:site\" content=\"@xiorstudent\" \/>\n<script type=\"application\/ld+json\" class=\"yoast-schema-graph\">{\"@context\":\"https:\/\/schema.org\",\"@graph\":[{\"@type\":\"WebPage\",\"@id\":\"https:\/\/www.xiorstudenthousing.eu\/de\/all-locations\/\",\"url\":\"https:\/\/www.xiorstudenthousing.eu\/de\/all-locations\/\",\"name\":\"Alle Xior-Standorte | Studentenwohnheime in ganz Europa | Xior\",\"isPartOf\":{\"@id\":\"https:\/\/www.xiorstudenthousing.eu\/de\/#website\"},\"datePublished\":\"2026-02-22T19:25:47+00:00\",\"dateModified\":\"2026-03-25T15:54:43+00:00\",\"description\":\"Entdecken Sie alle Xior-Studentenwohnheime in 8 L\u00e4ndern und 42 St\u00e4dten. Finden Sie sichere und unterst\u00fctzende Wohnm\u00f6glichkeiten, in denen sich Studierende wohlf\u00fchlen und Eltern beruhigt sein k\u00f6nnen.\",\"breadcrumb\":{\"@id\":\"https:\/\/www.xiorstudenthousing.eu\/de\/all-locations\/#breadcrumb\"},\"inLanguage\":\"de\",\"potentialAction\":[{\"@type\":\"ReadAction\",\"target\":[\"https:\/\/www.xiorstudenthousing.eu\/de\/all-locations\/\"]}]},{\"@type\":\"BreadcrumbList\",\"@id\":\"https:\/\/www.xiorstudenthousing.eu\/de\/all-locations\/#breadcrumb\",\"itemListElement\":[{\"@type\":\"ListItem\",\"position\":1,\"name\":\"Home\",\"item\":\"https:\/\/www.xiorstudenthousing.eu\/de\/\"},{\"@type\":\"ListItem\",\"position\":2,\"name\":\"Locations\"}]},{\"@type\":\"WebSite\",\"@id\":\"https:\/\/www.xiorstudenthousing.eu\/de\/#website\",\"url\":\"https:\/\/www.xiorstudenthousing.eu\/de\/\",\"name\":\"Xior Student Housing\",\"description\":\"\",\"potentialAction\":[{\"@type\":\"SearchAction\",\"target\":{\"@type\":\"EntryPoint\",\"urlTemplate\":\"https:\/\/www.xiorstudenthousing.eu\/de\/?s={search_term_string}\"},\"query-input\":{\"@type\":\"PropertyValueSpecification\",\"valueRequired\":true,\"valueName\":\"search_term_string\"}}],\"inLanguage\":\"de\"}]}<\/script>\n<!-- \/ Yoast SEO plugin. -->","yoast_head_json":{"title":"Alle Xior-Standorte | Studentenwohnheime in ganz Europa | Xior","description":"Entdecken Sie alle Xior-Studentenwohnheime in 8 L\u00e4ndern und 42 St\u00e4dten. Finden Sie sichere und unterst\u00fctzende Wohnm\u00f6glichkeiten, in denen sich Studierende wohlf\u00fchlen und Eltern beruhigt sein k\u00f6nnen.","robots":{"index":"index","follow":"follow","max-snippet":"max-snippet:-1","max-image-preview":"max-image-preview:large","max-video-preview":"max-video-preview:-1"},"canonical":"https:\/\/www.xiorstudenthousing.eu\/de\/all-locations\/","og_locale":"de_DE","og_type":"article","og_title":"Alle Xior-Standorte | Studentenwohnheime in ganz Europa | Xior","og_description":"Entdecken Sie alle Xior-Studentenwohnheime in 8 L\u00e4ndern und 42 St\u00e4dten. Finden Sie sichere und unterst\u00fctzende Wohnm\u00f6glichkeiten, in denen sich Studierende wohlf\u00fchlen und Eltern beruhigt sein k\u00f6nnen.","og_url":"https:\/\/www.xiorstudenthousing.eu\/de\/all-locations\/","og_site_name":"Xior Student Housing","article_publisher":"https:\/\/www.facebook.com\/xiorstudenthousing","article_modified_time":"2026-03-25T15:54:43+00:00","twitter_card":"summary_large_image","twitter_site":"@xiorstudent","schema":{"@context":"https:\/\/schema.org","@graph":[{"@type":"WebPage","@id":"https:\/\/www.xiorstudenthousing.eu\/de\/all-locations\/","url":"https:\/\/www.xiorstudenthousing.eu\/de\/all-locations\/","name":"Alle Xior-Standorte | Studentenwohnheime in ganz Europa | Xior","isPartOf":{"@id":"https:\/\/www.xiorstudenthousing.eu\/de\/#website"},"datePublished":"2026-02-22T19:25:47+00:00","dateModified":"2026-03-25T15:54:43+00:00","description":"Entdecken Sie alle Xior-Studentenwohnheime in 8 L\u00e4ndern und 42 St\u00e4dten. Finden Sie sichere und unterst\u00fctzende Wohnm\u00f6glichkeiten, in denen sich Studierende wohlf\u00fchlen und Eltern beruhigt sein k\u00f6nnen.","breadcrumb":{"@id":"https:\/\/www.xiorstudenthousing.eu\/de\/all-locations\/#breadcrumb"},"inLanguage":"de","potentialAction":[{"@type":"ReadAction","target":["https:\/\/www.xiorstudenthousing.eu\/de\/all-locations\/"]}]},{"@type":"BreadcrumbList","@id":"https:\/\/www.xiorstudenthousing.eu\/de\/all-locations\/#breadcrumb","itemListElement":[{"@type":"ListItem","position":1,"name":"Home","item":"https:\/\/www.xiorstudenthousing.eu\/de\/"},{"@type":"ListItem","position":2,"name":"Locations"}]},{"@type":"WebSite","@id":"https:\/\/www.xiorstudenthousing.eu\/de\/#website","url":"https:\/\/www.xiorstudenthousing.eu\/de\/","name":"Xior Student Housing","description":"","potentialAction":[{"@type":"SearchAction","target":{"@type":"EntryPoint","urlTemplate":"https:\/\/www.xiorstudenthousing.eu\/de\/?s={search_term_string}"},"query-input":{"@type":"PropertyValueSpecification","valueRequired":true,"valueName":"search_term_string"}}],"inLanguage":"de"}]}},"_links":{"self":[{"href":"https:\/\/www.xiorstudenthousing.eu\/de\/wp-json\/wp\/v2\/pages\/21317","targetHints":{"allow":["GET"]}}],"collection":[{"href":"https:\/\/www.xiorstudenthousing.eu\/de\/wp-json\/wp\/v2\/pages"}],"about":[{"href":"https:\/\/www.xiorstudenthousing.eu\/de\/wp-json\/wp\/v2\/types\/page"}],"author":[{"embeddable":true,"href":"https:\/\/www.xiorstudenthousing.eu\/de\/wp-json\/wp\/v2\/users\/1"}],"replies":[{"embeddable":true,"href":"https:\/\/www.xiorstudenthousing.eu\/de\/wp-json\/wp\/v2\/comments?post=21317"}],"version-history":[{"count":1,"href":"https:\/\/www.xiorstudenthousing.eu\/de\/wp-json\/wp\/v2\/pages\/21317\/revisions"}],"predecessor-version":[{"id":21329,"href":"https:\/\/www.xiorstudenthousing.eu\/de\/wp-json\/wp\/v2\/pages\/21317\/revisions\/21329"}],"wp:attachment":[{"href":"https:\/\/www.xiorstudenthousing.eu\/de\/wp-json\/wp\/v2\/media?parent=21317"}],"curies":[{"name":"wp","href":"https:\/\/api.w.org\/{rel}","templated":true}]}}