{"id":29850,"date":"2026-03-03T11:37:29","date_gmt":"2026-03-03T11:37:29","guid":{"rendered":"https:\/\/www.xiorstudenthousing.eu\/germany\/"},"modified":"2026-04-07T09:27:06","modified_gmt":"2026-04-07T09:27:06","slug":"germany","status":"publish","type":"page","link":"https:\/\/www.xiorstudenthousing.eu\/de\/germany\/","title":{"rendered":"Germany"},"content":{"rendered":"","protected":false},"excerpt":{"rendered":"","protected":false},"author":1,"featured_media":0,"parent":0,"menu_order":0,"comment_status":"closed","ping_status":"closed","template":"templates\/country-template.php","meta":{"_acf_changed":false,"footnotes":""},"class_list":["post-29850","page","type-page","status-publish","hentry"],"acf":[],"yoast_head":"<!-- This site is optimized with the Yoast SEO plugin v27.1.1 - https:\/\/yoast.com\/product\/yoast-seo-wordpress\/ -->\n<title>Studentenwohnheime in Deutschland | Zimmer &amp; Wohnungen | Xior<\/title>\n<meta name=\"description\" content=\"Finde mit Xior Studentenwohnungen in ganz Deutschland \u2013 in der N\u00e4he von Universit\u00e4ten, mit umfassender Ausstattung, Gemeinschaftsr\u00e4umen, Fitnessstudio und 24\/7-Sicherheitsdienst. Sichere dir jetzt dein Zimmer!\" \/>\n<meta name=\"robots\" content=\"index, follow, max-snippet:-1, max-image-preview:large, max-video-preview:-1\" \/>\n<link rel=\"canonical\" href=\"https:\/\/www.xiorstudenthousing.eu\/de\/germany\/\" \/>\n<meta property=\"og:locale\" content=\"de_DE\" \/>\n<meta property=\"og:type\" content=\"article\" \/>\n<meta property=\"og:title\" content=\"Studentenwohnheime in Deutschland | Zimmer &amp; Wohnungen | Xior\" \/>\n<meta property=\"og:description\" content=\"Finde mit Xior Studentenwohnungen in ganz Deutschland \u2013 in der N\u00e4he von Universit\u00e4ten, mit umfassender Ausstattung, Gemeinschaftsr\u00e4umen, Fitnessstudio und 24\/7-Sicherheitsdienst. Sichere dir jetzt dein Zimmer!\" \/>\n<meta property=\"og:url\" content=\"https:\/\/www.xiorstudenthousing.eu\/de\/germany\/\" \/>\n<meta property=\"og:site_name\" content=\"Xior Student Housing\" \/>\n<meta property=\"article:publisher\" content=\"https:\/\/www.facebook.com\/xiorstudenthousing\" \/>\n<meta property=\"article:modified_time\" content=\"2026-04-07T09:27:06+00:00\" \/>\n<meta name=\"twitter:card\" content=\"summary_large_image\" \/>\n<meta name=\"twitter:site\" content=\"@xiorstudent\" \/>\n<script type=\"application\/ld+json\" class=\"yoast-schema-graph\">{\"@context\":\"https:\/\/schema.org\",\"@graph\":[{\"@type\":\"WebPage\",\"@id\":\"https:\/\/www.xiorstudenthousing.eu\/de\/germany\/\",\"url\":\"https:\/\/www.xiorstudenthousing.eu\/de\/germany\/\",\"name\":\"Studentenwohnheime in Deutschland | Zimmer & Wohnungen | Xior\",\"isPartOf\":{\"@id\":\"https:\/\/www.xiorstudenthousing.eu\/de\/#website\"},\"datePublished\":\"2026-03-03T11:37:29+00:00\",\"dateModified\":\"2026-04-07T09:27:06+00:00\",\"description\":\"Finde mit Xior Studentenwohnungen in ganz Deutschland \u2013 in der N\u00e4he von Universit\u00e4ten, mit umfassender Ausstattung, Gemeinschaftsr\u00e4umen, Fitnessstudio und 24\/7-Sicherheitsdienst. Sichere dir jetzt dein Zimmer!\",\"breadcrumb\":{\"@id\":\"https:\/\/www.xiorstudenthousing.eu\/de\/germany\/#breadcrumb\"},\"inLanguage\":\"de\",\"potentialAction\":[{\"@type\":\"ReadAction\",\"target\":[\"https:\/\/www.xiorstudenthousing.eu\/de\/germany\/\"]}]},{\"@type\":\"BreadcrumbList\",\"@id\":\"https:\/\/www.xiorstudenthousing.eu\/de\/germany\/#breadcrumb\",\"itemListElement\":[{\"@type\":\"ListItem\",\"position\":1,\"name\":\"Home\",\"item\":\"https:\/\/www.xiorstudenthousing.eu\/de\/\"},{\"@type\":\"ListItem\",\"position\":2,\"name\":\"Germany\"}]},{\"@type\":\"WebSite\",\"@id\":\"https:\/\/www.xiorstudenthousing.eu\/de\/#website\",\"url\":\"https:\/\/www.xiorstudenthousing.eu\/de\/\",\"name\":\"Xior Student Housing\",\"description\":\"\",\"potentialAction\":[{\"@type\":\"SearchAction\",\"target\":{\"@type\":\"EntryPoint\",\"urlTemplate\":\"https:\/\/www.xiorstudenthousing.eu\/de\/?s={search_term_string}\"},\"query-input\":{\"@type\":\"PropertyValueSpecification\",\"valueRequired\":true,\"valueName\":\"search_term_string\"}}],\"inLanguage\":\"de\"}]}<\/script>\n<!-- \/ Yoast SEO plugin. -->","yoast_head_json":{"title":"Studentenwohnheime in Deutschland | Zimmer & Wohnungen | Xior","description":"Finde mit Xior Studentenwohnungen in ganz Deutschland \u2013 in der N\u00e4he von Universit\u00e4ten, mit umfassender Ausstattung, Gemeinschaftsr\u00e4umen, Fitnessstudio und 24\/7-Sicherheitsdienst. Sichere dir jetzt dein Zimmer!","robots":{"index":"index","follow":"follow","max-snippet":"max-snippet:-1","max-image-preview":"max-image-preview:large","max-video-preview":"max-video-preview:-1"},"canonical":"https:\/\/www.xiorstudenthousing.eu\/de\/germany\/","og_locale":"de_DE","og_type":"article","og_title":"Studentenwohnheime in Deutschland | Zimmer & Wohnungen | Xior","og_description":"Finde mit Xior Studentenwohnungen in ganz Deutschland \u2013 in der N\u00e4he von Universit\u00e4ten, mit umfassender Ausstattung, Gemeinschaftsr\u00e4umen, Fitnessstudio und 24\/7-Sicherheitsdienst. Sichere dir jetzt dein Zimmer!","og_url":"https:\/\/www.xiorstudenthousing.eu\/de\/germany\/","og_site_name":"Xior Student Housing","article_publisher":"https:\/\/www.facebook.com\/xiorstudenthousing","article_modified_time":"2026-04-07T09:27:06+00:00","twitter_card":"summary_large_image","twitter_site":"@xiorstudent","schema":{"@context":"https:\/\/schema.org","@graph":[{"@type":"WebPage","@id":"https:\/\/www.xiorstudenthousing.eu\/de\/germany\/","url":"https:\/\/www.xiorstudenthousing.eu\/de\/germany\/","name":"Studentenwohnheime in Deutschland | Zimmer & Wohnungen | Xior","isPartOf":{"@id":"https:\/\/www.xiorstudenthousing.eu\/de\/#website"},"datePublished":"2026-03-03T11:37:29+00:00","dateModified":"2026-04-07T09:27:06+00:00","description":"Finde mit Xior Studentenwohnungen in ganz Deutschland \u2013 in der N\u00e4he von Universit\u00e4ten, mit umfassender Ausstattung, Gemeinschaftsr\u00e4umen, Fitnessstudio und 24\/7-Sicherheitsdienst. Sichere dir jetzt dein Zimmer!","breadcrumb":{"@id":"https:\/\/www.xiorstudenthousing.eu\/de\/germany\/#breadcrumb"},"inLanguage":"de","potentialAction":[{"@type":"ReadAction","target":["https:\/\/www.xiorstudenthousing.eu\/de\/germany\/"]}]},{"@type":"BreadcrumbList","@id":"https:\/\/www.xiorstudenthousing.eu\/de\/germany\/#breadcrumb","itemListElement":[{"@type":"ListItem","position":1,"name":"Home","item":"https:\/\/www.xiorstudenthousing.eu\/de\/"},{"@type":"ListItem","position":2,"name":"Germany"}]},{"@type":"WebSite","@id":"https:\/\/www.xiorstudenthousing.eu\/de\/#website","url":"https:\/\/www.xiorstudenthousing.eu\/de\/","name":"Xior Student Housing","description":"","potentialAction":[{"@type":"SearchAction","target":{"@type":"EntryPoint","urlTemplate":"https:\/\/www.xiorstudenthousing.eu\/de\/?s={search_term_string}"},"query-input":{"@type":"PropertyValueSpecification","valueRequired":true,"valueName":"search_term_string"}}],"inLanguage":"de"}]}},"_links":{"self":[{"href":"https:\/\/www.xiorstudenthousing.eu\/de\/wp-json\/wp\/v2\/pages\/29850","targetHints":{"allow":["GET"]}}],"collection":[{"href":"https:\/\/www.xiorstudenthousing.eu\/de\/wp-json\/wp\/v2\/pages"}],"about":[{"href":"https:\/\/www.xiorstudenthousing.eu\/de\/wp-json\/wp\/v2\/types\/page"}],"author":[{"embeddable":true,"href":"https:\/\/www.xiorstudenthousing.eu\/de\/wp-json\/wp\/v2\/users\/1"}],"replies":[{"embeddable":true,"href":"https:\/\/www.xiorstudenthousing.eu\/de\/wp-json\/wp\/v2\/comments?post=29850"}],"version-history":[{"count":4,"href":"https:\/\/www.xiorstudenthousing.eu\/de\/wp-json\/wp\/v2\/pages\/29850\/revisions"}],"predecessor-version":[{"id":33811,"href":"https:\/\/www.xiorstudenthousing.eu\/de\/wp-json\/wp\/v2\/pages\/29850\/revisions\/33811"}],"wp:attachment":[{"href":"https:\/\/www.xiorstudenthousing.eu\/de\/wp-json\/wp\/v2\/media?parent=29850"}],"curies":[{"name":"wp","href":"https:\/\/api.w.org\/{rel}","templated":true}]}}