{"id":21320,"date":"2026-02-22T19:25:47","date_gmt":"2026-02-22T19:25:47","guid":{"rendered":"https:\/\/www.xiorstudenthousing.eu\/locations\/"},"modified":"2026-03-25T15:55:22","modified_gmt":"2026-03-25T15:55:22","slug":"all-locations","status":"publish","type":"page","link":"https:\/\/www.xiorstudenthousing.eu\/es\/all-locations\/","title":{"rendered":"Locations"},"content":{"rendered":"","protected":false},"excerpt":{"rendered":"","protected":false},"author":1,"featured_media":0,"parent":0,"menu_order":0,"comment_status":"closed","ping_status":"closed","template":"","meta":{"_acf_changed":false,"footnotes":""},"class_list":["post-21320","page","type-page","status-publish","hentry"],"acf":[],"yoast_head":"<!-- This site is optimized with the Yoast SEO plugin v27.1.1 - https:\/\/yoast.com\/product\/yoast-seo-wordpress\/ -->\n<title>Todas las residencias Xior | Alojamientos para estudiantes en Europa | xior<\/title>\n<meta name=\"description\" content=\"Explorez toutes les r\u00e9sidences \u00e9tudiantes Xior r\u00e9parties dans 8 pays et 42 villes. D\u00e9couvrez des logements s\u00fbrs et stimulants o\u00f9 les \u00e9tudiants peuvent s&#039;\u00e9panouir et o\u00f9 les padres peuvent \u00eatre rassur\u00e9s.\" \/>\n<meta name=\"robots\" content=\"index, follow, max-snippet:-1, max-image-preview:large, max-video-preview:-1\" \/>\n<link rel=\"canonical\" href=\"https:\/\/www.xiorstudenthousing.eu\/es\/all-locations\/\" \/>\n<meta property=\"og:locale\" content=\"es_ES\" \/>\n<meta property=\"og:type\" content=\"article\" \/>\n<meta property=\"og:title\" content=\"Todas las residencias Xior | Alojamientos para estudiantes en Europa | xior\" \/>\n<meta property=\"og:description\" content=\"Explorez toutes les r\u00e9sidences \u00e9tudiantes Xior r\u00e9parties dans 8 pays et 42 villes. D\u00e9couvrez des logements s\u00fbrs et stimulants o\u00f9 les \u00e9tudiants peuvent s&#039;\u00e9panouir et o\u00f9 les padres peuvent \u00eatre rassur\u00e9s.\" \/>\n<meta property=\"og:url\" content=\"https:\/\/www.xiorstudenthousing.eu\/es\/all-locations\/\" \/>\n<meta property=\"og:site_name\" content=\"Xior Student Housing\" \/>\n<meta property=\"article:publisher\" content=\"https:\/\/www.facebook.com\/xiorstudenthousing\" \/>\n<meta property=\"article:modified_time\" content=\"2026-03-25T15:55:22+00:00\" \/>\n<meta name=\"twitter:card\" content=\"summary_large_image\" \/>\n<meta name=\"twitter:site\" content=\"@xiorstudent\" \/>\n<script type=\"application\/ld+json\" class=\"yoast-schema-graph\">{\"@context\":\"https:\/\/schema.org\",\"@graph\":[{\"@type\":\"WebPage\",\"@id\":\"https:\/\/www.xiorstudenthousing.eu\/es\/all-locations\/\",\"url\":\"https:\/\/www.xiorstudenthousing.eu\/es\/all-locations\/\",\"name\":\"Todas las residencias Xior | Alojamientos para estudiantes en Europa | xior\",\"isPartOf\":{\"@id\":\"https:\/\/www.xiorstudenthousing.eu\/es\/#website\"},\"datePublished\":\"2026-02-22T19:25:47+00:00\",\"dateModified\":\"2026-03-25T15:55:22+00:00\",\"description\":\"Explorez toutes les r\u00e9sidences \u00e9tudiantes Xior r\u00e9parties dans 8 pays et 42 villes. D\u00e9couvrez des logements s\u00fbrs et stimulants o\u00f9 les \u00e9tudiants peuvent s'\u00e9panouir et o\u00f9 les padres peuvent \u00eatre rassur\u00e9s.\",\"breadcrumb\":{\"@id\":\"https:\/\/www.xiorstudenthousing.eu\/es\/all-locations\/#breadcrumb\"},\"inLanguage\":\"es\",\"potentialAction\":[{\"@type\":\"ReadAction\",\"target\":[\"https:\/\/www.xiorstudenthousing.eu\/es\/all-locations\/\"]}]},{\"@type\":\"BreadcrumbList\",\"@id\":\"https:\/\/www.xiorstudenthousing.eu\/es\/all-locations\/#breadcrumb\",\"itemListElement\":[{\"@type\":\"ListItem\",\"position\":1,\"name\":\"Home\",\"item\":\"https:\/\/www.xiorstudenthousing.eu\/es\/\"},{\"@type\":\"ListItem\",\"position\":2,\"name\":\"Locations\"}]},{\"@type\":\"WebSite\",\"@id\":\"https:\/\/www.xiorstudenthousing.eu\/es\/#website\",\"url\":\"https:\/\/www.xiorstudenthousing.eu\/es\/\",\"name\":\"Xior Student Housing\",\"description\":\"\",\"potentialAction\":[{\"@type\":\"SearchAction\",\"target\":{\"@type\":\"EntryPoint\",\"urlTemplate\":\"https:\/\/www.xiorstudenthousing.eu\/es\/?s={search_term_string}\"},\"query-input\":{\"@type\":\"PropertyValueSpecification\",\"valueRequired\":true,\"valueName\":\"search_term_string\"}}],\"inLanguage\":\"es\"}]}<\/script>\n<!-- \/ Yoast SEO plugin. -->","yoast_head_json":{"title":"Todas las residencias Xior | Alojamientos para estudiantes en Europa | xior","description":"Explorez toutes les r\u00e9sidences \u00e9tudiantes Xior r\u00e9parties dans 8 pays et 42 villes. D\u00e9couvrez des logements s\u00fbrs et stimulants o\u00f9 les \u00e9tudiants peuvent s'\u00e9panouir et o\u00f9 les padres peuvent \u00eatre rassur\u00e9s.","robots":{"index":"index","follow":"follow","max-snippet":"max-snippet:-1","max-image-preview":"max-image-preview:large","max-video-preview":"max-video-preview:-1"},"canonical":"https:\/\/www.xiorstudenthousing.eu\/es\/all-locations\/","og_locale":"es_ES","og_type":"article","og_title":"Todas las residencias Xior | Alojamientos para estudiantes en Europa | xior","og_description":"Explorez toutes les r\u00e9sidences \u00e9tudiantes Xior r\u00e9parties dans 8 pays et 42 villes. D\u00e9couvrez des logements s\u00fbrs et stimulants o\u00f9 les \u00e9tudiants peuvent s'\u00e9panouir et o\u00f9 les padres peuvent \u00eatre rassur\u00e9s.","og_url":"https:\/\/www.xiorstudenthousing.eu\/es\/all-locations\/","og_site_name":"Xior Student Housing","article_publisher":"https:\/\/www.facebook.com\/xiorstudenthousing","article_modified_time":"2026-03-25T15:55:22+00:00","twitter_card":"summary_large_image","twitter_site":"@xiorstudent","schema":{"@context":"https:\/\/schema.org","@graph":[{"@type":"WebPage","@id":"https:\/\/www.xiorstudenthousing.eu\/es\/all-locations\/","url":"https:\/\/www.xiorstudenthousing.eu\/es\/all-locations\/","name":"Todas las residencias Xior | Alojamientos para estudiantes en Europa | xior","isPartOf":{"@id":"https:\/\/www.xiorstudenthousing.eu\/es\/#website"},"datePublished":"2026-02-22T19:25:47+00:00","dateModified":"2026-03-25T15:55:22+00:00","description":"Explorez toutes les r\u00e9sidences \u00e9tudiantes Xior r\u00e9parties dans 8 pays et 42 villes. D\u00e9couvrez des logements s\u00fbrs et stimulants o\u00f9 les \u00e9tudiants peuvent s'\u00e9panouir et o\u00f9 les padres peuvent \u00eatre rassur\u00e9s.","breadcrumb":{"@id":"https:\/\/www.xiorstudenthousing.eu\/es\/all-locations\/#breadcrumb"},"inLanguage":"es","potentialAction":[{"@type":"ReadAction","target":["https:\/\/www.xiorstudenthousing.eu\/es\/all-locations\/"]}]},{"@type":"BreadcrumbList","@id":"https:\/\/www.xiorstudenthousing.eu\/es\/all-locations\/#breadcrumb","itemListElement":[{"@type":"ListItem","position":1,"name":"Home","item":"https:\/\/www.xiorstudenthousing.eu\/es\/"},{"@type":"ListItem","position":2,"name":"Locations"}]},{"@type":"WebSite","@id":"https:\/\/www.xiorstudenthousing.eu\/es\/#website","url":"https:\/\/www.xiorstudenthousing.eu\/es\/","name":"Xior Student Housing","description":"","potentialAction":[{"@type":"SearchAction","target":{"@type":"EntryPoint","urlTemplate":"https:\/\/www.xiorstudenthousing.eu\/es\/?s={search_term_string}"},"query-input":{"@type":"PropertyValueSpecification","valueRequired":true,"valueName":"search_term_string"}}],"inLanguage":"es"}]}},"_links":{"self":[{"href":"https:\/\/www.xiorstudenthousing.eu\/es\/wp-json\/wp\/v2\/pages\/21320","targetHints":{"allow":["GET"]}}],"collection":[{"href":"https:\/\/www.xiorstudenthousing.eu\/es\/wp-json\/wp\/v2\/pages"}],"about":[{"href":"https:\/\/www.xiorstudenthousing.eu\/es\/wp-json\/wp\/v2\/types\/page"}],"author":[{"embeddable":true,"href":"https:\/\/www.xiorstudenthousing.eu\/es\/wp-json\/wp\/v2\/users\/1"}],"replies":[{"embeddable":true,"href":"https:\/\/www.xiorstudenthousing.eu\/es\/wp-json\/wp\/v2\/comments?post=21320"}],"version-history":[{"count":1,"href":"https:\/\/www.xiorstudenthousing.eu\/es\/wp-json\/wp\/v2\/pages\/21320\/revisions"}],"predecessor-version":[{"id":21332,"href":"https:\/\/www.xiorstudenthousing.eu\/es\/wp-json\/wp\/v2\/pages\/21320\/revisions\/21332"}],"wp:attachment":[{"href":"https:\/\/www.xiorstudenthousing.eu\/es\/wp-json\/wp\/v2\/media?parent=21320"}],"curies":[{"name":"wp","href":"https:\/\/api.w.org\/{rel}","templated":true}]}}