{"id":26241,"date":"2026-03-03T11:37:32","date_gmt":"2026-03-03T11:37:32","guid":{"rendered":"https:\/\/www.xiorstudenthousing.eu\/sweden\/malmo\/"},"modified":"2026-04-17T13:11:18","modified_gmt":"2026-04-17T13:11:18","slug":"malmo","status":"publish","type":"page","link":"https:\/\/www.xiorstudenthousing.eu\/es\/sweden\/malmo\/","title":{"rendered":"Malmo"},"content":{"rendered":"","protected":false},"excerpt":{"rendered":"","protected":false},"author":1,"featured_media":7144,"parent":25725,"menu_order":0,"comment_status":"closed","ping_status":"closed","template":"templates\/city-template.php","meta":{"_acf_changed":false,"footnotes":""},"class_list":["post-26241","page","type-page","status-publish","has-post-thumbnail","hentry"],"acf":[],"yoast_head":"<!-- This site is optimized with the Yoast SEO plugin v27.1.1 - https:\/\/yoast.com\/product\/yoast-seo-wordpress\/ -->\n<title>Alojamiento para estudiantes en Malm\u00f6 | Habitaciones cerca de universidades | Xior<\/title>\n<meta name=\"description\" content=\"Vive en Malm\u00f6 con el alojamiento para estudiantes Xior cerca de universidades, habitaciones modernas, wifi r\u00e1pido, espacios compartidos y vida estudiantil segura.\" \/>\n<meta name=\"robots\" content=\"index, follow, max-snippet:-1, max-image-preview:large, max-video-preview:-1\" \/>\n<link rel=\"canonical\" href=\"https:\/\/www.xiorstudenthousing.eu\/es\/sweden\/malmo\/\" \/>\n<meta property=\"og:locale\" content=\"es_ES\" \/>\n<meta property=\"og:type\" content=\"article\" \/>\n<meta property=\"og:title\" content=\"Alojamiento para estudiantes en Malm\u00f6 | Habitaciones cerca de universidades | Xior\" \/>\n<meta property=\"og:description\" content=\"Vive en Malm\u00f6 con el alojamiento para estudiantes Xior cerca de universidades, habitaciones modernas, wifi r\u00e1pido, espacios compartidos y vida estudiantil segura.\" \/>\n<meta property=\"og:url\" content=\"https:\/\/www.xiorstudenthousing.eu\/es\/sweden\/malmo\/\" \/>\n<meta property=\"og:site_name\" content=\"Xior Student Housing\" \/>\n<meta property=\"article:publisher\" content=\"https:\/\/www.facebook.com\/xiorstudenthousing\" \/>\n<meta property=\"article:modified_time\" content=\"2026-04-17T13:11:18+00:00\" \/>\n<meta property=\"og:image\" content=\"https:\/\/www.xiorstudenthousing.eu\/wp-content\/uploads\/2026\/03\/SV_Malmo_Carousel.jpg\" \/>\n\t<meta property=\"og:image:width\" content=\"675\" \/>\n\t<meta property=\"og:image:height\" content=\"900\" \/>\n\t<meta property=\"og:image:type\" content=\"image\/jpeg\" \/>\n<meta name=\"twitter:card\" content=\"summary_large_image\" \/>\n<meta name=\"twitter:site\" content=\"@xiorstudent\" \/>\n<meta name=\"twitter:label1\" content=\"Tiempo de lectura\" \/>\n\t<meta name=\"twitter:data1\" content=\"1 minuto\" \/>\n<script type=\"application\/ld+json\" class=\"yoast-schema-graph\">{\"@context\":\"https:\/\/schema.org\",\"@graph\":[{\"@type\":\"WebPage\",\"@id\":\"https:\/\/www.xiorstudenthousing.eu\/es\/sweden\/malmo\/\",\"url\":\"https:\/\/www.xiorstudenthousing.eu\/es\/sweden\/malmo\/\",\"name\":\"Alojamiento para estudiantes en Malm\u00f6 | Habitaciones cerca de universidades | Xior\",\"isPartOf\":{\"@id\":\"https:\/\/www.xiorstudenthousing.eu\/es\/#website\"},\"primaryImageOfPage\":{\"@id\":\"https:\/\/www.xiorstudenthousing.eu\/es\/sweden\/malmo\/#primaryimage\"},\"image\":{\"@id\":\"https:\/\/www.xiorstudenthousing.eu\/es\/sweden\/malmo\/#primaryimage\"},\"thumbnailUrl\":\"https:\/\/www.xiorstudenthousing.eu\/wp-content\/uploads\/2026\/03\/SV_Malmo_Carousel.jpg\",\"datePublished\":\"2026-03-03T11:37:32+00:00\",\"dateModified\":\"2026-04-17T13:11:18+00:00\",\"description\":\"Vive en Malm\u00f6 con el alojamiento para estudiantes Xior cerca de universidades, habitaciones modernas, wifi r\u00e1pido, espacios compartidos y vida estudiantil segura.\",\"breadcrumb\":{\"@id\":\"https:\/\/www.xiorstudenthousing.eu\/es\/sweden\/malmo\/#breadcrumb\"},\"inLanguage\":\"es\",\"potentialAction\":[{\"@type\":\"ReadAction\",\"target\":[\"https:\/\/www.xiorstudenthousing.eu\/es\/sweden\/malmo\/\"]}]},{\"@type\":\"ImageObject\",\"inLanguage\":\"es\",\"@id\":\"https:\/\/www.xiorstudenthousing.eu\/es\/sweden\/malmo\/#primaryimage\",\"url\":\"https:\/\/www.xiorstudenthousing.eu\/wp-content\/uploads\/2026\/03\/SV_Malmo_Carousel.jpg\",\"contentUrl\":\"https:\/\/www.xiorstudenthousing.eu\/wp-content\/uploads\/2026\/03\/SV_Malmo_Carousel.jpg\",\"width\":675,\"height\":900},{\"@type\":\"BreadcrumbList\",\"@id\":\"https:\/\/www.xiorstudenthousing.eu\/es\/sweden\/malmo\/#breadcrumb\",\"itemListElement\":[{\"@type\":\"ListItem\",\"position\":1,\"name\":\"Home\",\"item\":\"https:\/\/www.xiorstudenthousing.eu\/es\/\"},{\"@type\":\"ListItem\",\"position\":2,\"name\":\"Sweden\",\"item\":\"https:\/\/www.xiorstudenthousing.eu\/es\/sweden\/\"},{\"@type\":\"ListItem\",\"position\":3,\"name\":\"Malmo\"}]},{\"@type\":\"WebSite\",\"@id\":\"https:\/\/www.xiorstudenthousing.eu\/es\/#website\",\"url\":\"https:\/\/www.xiorstudenthousing.eu\/es\/\",\"name\":\"Xior Student Housing\",\"description\":\"\",\"potentialAction\":[{\"@type\":\"SearchAction\",\"target\":{\"@type\":\"EntryPoint\",\"urlTemplate\":\"https:\/\/www.xiorstudenthousing.eu\/es\/?s={search_term_string}\"},\"query-input\":{\"@type\":\"PropertyValueSpecification\",\"valueRequired\":true,\"valueName\":\"search_term_string\"}}],\"inLanguage\":\"es\"}]}<\/script>\n<!-- \/ Yoast SEO plugin. -->","yoast_head_json":{"title":"Alojamiento para estudiantes en Malm\u00f6 | Habitaciones cerca de universidades | Xior","description":"Vive en Malm\u00f6 con el alojamiento para estudiantes Xior cerca de universidades, habitaciones modernas, wifi r\u00e1pido, espacios compartidos y vida estudiantil segura.","robots":{"index":"index","follow":"follow","max-snippet":"max-snippet:-1","max-image-preview":"max-image-preview:large","max-video-preview":"max-video-preview:-1"},"canonical":"https:\/\/www.xiorstudenthousing.eu\/es\/sweden\/malmo\/","og_locale":"es_ES","og_type":"article","og_title":"Alojamiento para estudiantes en Malm\u00f6 | Habitaciones cerca de universidades | Xior","og_description":"Vive en Malm\u00f6 con el alojamiento para estudiantes Xior cerca de universidades, habitaciones modernas, wifi r\u00e1pido, espacios compartidos y vida estudiantil segura.","og_url":"https:\/\/www.xiorstudenthousing.eu\/es\/sweden\/malmo\/","og_site_name":"Xior Student Housing","article_publisher":"https:\/\/www.facebook.com\/xiorstudenthousing","article_modified_time":"2026-04-17T13:11:18+00:00","og_image":[{"width":675,"height":900,"url":"https:\/\/www.xiorstudenthousing.eu\/wp-content\/uploads\/2026\/03\/SV_Malmo_Carousel.jpg","type":"image\/jpeg"}],"twitter_card":"summary_large_image","twitter_site":"@xiorstudent","twitter_misc":{"Tiempo de lectura":"1 minuto"},"schema":{"@context":"https:\/\/schema.org","@graph":[{"@type":"WebPage","@id":"https:\/\/www.xiorstudenthousing.eu\/es\/sweden\/malmo\/","url":"https:\/\/www.xiorstudenthousing.eu\/es\/sweden\/malmo\/","name":"Alojamiento para estudiantes en Malm\u00f6 | Habitaciones cerca de universidades | Xior","isPartOf":{"@id":"https:\/\/www.xiorstudenthousing.eu\/es\/#website"},"primaryImageOfPage":{"@id":"https:\/\/www.xiorstudenthousing.eu\/es\/sweden\/malmo\/#primaryimage"},"image":{"@id":"https:\/\/www.xiorstudenthousing.eu\/es\/sweden\/malmo\/#primaryimage"},"thumbnailUrl":"https:\/\/www.xiorstudenthousing.eu\/wp-content\/uploads\/2026\/03\/SV_Malmo_Carousel.jpg","datePublished":"2026-03-03T11:37:32+00:00","dateModified":"2026-04-17T13:11:18+00:00","description":"Vive en Malm\u00f6 con el alojamiento para estudiantes Xior cerca de universidades, habitaciones modernas, wifi r\u00e1pido, espacios compartidos y vida estudiantil segura.","breadcrumb":{"@id":"https:\/\/www.xiorstudenthousing.eu\/es\/sweden\/malmo\/#breadcrumb"},"inLanguage":"es","potentialAction":[{"@type":"ReadAction","target":["https:\/\/www.xiorstudenthousing.eu\/es\/sweden\/malmo\/"]}]},{"@type":"ImageObject","inLanguage":"es","@id":"https:\/\/www.xiorstudenthousing.eu\/es\/sweden\/malmo\/#primaryimage","url":"https:\/\/www.xiorstudenthousing.eu\/wp-content\/uploads\/2026\/03\/SV_Malmo_Carousel.jpg","contentUrl":"https:\/\/www.xiorstudenthousing.eu\/wp-content\/uploads\/2026\/03\/SV_Malmo_Carousel.jpg","width":675,"height":900},{"@type":"BreadcrumbList","@id":"https:\/\/www.xiorstudenthousing.eu\/es\/sweden\/malmo\/#breadcrumb","itemListElement":[{"@type":"ListItem","position":1,"name":"Home","item":"https:\/\/www.xiorstudenthousing.eu\/es\/"},{"@type":"ListItem","position":2,"name":"Sweden","item":"https:\/\/www.xiorstudenthousing.eu\/es\/sweden\/"},{"@type":"ListItem","position":3,"name":"Malmo"}]},{"@type":"WebSite","@id":"https:\/\/www.xiorstudenthousing.eu\/es\/#website","url":"https:\/\/www.xiorstudenthousing.eu\/es\/","name":"Xior Student Housing","description":"","potentialAction":[{"@type":"SearchAction","target":{"@type":"EntryPoint","urlTemplate":"https:\/\/www.xiorstudenthousing.eu\/es\/?s={search_term_string}"},"query-input":{"@type":"PropertyValueSpecification","valueRequired":true,"valueName":"search_term_string"}}],"inLanguage":"es"}]}},"_links":{"self":[{"href":"https:\/\/www.xiorstudenthousing.eu\/es\/wp-json\/wp\/v2\/pages\/26241","targetHints":{"allow":["GET"]}}],"collection":[{"href":"https:\/\/www.xiorstudenthousing.eu\/es\/wp-json\/wp\/v2\/pages"}],"about":[{"href":"https:\/\/www.xiorstudenthousing.eu\/es\/wp-json\/wp\/v2\/types\/page"}],"author":[{"embeddable":true,"href":"https:\/\/www.xiorstudenthousing.eu\/es\/wp-json\/wp\/v2\/users\/1"}],"replies":[{"embeddable":true,"href":"https:\/\/www.xiorstudenthousing.eu\/es\/wp-json\/wp\/v2\/comments?post=26241"}],"version-history":[{"count":6,"href":"https:\/\/www.xiorstudenthousing.eu\/es\/wp-json\/wp\/v2\/pages\/26241\/revisions"}],"predecessor-version":[{"id":37991,"href":"https:\/\/www.xiorstudenthousing.eu\/es\/wp-json\/wp\/v2\/pages\/26241\/revisions\/37991"}],"up":[{"embeddable":true,"href":"https:\/\/www.xiorstudenthousing.eu\/es\/wp-json\/wp\/v2\/pages\/25725"}],"wp:featuredmedia":[{"embeddable":true,"href":"https:\/\/www.xiorstudenthousing.eu\/es\/wp-json\/wp\/v2\/media\/7144"}],"wp:attachment":[{"href":"https:\/\/www.xiorstudenthousing.eu\/es\/wp-json\/wp\/v2\/media?parent=26241"}],"curies":[{"name":"wp","href":"https:\/\/api.w.org\/{rel}","templated":true}]}}