{"id":30106,"date":"2026-03-16T10:50:21","date_gmt":"2026-03-16T10:50:21","guid":{"rendered":"https:\/\/www.xiorstudenthousing.eu\/parents\/"},"modified":"2026-04-07T16:49:44","modified_gmt":"2026-04-07T16:49:44","slug":"parents","status":"publish","type":"page","link":"https:\/\/www.xiorstudenthousing.eu\/es\/parents\/","title":{"rendered":"Parent Hub"},"content":{"rendered":"","protected":false},"excerpt":{"rendered":"","protected":false},"author":1,"featured_media":0,"parent":0,"menu_order":0,"comment_status":"closed","ping_status":"closed","template":"","meta":{"_acf_changed":false,"footnotes":""},"class_list":["post-30106","page","type-page","status-publish","hentry"],"acf":[],"yoast_head":"<!-- This site is optimized with the Yoast SEO plugin v27.1.1 - https:\/\/yoast.com\/product\/yoast-seo-wordpress\/ -->\n<title>Centro de atenci\u00f3n para padres | Por qu\u00e9 los padres conf\u00edan en Xior | Xior Student Housing<\/title>\n<meta name=\"description\" content=\"Tranquilidad para los padres. Xior ofrece alojamiento seguro para estudiantes con seguridad 24\/7, apoyo en residencia, espacios sociales y una comunidad s\u00f3lida para ayudar a su hijo a desarrollarse.\" \/>\n<meta name=\"robots\" content=\"index, follow, max-snippet:-1, max-image-preview:large, max-video-preview:-1\" \/>\n<link rel=\"canonical\" href=\"https:\/\/www.xiorstudenthousing.eu\/es\/parents\/\" \/>\n<meta property=\"og:locale\" content=\"es_ES\" \/>\n<meta property=\"og:type\" content=\"article\" \/>\n<meta property=\"og:title\" content=\"Centro de atenci\u00f3n para padres | Por qu\u00e9 los padres conf\u00edan en Xior | Xior Student Housing\" \/>\n<meta property=\"og:description\" content=\"Tranquilidad para los padres. Xior ofrece alojamiento seguro para estudiantes con seguridad 24\/7, apoyo en residencia, espacios sociales y una comunidad s\u00f3lida para ayudar a su hijo a desarrollarse.\" \/>\n<meta property=\"og:url\" content=\"https:\/\/www.xiorstudenthousing.eu\/es\/parents\/\" \/>\n<meta property=\"og:site_name\" content=\"Xior Student Housing\" \/>\n<meta property=\"article:publisher\" content=\"https:\/\/www.facebook.com\/xiorstudenthousing\" \/>\n<meta property=\"article:modified_time\" content=\"2026-04-07T16:49:44+00:00\" \/>\n<meta name=\"twitter:card\" content=\"summary_large_image\" \/>\n<meta name=\"twitter:site\" content=\"@xiorstudent\" \/>\n<script type=\"application\/ld+json\" class=\"yoast-schema-graph\">{\"@context\":\"https:\/\/schema.org\",\"@graph\":[{\"@type\":\"WebPage\",\"@id\":\"https:\/\/www.xiorstudenthousing.eu\/es\/parents\/\",\"url\":\"https:\/\/www.xiorstudenthousing.eu\/es\/parents\/\",\"name\":\"Centro de atenci\u00f3n para padres | Por qu\u00e9 los padres conf\u00edan en Xior | Xior Student Housing\",\"isPartOf\":{\"@id\":\"https:\/\/www.xiorstudenthousing.eu\/es\/#website\"},\"datePublished\":\"2026-03-16T10:50:21+00:00\",\"dateModified\":\"2026-04-07T16:49:44+00:00\",\"description\":\"Tranquilidad para los padres. Xior ofrece alojamiento seguro para estudiantes con seguridad 24\/7, apoyo en residencia, espacios sociales y una comunidad s\u00f3lida para ayudar a su hijo a desarrollarse.\",\"breadcrumb\":{\"@id\":\"https:\/\/www.xiorstudenthousing.eu\/es\/parents\/#breadcrumb\"},\"inLanguage\":\"es\",\"potentialAction\":[{\"@type\":\"ReadAction\",\"target\":[\"https:\/\/www.xiorstudenthousing.eu\/es\/parents\/\"]}]},{\"@type\":\"BreadcrumbList\",\"@id\":\"https:\/\/www.xiorstudenthousing.eu\/es\/parents\/#breadcrumb\",\"itemListElement\":[{\"@type\":\"ListItem\",\"position\":1,\"name\":\"Home\",\"item\":\"https:\/\/www.xiorstudenthousing.eu\/es\/\"},{\"@type\":\"ListItem\",\"position\":2,\"name\":\"Parent Hub\"}]},{\"@type\":\"WebSite\",\"@id\":\"https:\/\/www.xiorstudenthousing.eu\/es\/#website\",\"url\":\"https:\/\/www.xiorstudenthousing.eu\/es\/\",\"name\":\"Xior Student Housing\",\"description\":\"\",\"potentialAction\":[{\"@type\":\"SearchAction\",\"target\":{\"@type\":\"EntryPoint\",\"urlTemplate\":\"https:\/\/www.xiorstudenthousing.eu\/es\/?s={search_term_string}\"},\"query-input\":{\"@type\":\"PropertyValueSpecification\",\"valueRequired\":true,\"valueName\":\"search_term_string\"}}],\"inLanguage\":\"es\"}]}<\/script>\n<!-- \/ Yoast SEO plugin. -->","yoast_head_json":{"title":"Centro de atenci\u00f3n para padres | Por qu\u00e9 los padres conf\u00edan en Xior | Xior Student Housing","description":"Tranquilidad para los padres. Xior ofrece alojamiento seguro para estudiantes con seguridad 24\/7, apoyo en residencia, espacios sociales y una comunidad s\u00f3lida para ayudar a su hijo a desarrollarse.","robots":{"index":"index","follow":"follow","max-snippet":"max-snippet:-1","max-image-preview":"max-image-preview:large","max-video-preview":"max-video-preview:-1"},"canonical":"https:\/\/www.xiorstudenthousing.eu\/es\/parents\/","og_locale":"es_ES","og_type":"article","og_title":"Centro de atenci\u00f3n para padres | Por qu\u00e9 los padres conf\u00edan en Xior | Xior Student Housing","og_description":"Tranquilidad para los padres. Xior ofrece alojamiento seguro para estudiantes con seguridad 24\/7, apoyo en residencia, espacios sociales y una comunidad s\u00f3lida para ayudar a su hijo a desarrollarse.","og_url":"https:\/\/www.xiorstudenthousing.eu\/es\/parents\/","og_site_name":"Xior Student Housing","article_publisher":"https:\/\/www.facebook.com\/xiorstudenthousing","article_modified_time":"2026-04-07T16:49:44+00:00","twitter_card":"summary_large_image","twitter_site":"@xiorstudent","schema":{"@context":"https:\/\/schema.org","@graph":[{"@type":"WebPage","@id":"https:\/\/www.xiorstudenthousing.eu\/es\/parents\/","url":"https:\/\/www.xiorstudenthousing.eu\/es\/parents\/","name":"Centro de atenci\u00f3n para padres | Por qu\u00e9 los padres conf\u00edan en Xior | Xior Student Housing","isPartOf":{"@id":"https:\/\/www.xiorstudenthousing.eu\/es\/#website"},"datePublished":"2026-03-16T10:50:21+00:00","dateModified":"2026-04-07T16:49:44+00:00","description":"Tranquilidad para los padres. Xior ofrece alojamiento seguro para estudiantes con seguridad 24\/7, apoyo en residencia, espacios sociales y una comunidad s\u00f3lida para ayudar a su hijo a desarrollarse.","breadcrumb":{"@id":"https:\/\/www.xiorstudenthousing.eu\/es\/parents\/#breadcrumb"},"inLanguage":"es","potentialAction":[{"@type":"ReadAction","target":["https:\/\/www.xiorstudenthousing.eu\/es\/parents\/"]}]},{"@type":"BreadcrumbList","@id":"https:\/\/www.xiorstudenthousing.eu\/es\/parents\/#breadcrumb","itemListElement":[{"@type":"ListItem","position":1,"name":"Home","item":"https:\/\/www.xiorstudenthousing.eu\/es\/"},{"@type":"ListItem","position":2,"name":"Parent Hub"}]},{"@type":"WebSite","@id":"https:\/\/www.xiorstudenthousing.eu\/es\/#website","url":"https:\/\/www.xiorstudenthousing.eu\/es\/","name":"Xior Student Housing","description":"","potentialAction":[{"@type":"SearchAction","target":{"@type":"EntryPoint","urlTemplate":"https:\/\/www.xiorstudenthousing.eu\/es\/?s={search_term_string}"},"query-input":{"@type":"PropertyValueSpecification","valueRequired":true,"valueName":"search_term_string"}}],"inLanguage":"es"}]}},"_links":{"self":[{"href":"https:\/\/www.xiorstudenthousing.eu\/es\/wp-json\/wp\/v2\/pages\/30106","targetHints":{"allow":["GET"]}}],"collection":[{"href":"https:\/\/www.xiorstudenthousing.eu\/es\/wp-json\/wp\/v2\/pages"}],"about":[{"href":"https:\/\/www.xiorstudenthousing.eu\/es\/wp-json\/wp\/v2\/types\/page"}],"author":[{"embeddable":true,"href":"https:\/\/www.xiorstudenthousing.eu\/es\/wp-json\/wp\/v2\/users\/1"}],"replies":[{"embeddable":true,"href":"https:\/\/www.xiorstudenthousing.eu\/es\/wp-json\/wp\/v2\/comments?post=30106"}],"version-history":[{"count":5,"href":"https:\/\/www.xiorstudenthousing.eu\/es\/wp-json\/wp\/v2\/pages\/30106\/revisions"}],"predecessor-version":[{"id":33904,"href":"https:\/\/www.xiorstudenthousing.eu\/es\/wp-json\/wp\/v2\/pages\/30106\/revisions\/33904"}],"wp:attachment":[{"href":"https:\/\/www.xiorstudenthousing.eu\/es\/wp-json\/wp\/v2\/media?parent=30106"}],"curies":[{"name":"wp","href":"https:\/\/api.w.org\/{rel}","templated":true}]}}