{"id":37300,"date":"2026-03-04T18:37:25","date_gmt":"2026-03-04T18:37:25","guid":{"rendered":"https:\/\/www.xiorstudenthousing.eu\/lodz-rewolucji-student-accommodation\/"},"modified":"2026-04-21T16:36:43","modified_gmt":"2026-04-21T16:36:43","slug":"lodz-rewolucji-student-accommodation","status":"publish","type":"page","link":"https:\/\/www.xiorstudenthousing.eu\/es\/poland\/lodz\/lodz-rewolucji-student-accommodation\/","title":{"rendered":"Basecamp by Xior \u0141\u00f3d\u017a Rewolucji"},"content":{"rendered":"","protected":false},"excerpt":{"rendered":"","protected":false},"author":1,"featured_media":0,"parent":37809,"menu_order":0,"comment_status":"closed","ping_status":"closed","template":"templates\/property-template.php","meta":{"_acf_changed":false,"footnotes":""},"class_list":["post-37300","page","type-page","status-publish","hentry"],"acf":[],"yoast_head":"<!-- This site is optimized with the Yoast SEO plugin v27.1.1 - https:\/\/yoast.com\/product\/yoast-seo-wordpress\/ -->\n<title>Alojamiento para estudiantes en \u0141\u00f3d\u017a Rewolucji | Campo base de Xior \u0141\u00f3d\u017a I | xior<\/title>\n<meta name=\"description\" content=\"La residencia para estudiantes Basecamp by Xior \u0141\u00f3d\u017a I cuenta con habitaciones modernas, wifi r\u00e1pido, \u00e1reas de estudio y una vida segura en una ubicaci\u00f3n conveniente para estudiantes.\" \/>\n<meta name=\"robots\" content=\"index, follow, max-snippet:-1, max-image-preview:large, max-video-preview:-1\" \/>\n<link rel=\"canonical\" href=\"https:\/\/www.xiorstudenthousing.eu\/es\/poland\/lodz\/lodz-rewolucji-student-accommodation\/\" \/>\n<meta property=\"og:locale\" content=\"es_ES\" \/>\n<meta property=\"og:type\" content=\"article\" \/>\n<meta property=\"og:title\" content=\"Alojamiento para estudiantes en \u0141\u00f3d\u017a Rewolucji | Campo base de Xior \u0141\u00f3d\u017a I | xior\" \/>\n<meta property=\"og:description\" content=\"La residencia para estudiantes Basecamp by Xior \u0141\u00f3d\u017a I cuenta con habitaciones modernas, wifi r\u00e1pido, \u00e1reas de estudio y una vida segura en una ubicaci\u00f3n conveniente para estudiantes.\" \/>\n<meta property=\"og:url\" content=\"https:\/\/www.xiorstudenthousing.eu\/es\/poland\/lodz\/lodz-rewolucji-student-accommodation\/\" \/>\n<meta property=\"og:site_name\" content=\"Xior Student Housing\" \/>\n<meta property=\"article:publisher\" content=\"https:\/\/www.facebook.com\/xiorstudenthousing\" \/>\n<meta property=\"article:modified_time\" content=\"2026-04-21T16:36:43+00:00\" \/>\n<meta name=\"twitter:card\" content=\"summary_large_image\" \/>\n<meta name=\"twitter:site\" content=\"@xiorstudent\" \/>\n<script type=\"application\/ld+json\" class=\"yoast-schema-graph\">{\"@context\":\"https:\/\/schema.org\",\"@graph\":[{\"@type\":\"WebPage\",\"@id\":\"https:\/\/www.xiorstudenthousing.eu\/es\/poland\/lodz\/lodz-rewolucji-student-accommodation\/\",\"url\":\"https:\/\/www.xiorstudenthousing.eu\/es\/poland\/lodz\/lodz-rewolucji-student-accommodation\/\",\"name\":\"Alojamiento para estudiantes en \u0141\u00f3d\u017a Rewolucji | Campo base de Xior \u0141\u00f3d\u017a I | xior\",\"isPartOf\":{\"@id\":\"https:\/\/www.xiorstudenthousing.eu\/es\/#website\"},\"datePublished\":\"2026-03-04T18:37:25+00:00\",\"dateModified\":\"2026-04-21T16:36:43+00:00\",\"description\":\"La residencia para estudiantes Basecamp by Xior \u0141\u00f3d\u017a I cuenta con habitaciones modernas, wifi r\u00e1pido, \u00e1reas de estudio y una vida segura en una ubicaci\u00f3n conveniente para estudiantes.\",\"breadcrumb\":{\"@id\":\"https:\/\/www.xiorstudenthousing.eu\/es\/poland\/lodz\/lodz-rewolucji-student-accommodation\/#breadcrumb\"},\"inLanguage\":\"es\",\"potentialAction\":[{\"@type\":\"ReadAction\",\"target\":[\"https:\/\/www.xiorstudenthousing.eu\/es\/poland\/lodz\/lodz-rewolucji-student-accommodation\/\"]}]},{\"@type\":\"BreadcrumbList\",\"@id\":\"https:\/\/www.xiorstudenthousing.eu\/es\/poland\/lodz\/lodz-rewolucji-student-accommodation\/#breadcrumb\",\"itemListElement\":[{\"@type\":\"ListItem\",\"position\":1,\"name\":\"Home\",\"item\":\"https:\/\/www.xiorstudenthousing.eu\/es\/\"},{\"@type\":\"ListItem\",\"position\":2,\"name\":\"Poland\",\"item\":\"https:\/\/www.xiorstudenthousing.eu\/es\/poland\/\"},{\"@type\":\"ListItem\",\"position\":3,\"name\":\"\u0141\u00f3d\u017a\",\"item\":\"https:\/\/www.xiorstudenthousing.eu\/es\/poland\/lodz\/\"},{\"@type\":\"ListItem\",\"position\":4,\"name\":\"Basecamp by Xior \u0141\u00f3d\u017a Rewolucji\"}]},{\"@type\":\"WebSite\",\"@id\":\"https:\/\/www.xiorstudenthousing.eu\/es\/#website\",\"url\":\"https:\/\/www.xiorstudenthousing.eu\/es\/\",\"name\":\"Xior Student Housing\",\"description\":\"\",\"potentialAction\":[{\"@type\":\"SearchAction\",\"target\":{\"@type\":\"EntryPoint\",\"urlTemplate\":\"https:\/\/www.xiorstudenthousing.eu\/es\/?s={search_term_string}\"},\"query-input\":{\"@type\":\"PropertyValueSpecification\",\"valueRequired\":true,\"valueName\":\"search_term_string\"}}],\"inLanguage\":\"es\"}]}<\/script>\n<!-- \/ Yoast SEO plugin. -->","yoast_head_json":{"title":"Alojamiento para estudiantes en \u0141\u00f3d\u017a Rewolucji | Campo base de Xior \u0141\u00f3d\u017a I | xior","description":"La residencia para estudiantes Basecamp by Xior \u0141\u00f3d\u017a I cuenta con habitaciones modernas, wifi r\u00e1pido, \u00e1reas de estudio y una vida segura en una ubicaci\u00f3n conveniente para estudiantes.","robots":{"index":"index","follow":"follow","max-snippet":"max-snippet:-1","max-image-preview":"max-image-preview:large","max-video-preview":"max-video-preview:-1"},"canonical":"https:\/\/www.xiorstudenthousing.eu\/es\/poland\/lodz\/lodz-rewolucji-student-accommodation\/","og_locale":"es_ES","og_type":"article","og_title":"Alojamiento para estudiantes en \u0141\u00f3d\u017a Rewolucji | Campo base de Xior \u0141\u00f3d\u017a I | xior","og_description":"La residencia para estudiantes Basecamp by Xior \u0141\u00f3d\u017a I cuenta con habitaciones modernas, wifi r\u00e1pido, \u00e1reas de estudio y una vida segura en una ubicaci\u00f3n conveniente para estudiantes.","og_url":"https:\/\/www.xiorstudenthousing.eu\/es\/poland\/lodz\/lodz-rewolucji-student-accommodation\/","og_site_name":"Xior Student Housing","article_publisher":"https:\/\/www.facebook.com\/xiorstudenthousing","article_modified_time":"2026-04-21T16:36:43+00:00","twitter_card":"summary_large_image","twitter_site":"@xiorstudent","schema":{"@context":"https:\/\/schema.org","@graph":[{"@type":"WebPage","@id":"https:\/\/www.xiorstudenthousing.eu\/es\/poland\/lodz\/lodz-rewolucji-student-accommodation\/","url":"https:\/\/www.xiorstudenthousing.eu\/es\/poland\/lodz\/lodz-rewolucji-student-accommodation\/","name":"Alojamiento para estudiantes en \u0141\u00f3d\u017a Rewolucji | Campo base de Xior \u0141\u00f3d\u017a I | xior","isPartOf":{"@id":"https:\/\/www.xiorstudenthousing.eu\/es\/#website"},"datePublished":"2026-03-04T18:37:25+00:00","dateModified":"2026-04-21T16:36:43+00:00","description":"La residencia para estudiantes Basecamp by Xior \u0141\u00f3d\u017a I cuenta con habitaciones modernas, wifi r\u00e1pido, \u00e1reas de estudio y una vida segura en una ubicaci\u00f3n conveniente para estudiantes.","breadcrumb":{"@id":"https:\/\/www.xiorstudenthousing.eu\/es\/poland\/lodz\/lodz-rewolucji-student-accommodation\/#breadcrumb"},"inLanguage":"es","potentialAction":[{"@type":"ReadAction","target":["https:\/\/www.xiorstudenthousing.eu\/es\/poland\/lodz\/lodz-rewolucji-student-accommodation\/"]}]},{"@type":"BreadcrumbList","@id":"https:\/\/www.xiorstudenthousing.eu\/es\/poland\/lodz\/lodz-rewolucji-student-accommodation\/#breadcrumb","itemListElement":[{"@type":"ListItem","position":1,"name":"Home","item":"https:\/\/www.xiorstudenthousing.eu\/es\/"},{"@type":"ListItem","position":2,"name":"Poland","item":"https:\/\/www.xiorstudenthousing.eu\/es\/poland\/"},{"@type":"ListItem","position":3,"name":"\u0141\u00f3d\u017a","item":"https:\/\/www.xiorstudenthousing.eu\/es\/poland\/lodz\/"},{"@type":"ListItem","position":4,"name":"Basecamp by Xior \u0141\u00f3d\u017a Rewolucji"}]},{"@type":"WebSite","@id":"https:\/\/www.xiorstudenthousing.eu\/es\/#website","url":"https:\/\/www.xiorstudenthousing.eu\/es\/","name":"Xior Student Housing","description":"","potentialAction":[{"@type":"SearchAction","target":{"@type":"EntryPoint","urlTemplate":"https:\/\/www.xiorstudenthousing.eu\/es\/?s={search_term_string}"},"query-input":{"@type":"PropertyValueSpecification","valueRequired":true,"valueName":"search_term_string"}}],"inLanguage":"es"}]}},"_links":{"self":[{"href":"https:\/\/www.xiorstudenthousing.eu\/es\/wp-json\/wp\/v2\/pages\/37300","targetHints":{"allow":["GET"]}}],"collection":[{"href":"https:\/\/www.xiorstudenthousing.eu\/es\/wp-json\/wp\/v2\/pages"}],"about":[{"href":"https:\/\/www.xiorstudenthousing.eu\/es\/wp-json\/wp\/v2\/types\/page"}],"author":[{"embeddable":true,"href":"https:\/\/www.xiorstudenthousing.eu\/es\/wp-json\/wp\/v2\/users\/1"}],"replies":[{"embeddable":true,"href":"https:\/\/www.xiorstudenthousing.eu\/es\/wp-json\/wp\/v2\/comments?post=37300"}],"version-history":[{"count":3,"href":"https:\/\/www.xiorstudenthousing.eu\/es\/wp-json\/wp\/v2\/pages\/37300\/revisions"}],"predecessor-version":[{"id":38648,"href":"https:\/\/www.xiorstudenthousing.eu\/es\/wp-json\/wp\/v2\/pages\/37300\/revisions\/38648"}],"up":[{"embeddable":true,"href":"https:\/\/www.xiorstudenthousing.eu\/es\/wp-json\/wp\/v2\/pages\/37809"}],"wp:attachment":[{"href":"https:\/\/www.xiorstudenthousing.eu\/es\/wp-json\/wp\/v2\/media?parent=37300"}],"curies":[{"name":"wp","href":"https:\/\/api.w.org\/{rel}","templated":true}]}}