{"id":37416,"date":"2026-03-04T18:37:25","date_gmt":"2026-03-04T18:37:25","guid":{"rendered":"https:\/\/www.xiorstudenthousing.eu\/warsaw-wenedow-student-accommodation\/"},"modified":"2026-04-21T16:39:34","modified_gmt":"2026-04-21T16:39:34","slug":"warsaw-wenedow-student-accommodation","status":"publish","type":"page","link":"https:\/\/www.xiorstudenthousing.eu\/es\/poland\/warsaw\/warsaw-wenedow-student-accommodation\/","title":{"rendered":"Warsaw Wenedow"},"content":{"rendered":"","protected":false},"excerpt":{"rendered":"","protected":false},"author":1,"featured_media":0,"parent":37865,"menu_order":0,"comment_status":"closed","ping_status":"closed","template":"templates\/property-template.php","meta":{"_acf_changed":false,"footnotes":""},"class_list":["post-37416","page","type-page","status-publish","hentry"],"acf":[],"yoast_head":"<!-- This site is optimized with the Yoast SEO plugin v27.1.1 - https:\/\/yoast.com\/product\/yoast-seo-wordpress\/ -->\n<title>Alojamiento para estudiantes en Varsovia | Varsovia Wenedow | Xior<\/title>\n<meta name=\"description\" content=\"El alojamiento para estudiantes Varsovia Wenedow ofrece habitaciones privadas, wifi r\u00e1pido, espacios compartidos y acceso seguro en una ubicaci\u00f3n c\u00e9ntrica ideal para estudiantes.\" \/>\n<meta name=\"robots\" content=\"index, follow, max-snippet:-1, max-image-preview:large, max-video-preview:-1\" \/>\n<link rel=\"canonical\" href=\"https:\/\/www.xiorstudenthousing.eu\/es\/poland\/warsaw\/warsaw-wenedow-student-accommodation\/\" \/>\n<meta property=\"og:locale\" content=\"es_ES\" \/>\n<meta property=\"og:type\" content=\"article\" \/>\n<meta property=\"og:title\" content=\"Alojamiento para estudiantes en Varsovia | Varsovia Wenedow | Xior\" \/>\n<meta property=\"og:description\" content=\"El alojamiento para estudiantes Varsovia Wenedow ofrece habitaciones privadas, wifi r\u00e1pido, espacios compartidos y acceso seguro en una ubicaci\u00f3n c\u00e9ntrica ideal para estudiantes.\" \/>\n<meta property=\"og:url\" content=\"https:\/\/www.xiorstudenthousing.eu\/es\/poland\/warsaw\/warsaw-wenedow-student-accommodation\/\" \/>\n<meta property=\"og:site_name\" content=\"Xior Student Housing\" \/>\n<meta property=\"article:publisher\" content=\"https:\/\/www.facebook.com\/xiorstudenthousing\" \/>\n<meta property=\"article:modified_time\" content=\"2026-04-21T16:39:34+00:00\" \/>\n<meta name=\"twitter:card\" content=\"summary_large_image\" \/>\n<meta name=\"twitter:site\" content=\"@xiorstudent\" \/>\n<script type=\"application\/ld+json\" class=\"yoast-schema-graph\">{\"@context\":\"https:\/\/schema.org\",\"@graph\":[{\"@type\":\"WebPage\",\"@id\":\"https:\/\/www.xiorstudenthousing.eu\/es\/poland\/warsaw\/warsaw-wenedow-student-accommodation\/\",\"url\":\"https:\/\/www.xiorstudenthousing.eu\/es\/poland\/warsaw\/warsaw-wenedow-student-accommodation\/\",\"name\":\"Alojamiento para estudiantes en Varsovia | Varsovia Wenedow | Xior\",\"isPartOf\":{\"@id\":\"https:\/\/www.xiorstudenthousing.eu\/es\/#website\"},\"datePublished\":\"2026-03-04T18:37:25+00:00\",\"dateModified\":\"2026-04-21T16:39:34+00:00\",\"description\":\"El alojamiento para estudiantes Varsovia Wenedow ofrece habitaciones privadas, wifi r\u00e1pido, espacios compartidos y acceso seguro en una ubicaci\u00f3n c\u00e9ntrica ideal para estudiantes.\",\"breadcrumb\":{\"@id\":\"https:\/\/www.xiorstudenthousing.eu\/es\/poland\/warsaw\/warsaw-wenedow-student-accommodation\/#breadcrumb\"},\"inLanguage\":\"es\",\"potentialAction\":[{\"@type\":\"ReadAction\",\"target\":[\"https:\/\/www.xiorstudenthousing.eu\/es\/poland\/warsaw\/warsaw-wenedow-student-accommodation\/\"]}]},{\"@type\":\"BreadcrumbList\",\"@id\":\"https:\/\/www.xiorstudenthousing.eu\/es\/poland\/warsaw\/warsaw-wenedow-student-accommodation\/#breadcrumb\",\"itemListElement\":[{\"@type\":\"ListItem\",\"position\":1,\"name\":\"Home\",\"item\":\"https:\/\/www.xiorstudenthousing.eu\/es\/\"},{\"@type\":\"ListItem\",\"position\":2,\"name\":\"Poland\",\"item\":\"https:\/\/www.xiorstudenthousing.eu\/es\/poland\/\"},{\"@type\":\"ListItem\",\"position\":3,\"name\":\"Warsaw\",\"item\":\"https:\/\/www.xiorstudenthousing.eu\/es\/poland\/warsaw\/\"},{\"@type\":\"ListItem\",\"position\":4,\"name\":\"Warsaw Wenedow\"}]},{\"@type\":\"WebSite\",\"@id\":\"https:\/\/www.xiorstudenthousing.eu\/es\/#website\",\"url\":\"https:\/\/www.xiorstudenthousing.eu\/es\/\",\"name\":\"Xior Student Housing\",\"description\":\"\",\"potentialAction\":[{\"@type\":\"SearchAction\",\"target\":{\"@type\":\"EntryPoint\",\"urlTemplate\":\"https:\/\/www.xiorstudenthousing.eu\/es\/?s={search_term_string}\"},\"query-input\":{\"@type\":\"PropertyValueSpecification\",\"valueRequired\":true,\"valueName\":\"search_term_string\"}}],\"inLanguage\":\"es\"}]}<\/script>\n<!-- \/ Yoast SEO plugin. -->","yoast_head_json":{"title":"Alojamiento para estudiantes en Varsovia | Varsovia Wenedow | Xior","description":"El alojamiento para estudiantes Varsovia Wenedow ofrece habitaciones privadas, wifi r\u00e1pido, espacios compartidos y acceso seguro en una ubicaci\u00f3n c\u00e9ntrica ideal para estudiantes.","robots":{"index":"index","follow":"follow","max-snippet":"max-snippet:-1","max-image-preview":"max-image-preview:large","max-video-preview":"max-video-preview:-1"},"canonical":"https:\/\/www.xiorstudenthousing.eu\/es\/poland\/warsaw\/warsaw-wenedow-student-accommodation\/","og_locale":"es_ES","og_type":"article","og_title":"Alojamiento para estudiantes en Varsovia | Varsovia Wenedow | Xior","og_description":"El alojamiento para estudiantes Varsovia Wenedow ofrece habitaciones privadas, wifi r\u00e1pido, espacios compartidos y acceso seguro en una ubicaci\u00f3n c\u00e9ntrica ideal para estudiantes.","og_url":"https:\/\/www.xiorstudenthousing.eu\/es\/poland\/warsaw\/warsaw-wenedow-student-accommodation\/","og_site_name":"Xior Student Housing","article_publisher":"https:\/\/www.facebook.com\/xiorstudenthousing","article_modified_time":"2026-04-21T16:39:34+00:00","twitter_card":"summary_large_image","twitter_site":"@xiorstudent","schema":{"@context":"https:\/\/schema.org","@graph":[{"@type":"WebPage","@id":"https:\/\/www.xiorstudenthousing.eu\/es\/poland\/warsaw\/warsaw-wenedow-student-accommodation\/","url":"https:\/\/www.xiorstudenthousing.eu\/es\/poland\/warsaw\/warsaw-wenedow-student-accommodation\/","name":"Alojamiento para estudiantes en Varsovia | Varsovia Wenedow | Xior","isPartOf":{"@id":"https:\/\/www.xiorstudenthousing.eu\/es\/#website"},"datePublished":"2026-03-04T18:37:25+00:00","dateModified":"2026-04-21T16:39:34+00:00","description":"El alojamiento para estudiantes Varsovia Wenedow ofrece habitaciones privadas, wifi r\u00e1pido, espacios compartidos y acceso seguro en una ubicaci\u00f3n c\u00e9ntrica ideal para estudiantes.","breadcrumb":{"@id":"https:\/\/www.xiorstudenthousing.eu\/es\/poland\/warsaw\/warsaw-wenedow-student-accommodation\/#breadcrumb"},"inLanguage":"es","potentialAction":[{"@type":"ReadAction","target":["https:\/\/www.xiorstudenthousing.eu\/es\/poland\/warsaw\/warsaw-wenedow-student-accommodation\/"]}]},{"@type":"BreadcrumbList","@id":"https:\/\/www.xiorstudenthousing.eu\/es\/poland\/warsaw\/warsaw-wenedow-student-accommodation\/#breadcrumb","itemListElement":[{"@type":"ListItem","position":1,"name":"Home","item":"https:\/\/www.xiorstudenthousing.eu\/es\/"},{"@type":"ListItem","position":2,"name":"Poland","item":"https:\/\/www.xiorstudenthousing.eu\/es\/poland\/"},{"@type":"ListItem","position":3,"name":"Warsaw","item":"https:\/\/www.xiorstudenthousing.eu\/es\/poland\/warsaw\/"},{"@type":"ListItem","position":4,"name":"Warsaw Wenedow"}]},{"@type":"WebSite","@id":"https:\/\/www.xiorstudenthousing.eu\/es\/#website","url":"https:\/\/www.xiorstudenthousing.eu\/es\/","name":"Xior Student Housing","description":"","potentialAction":[{"@type":"SearchAction","target":{"@type":"EntryPoint","urlTemplate":"https:\/\/www.xiorstudenthousing.eu\/es\/?s={search_term_string}"},"query-input":{"@type":"PropertyValueSpecification","valueRequired":true,"valueName":"search_term_string"}}],"inLanguage":"es"}]}},"_links":{"self":[{"href":"https:\/\/www.xiorstudenthousing.eu\/es\/wp-json\/wp\/v2\/pages\/37416","targetHints":{"allow":["GET"]}}],"collection":[{"href":"https:\/\/www.xiorstudenthousing.eu\/es\/wp-json\/wp\/v2\/pages"}],"about":[{"href":"https:\/\/www.xiorstudenthousing.eu\/es\/wp-json\/wp\/v2\/types\/page"}],"author":[{"embeddable":true,"href":"https:\/\/www.xiorstudenthousing.eu\/es\/wp-json\/wp\/v2\/users\/1"}],"replies":[{"embeddable":true,"href":"https:\/\/www.xiorstudenthousing.eu\/es\/wp-json\/wp\/v2\/comments?post=37416"}],"version-history":[{"count":4,"href":"https:\/\/www.xiorstudenthousing.eu\/es\/wp-json\/wp\/v2\/pages\/37416\/revisions"}],"predecessor-version":[{"id":38653,"href":"https:\/\/www.xiorstudenthousing.eu\/es\/wp-json\/wp\/v2\/pages\/37416\/revisions\/38653"}],"up":[{"embeddable":true,"href":"https:\/\/www.xiorstudenthousing.eu\/es\/wp-json\/wp\/v2\/pages\/37865"}],"wp:attachment":[{"href":"https:\/\/www.xiorstudenthousing.eu\/es\/wp-json\/wp\/v2\/media?parent=37416"}],"curies":[{"name":"wp","href":"https:\/\/api.w.org\/{rel}","templated":true}]}}