{"id":13545,"date":"2026-03-04T18:37:26","date_gmt":"2026-03-04T18:37:26","guid":{"rendered":"https:\/\/www.xiorstudenthousing.eu\/3-eiken-student-accommodation\/"},"modified":"2026-04-21T13:26:23","modified_gmt":"2026-04-21T13:26:23","slug":"3-eiken-student-accommodation","status":"publish","type":"page","link":"https:\/\/www.xiorstudenthousing.eu\/fr\/belgium\/antwerp\/3-eiken-student-accommodation\/","title":{"rendered":"3 Eiken"},"content":{"rendered":"","protected":false},"excerpt":{"rendered":"","protected":false},"author":1,"featured_media":0,"parent":13617,"menu_order":0,"comment_status":"closed","ping_status":"closed","template":"templates\/property-template.php","meta":{"_acf_changed":false,"footnotes":""},"class_list":["post-13545","page","type-page","status-publish","hentry"],"acf":[],"yoast_head":"<!-- This site is optimized with the Yoast SEO plugin v27.1.1 - https:\/\/yoast.com\/product\/yoast-seo-wordpress\/ -->\n<title>Logement \u00e9tudiant \u00e0 Anvers | 3 Eiken | Xior<\/title>\n<meta name=\"description\" content=\"3 Eiken student accommodation in Antwerp La r\u00e9sidence \u00e9tudiante 3 Eiken \u00e0 Anvers propose des chambres priv\u00e9es modernes, une connexion wifi rapide, des espaces partag\u00e9s et un acc\u00e8s s\u00e9curis\u00e9 dans un quartier \u00e9tudiant bien desservi.modern private rooms, fast wifi, shared spaces and secure access in a well-connected student area.\" \/>\n<meta name=\"robots\" content=\"index, follow, max-snippet:-1, max-image-preview:large, max-video-preview:-1\" \/>\n<link rel=\"canonical\" href=\"https:\/\/www.xiorstudenthousing.eu\/fr\/belgium\/antwerp\/3-eiken-student-accommodation\/\" \/>\n<meta property=\"og:locale\" content=\"fr_FR\" \/>\n<meta property=\"og:type\" content=\"article\" \/>\n<meta property=\"og:title\" content=\"Logement \u00e9tudiant \u00e0 Anvers | 3 Eiken | Xior\" \/>\n<meta property=\"og:description\" content=\"3 Eiken student accommodation in Antwerp La r\u00e9sidence \u00e9tudiante 3 Eiken \u00e0 Anvers propose des chambres priv\u00e9es modernes, une connexion wifi rapide, des espaces partag\u00e9s et un acc\u00e8s s\u00e9curis\u00e9 dans un quartier \u00e9tudiant bien desservi.modern private rooms, fast wifi, shared spaces and secure access in a well-connected student area.\" \/>\n<meta property=\"og:url\" content=\"https:\/\/www.xiorstudenthousing.eu\/fr\/belgium\/antwerp\/3-eiken-student-accommodation\/\" \/>\n<meta property=\"og:site_name\" content=\"Xior Student Housing\" \/>\n<meta property=\"article:publisher\" content=\"https:\/\/www.facebook.com\/xiorstudenthousing\" \/>\n<meta property=\"article:modified_time\" content=\"2026-04-21T13:26:23+00:00\" \/>\n<meta name=\"twitter:card\" content=\"summary_large_image\" \/>\n<meta name=\"twitter:site\" content=\"@xiorstudent\" \/>\n<script type=\"application\/ld+json\" class=\"yoast-schema-graph\">{\"@context\":\"https:\/\/schema.org\",\"@graph\":[{\"@type\":\"WebPage\",\"@id\":\"https:\/\/www.xiorstudenthousing.eu\/fr\/belgium\/antwerp\/3-eiken-student-accommodation\/\",\"url\":\"https:\/\/www.xiorstudenthousing.eu\/fr\/belgium\/antwerp\/3-eiken-student-accommodation\/\",\"name\":\"Logement \u00e9tudiant \u00e0 Anvers | 3 Eiken | Xior\",\"isPartOf\":{\"@id\":\"https:\/\/www.xiorstudenthousing.eu\/fr\/#website\"},\"datePublished\":\"2026-03-04T18:37:26+00:00\",\"dateModified\":\"2026-04-21T13:26:23+00:00\",\"description\":\"3 Eiken student accommodation in Antwerp La r\u00e9sidence \u00e9tudiante 3 Eiken \u00e0 Anvers propose des chambres priv\u00e9es modernes, une connexion wifi rapide, des espaces partag\u00e9s et un acc\u00e8s s\u00e9curis\u00e9 dans un quartier \u00e9tudiant bien desservi.modern private rooms, fast wifi, shared spaces and secure access in a well-connected student area.\",\"breadcrumb\":{\"@id\":\"https:\/\/www.xiorstudenthousing.eu\/fr\/belgium\/antwerp\/3-eiken-student-accommodation\/#breadcrumb\"},\"inLanguage\":\"fr-FR\",\"potentialAction\":[{\"@type\":\"ReadAction\",\"target\":[\"https:\/\/www.xiorstudenthousing.eu\/fr\/belgium\/antwerp\/3-eiken-student-accommodation\/\"]}]},{\"@type\":\"BreadcrumbList\",\"@id\":\"https:\/\/www.xiorstudenthousing.eu\/fr\/belgium\/antwerp\/3-eiken-student-accommodation\/#breadcrumb\",\"itemListElement\":[{\"@type\":\"ListItem\",\"position\":1,\"name\":\"Home\",\"item\":\"https:\/\/www.xiorstudenthousing.eu\/fr\/\"},{\"@type\":\"ListItem\",\"position\":2,\"name\":\"Belgium\",\"item\":\"https:\/\/www.xiorstudenthousing.eu\/fr\/belgium\/\"},{\"@type\":\"ListItem\",\"position\":3,\"name\":\"Antwerp\",\"item\":\"https:\/\/www.xiorstudenthousing.eu\/fr\/belgium\/antwerp\/\"},{\"@type\":\"ListItem\",\"position\":4,\"name\":\"3 Eiken\"}]},{\"@type\":\"WebSite\",\"@id\":\"https:\/\/www.xiorstudenthousing.eu\/fr\/#website\",\"url\":\"https:\/\/www.xiorstudenthousing.eu\/fr\/\",\"name\":\"Xior Student Housing\",\"description\":\"\",\"potentialAction\":[{\"@type\":\"SearchAction\",\"target\":{\"@type\":\"EntryPoint\",\"urlTemplate\":\"https:\/\/www.xiorstudenthousing.eu\/fr\/?s={search_term_string}\"},\"query-input\":{\"@type\":\"PropertyValueSpecification\",\"valueRequired\":true,\"valueName\":\"search_term_string\"}}],\"inLanguage\":\"fr-FR\"}]}<\/script>\n<!-- \/ Yoast SEO plugin. -->","yoast_head_json":{"title":"Logement \u00e9tudiant \u00e0 Anvers | 3 Eiken | Xior","description":"3 Eiken student accommodation in Antwerp La r\u00e9sidence \u00e9tudiante 3 Eiken \u00e0 Anvers propose des chambres priv\u00e9es modernes, une connexion wifi rapide, des espaces partag\u00e9s et un acc\u00e8s s\u00e9curis\u00e9 dans un quartier \u00e9tudiant bien desservi.modern private rooms, fast wifi, shared spaces and secure access in a well-connected student area.","robots":{"index":"index","follow":"follow","max-snippet":"max-snippet:-1","max-image-preview":"max-image-preview:large","max-video-preview":"max-video-preview:-1"},"canonical":"https:\/\/www.xiorstudenthousing.eu\/fr\/belgium\/antwerp\/3-eiken-student-accommodation\/","og_locale":"fr_FR","og_type":"article","og_title":"Logement \u00e9tudiant \u00e0 Anvers | 3 Eiken | Xior","og_description":"3 Eiken student accommodation in Antwerp La r\u00e9sidence \u00e9tudiante 3 Eiken \u00e0 Anvers propose des chambres priv\u00e9es modernes, une connexion wifi rapide, des espaces partag\u00e9s et un acc\u00e8s s\u00e9curis\u00e9 dans un quartier \u00e9tudiant bien desservi.modern private rooms, fast wifi, shared spaces and secure access in a well-connected student area.","og_url":"https:\/\/www.xiorstudenthousing.eu\/fr\/belgium\/antwerp\/3-eiken-student-accommodation\/","og_site_name":"Xior Student Housing","article_publisher":"https:\/\/www.facebook.com\/xiorstudenthousing","article_modified_time":"2026-04-21T13:26:23+00:00","twitter_card":"summary_large_image","twitter_site":"@xiorstudent","schema":{"@context":"https:\/\/schema.org","@graph":[{"@type":"WebPage","@id":"https:\/\/www.xiorstudenthousing.eu\/fr\/belgium\/antwerp\/3-eiken-student-accommodation\/","url":"https:\/\/www.xiorstudenthousing.eu\/fr\/belgium\/antwerp\/3-eiken-student-accommodation\/","name":"Logement \u00e9tudiant \u00e0 Anvers | 3 Eiken | Xior","isPartOf":{"@id":"https:\/\/www.xiorstudenthousing.eu\/fr\/#website"},"datePublished":"2026-03-04T18:37:26+00:00","dateModified":"2026-04-21T13:26:23+00:00","description":"3 Eiken student accommodation in Antwerp La r\u00e9sidence \u00e9tudiante 3 Eiken \u00e0 Anvers propose des chambres priv\u00e9es modernes, une connexion wifi rapide, des espaces partag\u00e9s et un acc\u00e8s s\u00e9curis\u00e9 dans un quartier \u00e9tudiant bien desservi.modern private rooms, fast wifi, shared spaces and secure access in a well-connected student area.","breadcrumb":{"@id":"https:\/\/www.xiorstudenthousing.eu\/fr\/belgium\/antwerp\/3-eiken-student-accommodation\/#breadcrumb"},"inLanguage":"fr-FR","potentialAction":[{"@type":"ReadAction","target":["https:\/\/www.xiorstudenthousing.eu\/fr\/belgium\/antwerp\/3-eiken-student-accommodation\/"]}]},{"@type":"BreadcrumbList","@id":"https:\/\/www.xiorstudenthousing.eu\/fr\/belgium\/antwerp\/3-eiken-student-accommodation\/#breadcrumb","itemListElement":[{"@type":"ListItem","position":1,"name":"Home","item":"https:\/\/www.xiorstudenthousing.eu\/fr\/"},{"@type":"ListItem","position":2,"name":"Belgium","item":"https:\/\/www.xiorstudenthousing.eu\/fr\/belgium\/"},{"@type":"ListItem","position":3,"name":"Antwerp","item":"https:\/\/www.xiorstudenthousing.eu\/fr\/belgium\/antwerp\/"},{"@type":"ListItem","position":4,"name":"3 Eiken"}]},{"@type":"WebSite","@id":"https:\/\/www.xiorstudenthousing.eu\/fr\/#website","url":"https:\/\/www.xiorstudenthousing.eu\/fr\/","name":"Xior Student Housing","description":"","potentialAction":[{"@type":"SearchAction","target":{"@type":"EntryPoint","urlTemplate":"https:\/\/www.xiorstudenthousing.eu\/fr\/?s={search_term_string}"},"query-input":{"@type":"PropertyValueSpecification","valueRequired":true,"valueName":"search_term_string"}}],"inLanguage":"fr-FR"}]}},"_links":{"self":[{"href":"https:\/\/www.xiorstudenthousing.eu\/fr\/wp-json\/wp\/v2\/pages\/13545","targetHints":{"allow":["GET"]}}],"collection":[{"href":"https:\/\/www.xiorstudenthousing.eu\/fr\/wp-json\/wp\/v2\/pages"}],"about":[{"href":"https:\/\/www.xiorstudenthousing.eu\/fr\/wp-json\/wp\/v2\/types\/page"}],"author":[{"embeddable":true,"href":"https:\/\/www.xiorstudenthousing.eu\/fr\/wp-json\/wp\/v2\/users\/1"}],"replies":[{"embeddable":true,"href":"https:\/\/www.xiorstudenthousing.eu\/fr\/wp-json\/wp\/v2\/comments?post=13545"}],"version-history":[{"count":13,"href":"https:\/\/www.xiorstudenthousing.eu\/fr\/wp-json\/wp\/v2\/pages\/13545\/revisions"}],"predecessor-version":[{"id":38495,"href":"https:\/\/www.xiorstudenthousing.eu\/fr\/wp-json\/wp\/v2\/pages\/13545\/revisions\/38495"}],"up":[{"embeddable":true,"href":"https:\/\/www.xiorstudenthousing.eu\/fr\/wp-json\/wp\/v2\/pages\/13617"}],"wp:attachment":[{"href":"https:\/\/www.xiorstudenthousing.eu\/fr\/wp-json\/wp\/v2\/media?parent=13545"}],"curies":[{"name":"wp","href":"https:\/\/api.w.org\/{rel}","templated":true}]}}