{"id":25341,"date":"2026-03-19T11:05:03","date_gmt":"2026-03-19T11:05:03","guid":{"rendered":"https:\/\/www.xiorstudenthousing.eu\/contact\/"},"modified":"2026-04-15T16:11:42","modified_gmt":"2026-04-15T16:11:42","slug":"contact","status":"publish","type":"page","link":"https:\/\/www.xiorstudenthousing.eu\/fr\/contact\/","title":{"rendered":"Contact Us"},"content":{"rendered":"","protected":false},"excerpt":{"rendered":"","protected":false},"author":1,"featured_media":0,"parent":0,"menu_order":0,"comment_status":"closed","ping_status":"closed","template":"","meta":{"_acf_changed":false,"footnotes":""},"class_list":["post-25341","page","type-page","status-publish","hentry"],"acf":[],"yoast_head":"<!-- This site is optimized with the Yoast SEO plugin v27.1.1 - https:\/\/yoast.com\/product\/yoast-seo-wordpress\/ -->\n<title>Contactez Xior | Logements \u00e9tudiants | Xior<\/title>\n<meta name=\"description\" content=\"Vous avez des questions sur les r\u00e9sidences \u00e9tudiantes Xior\u00a0? Contactez notre \u00e9quipe pour obtenir de l\u2019aide concernant les logements, les r\u00e9servations ou la vie \u00e0 Xior \u2013 pour les parents et les \u00e9tudiants.\" \/>\n<meta name=\"robots\" content=\"index, follow, max-snippet:-1, max-image-preview:large, max-video-preview:-1\" \/>\n<link rel=\"canonical\" href=\"https:\/\/www.xiorstudenthousing.eu\/fr\/contact\/\" \/>\n<meta property=\"og:locale\" content=\"fr_FR\" \/>\n<meta property=\"og:type\" content=\"article\" \/>\n<meta property=\"og:title\" content=\"Contactez Xior | Logements \u00e9tudiants | Xior\" \/>\n<meta property=\"og:description\" content=\"Vous avez des questions sur les r\u00e9sidences \u00e9tudiantes Xior\u00a0? Contactez notre \u00e9quipe pour obtenir de l\u2019aide concernant les logements, les r\u00e9servations ou la vie \u00e0 Xior \u2013 pour les parents et les \u00e9tudiants.\" \/>\n<meta property=\"og:url\" content=\"https:\/\/www.xiorstudenthousing.eu\/fr\/contact\/\" \/>\n<meta property=\"og:site_name\" content=\"Xior Student Housing\" \/>\n<meta property=\"article:publisher\" content=\"https:\/\/www.facebook.com\/xiorstudenthousing\" \/>\n<meta property=\"article:modified_time\" content=\"2026-04-15T16:11:42+00:00\" \/>\n<meta name=\"twitter:card\" content=\"summary_large_image\" \/>\n<meta name=\"twitter:site\" content=\"@xiorstudent\" \/>\n<script type=\"application\/ld+json\" class=\"yoast-schema-graph\">{\"@context\":\"https:\/\/schema.org\",\"@graph\":[{\"@type\":\"WebPage\",\"@id\":\"https:\/\/www.xiorstudenthousing.eu\/fr\/contact\/\",\"url\":\"https:\/\/www.xiorstudenthousing.eu\/fr\/contact\/\",\"name\":\"Contactez Xior | Logements \u00e9tudiants | Xior\",\"isPartOf\":{\"@id\":\"https:\/\/www.xiorstudenthousing.eu\/fr\/#website\"},\"datePublished\":\"2026-03-19T11:05:03+00:00\",\"dateModified\":\"2026-04-15T16:11:42+00:00\",\"description\":\"Vous avez des questions sur les r\u00e9sidences \u00e9tudiantes Xior\u00a0? Contactez notre \u00e9quipe pour obtenir de l\u2019aide concernant les logements, les r\u00e9servations ou la vie \u00e0 Xior \u2013 pour les parents et les \u00e9tudiants.\",\"breadcrumb\":{\"@id\":\"https:\/\/www.xiorstudenthousing.eu\/fr\/contact\/#breadcrumb\"},\"inLanguage\":\"fr-FR\",\"potentialAction\":[{\"@type\":\"ReadAction\",\"target\":[\"https:\/\/www.xiorstudenthousing.eu\/fr\/contact\/\"]}]},{\"@type\":\"BreadcrumbList\",\"@id\":\"https:\/\/www.xiorstudenthousing.eu\/fr\/contact\/#breadcrumb\",\"itemListElement\":[{\"@type\":\"ListItem\",\"position\":1,\"name\":\"Home\",\"item\":\"https:\/\/www.xiorstudenthousing.eu\/fr\/\"},{\"@type\":\"ListItem\",\"position\":2,\"name\":\"Contact Us\"}]},{\"@type\":\"WebSite\",\"@id\":\"https:\/\/www.xiorstudenthousing.eu\/fr\/#website\",\"url\":\"https:\/\/www.xiorstudenthousing.eu\/fr\/\",\"name\":\"Xior Student Housing\",\"description\":\"\",\"potentialAction\":[{\"@type\":\"SearchAction\",\"target\":{\"@type\":\"EntryPoint\",\"urlTemplate\":\"https:\/\/www.xiorstudenthousing.eu\/fr\/?s={search_term_string}\"},\"query-input\":{\"@type\":\"PropertyValueSpecification\",\"valueRequired\":true,\"valueName\":\"search_term_string\"}}],\"inLanguage\":\"fr-FR\"}]}<\/script>\n<!-- \/ Yoast SEO plugin. -->","yoast_head_json":{"title":"Contactez Xior | Logements \u00e9tudiants | Xior","description":"Vous avez des questions sur les r\u00e9sidences \u00e9tudiantes Xior\u00a0? Contactez notre \u00e9quipe pour obtenir de l\u2019aide concernant les logements, les r\u00e9servations ou la vie \u00e0 Xior \u2013 pour les parents et les \u00e9tudiants.","robots":{"index":"index","follow":"follow","max-snippet":"max-snippet:-1","max-image-preview":"max-image-preview:large","max-video-preview":"max-video-preview:-1"},"canonical":"https:\/\/www.xiorstudenthousing.eu\/fr\/contact\/","og_locale":"fr_FR","og_type":"article","og_title":"Contactez Xior | Logements \u00e9tudiants | Xior","og_description":"Vous avez des questions sur les r\u00e9sidences \u00e9tudiantes Xior\u00a0? Contactez notre \u00e9quipe pour obtenir de l\u2019aide concernant les logements, les r\u00e9servations ou la vie \u00e0 Xior \u2013 pour les parents et les \u00e9tudiants.","og_url":"https:\/\/www.xiorstudenthousing.eu\/fr\/contact\/","og_site_name":"Xior Student Housing","article_publisher":"https:\/\/www.facebook.com\/xiorstudenthousing","article_modified_time":"2026-04-15T16:11:42+00:00","twitter_card":"summary_large_image","twitter_site":"@xiorstudent","schema":{"@context":"https:\/\/schema.org","@graph":[{"@type":"WebPage","@id":"https:\/\/www.xiorstudenthousing.eu\/fr\/contact\/","url":"https:\/\/www.xiorstudenthousing.eu\/fr\/contact\/","name":"Contactez Xior | Logements \u00e9tudiants | Xior","isPartOf":{"@id":"https:\/\/www.xiorstudenthousing.eu\/fr\/#website"},"datePublished":"2026-03-19T11:05:03+00:00","dateModified":"2026-04-15T16:11:42+00:00","description":"Vous avez des questions sur les r\u00e9sidences \u00e9tudiantes Xior\u00a0? Contactez notre \u00e9quipe pour obtenir de l\u2019aide concernant les logements, les r\u00e9servations ou la vie \u00e0 Xior \u2013 pour les parents et les \u00e9tudiants.","breadcrumb":{"@id":"https:\/\/www.xiorstudenthousing.eu\/fr\/contact\/#breadcrumb"},"inLanguage":"fr-FR","potentialAction":[{"@type":"ReadAction","target":["https:\/\/www.xiorstudenthousing.eu\/fr\/contact\/"]}]},{"@type":"BreadcrumbList","@id":"https:\/\/www.xiorstudenthousing.eu\/fr\/contact\/#breadcrumb","itemListElement":[{"@type":"ListItem","position":1,"name":"Home","item":"https:\/\/www.xiorstudenthousing.eu\/fr\/"},{"@type":"ListItem","position":2,"name":"Contact Us"}]},{"@type":"WebSite","@id":"https:\/\/www.xiorstudenthousing.eu\/fr\/#website","url":"https:\/\/www.xiorstudenthousing.eu\/fr\/","name":"Xior Student Housing","description":"","potentialAction":[{"@type":"SearchAction","target":{"@type":"EntryPoint","urlTemplate":"https:\/\/www.xiorstudenthousing.eu\/fr\/?s={search_term_string}"},"query-input":{"@type":"PropertyValueSpecification","valueRequired":true,"valueName":"search_term_string"}}],"inLanguage":"fr-FR"}]}},"_links":{"self":[{"href":"https:\/\/www.xiorstudenthousing.eu\/fr\/wp-json\/wp\/v2\/pages\/25341","targetHints":{"allow":["GET"]}}],"collection":[{"href":"https:\/\/www.xiorstudenthousing.eu\/fr\/wp-json\/wp\/v2\/pages"}],"about":[{"href":"https:\/\/www.xiorstudenthousing.eu\/fr\/wp-json\/wp\/v2\/types\/page"}],"author":[{"embeddable":true,"href":"https:\/\/www.xiorstudenthousing.eu\/fr\/wp-json\/wp\/v2\/users\/1"}],"replies":[{"embeddable":true,"href":"https:\/\/www.xiorstudenthousing.eu\/fr\/wp-json\/wp\/v2\/comments?post=25341"}],"version-history":[{"count":6,"href":"https:\/\/www.xiorstudenthousing.eu\/fr\/wp-json\/wp\/v2\/pages\/25341\/revisions"}],"predecessor-version":[{"id":36485,"href":"https:\/\/www.xiorstudenthousing.eu\/fr\/wp-json\/wp\/v2\/pages\/25341\/revisions\/36485"}],"wp:attachment":[{"href":"https:\/\/www.xiorstudenthousing.eu\/fr\/wp-json\/wp\/v2\/media?parent=25341"}],"curies":[{"name":"wp","href":"https:\/\/api.w.org\/{rel}","templated":true}]}}