{"id":28122,"date":"2026-03-04T18:37:25","date_gmt":"2026-03-04T18:37:25","guid":{"rendered":"https:\/\/www.xiorstudenthousing.eu\/mechelsestraat-student-accommodation\/"},"modified":"2026-04-21T16:48:47","modified_gmt":"2026-04-21T16:48:47","slug":"mechelsestraat-student-accommodation","status":"publish","type":"page","link":"https:\/\/www.xiorstudenthousing.eu\/fr\/belgium\/leuven\/mechelsestraat-student-accommodation\/","title":{"rendered":"Mechelsestraat"},"content":{"rendered":"","protected":false},"excerpt":{"rendered":"","protected":false},"author":1,"featured_media":0,"parent":29428,"menu_order":0,"comment_status":"closed","ping_status":"closed","template":"templates\/property-template.php","meta":{"_acf_changed":false,"footnotes":""},"class_list":["post-28122","page","type-page","status-publish","hentry"],"acf":[],"yoast_head":"<!-- This site is optimized with the Yoast SEO plugin v27.1.1 - https:\/\/yoast.com\/product\/yoast-seo-wordpress\/ -->\n<title>Logement \u00e9tudiant \u00e0 Louvain | Rue de Mechelse | Xior<\/title>\n<meta name=\"description\" content=\"La r\u00e9sidence \u00e9tudiante Mechelsestraat \u00e0 Louvain propose des chambres priv\u00e9es, des espaces communs, une connexion wifi rapide et un cadre de vie s\u00e9curis\u00e9 \u00e0 proximit\u00e9 du campus et des transports en commun.\" \/>\n<meta name=\"robots\" content=\"index, follow, max-snippet:-1, max-image-preview:large, max-video-preview:-1\" \/>\n<link rel=\"canonical\" href=\"https:\/\/www.xiorstudenthousing.eu\/fr\/belgium\/leuven\/mechelsestraat-student-accommodation\/\" \/>\n<meta property=\"og:locale\" content=\"fr_FR\" \/>\n<meta property=\"og:type\" content=\"article\" \/>\n<meta property=\"og:title\" content=\"Logement \u00e9tudiant \u00e0 Louvain | Rue de Mechelse | Xior\" \/>\n<meta property=\"og:description\" content=\"La r\u00e9sidence \u00e9tudiante Mechelsestraat \u00e0 Louvain propose des chambres priv\u00e9es, des espaces communs, une connexion wifi rapide et un cadre de vie s\u00e9curis\u00e9 \u00e0 proximit\u00e9 du campus et des transports en commun.\" \/>\n<meta property=\"og:url\" content=\"https:\/\/www.xiorstudenthousing.eu\/fr\/belgium\/leuven\/mechelsestraat-student-accommodation\/\" \/>\n<meta property=\"og:site_name\" content=\"Xior Student Housing\" \/>\n<meta property=\"article:publisher\" content=\"https:\/\/www.facebook.com\/xiorstudenthousing\" \/>\n<meta property=\"article:modified_time\" content=\"2026-04-21T16:48:47+00:00\" \/>\n<meta name=\"twitter:card\" content=\"summary_large_image\" \/>\n<meta name=\"twitter:site\" content=\"@xiorstudent\" \/>\n<script type=\"application\/ld+json\" class=\"yoast-schema-graph\">{\"@context\":\"https:\/\/schema.org\",\"@graph\":[{\"@type\":\"WebPage\",\"@id\":\"https:\/\/www.xiorstudenthousing.eu\/fr\/belgium\/leuven\/mechelsestraat-student-accommodation\/\",\"url\":\"https:\/\/www.xiorstudenthousing.eu\/fr\/belgium\/leuven\/mechelsestraat-student-accommodation\/\",\"name\":\"Logement \u00e9tudiant \u00e0 Louvain | Rue de Mechelse | Xior\",\"isPartOf\":{\"@id\":\"https:\/\/www.xiorstudenthousing.eu\/fr\/#website\"},\"datePublished\":\"2026-03-04T18:37:25+00:00\",\"dateModified\":\"2026-04-21T16:48:47+00:00\",\"description\":\"La r\u00e9sidence \u00e9tudiante Mechelsestraat \u00e0 Louvain propose des chambres priv\u00e9es, des espaces communs, une connexion wifi rapide et un cadre de vie s\u00e9curis\u00e9 \u00e0 proximit\u00e9 du campus et des transports en commun.\",\"breadcrumb\":{\"@id\":\"https:\/\/www.xiorstudenthousing.eu\/fr\/belgium\/leuven\/mechelsestraat-student-accommodation\/#breadcrumb\"},\"inLanguage\":\"fr-FR\",\"potentialAction\":[{\"@type\":\"ReadAction\",\"target\":[\"https:\/\/www.xiorstudenthousing.eu\/fr\/belgium\/leuven\/mechelsestraat-student-accommodation\/\"]}]},{\"@type\":\"BreadcrumbList\",\"@id\":\"https:\/\/www.xiorstudenthousing.eu\/fr\/belgium\/leuven\/mechelsestraat-student-accommodation\/#breadcrumb\",\"itemListElement\":[{\"@type\":\"ListItem\",\"position\":1,\"name\":\"Home\",\"item\":\"https:\/\/www.xiorstudenthousing.eu\/fr\/\"},{\"@type\":\"ListItem\",\"position\":2,\"name\":\"Belgium\",\"item\":\"https:\/\/www.xiorstudenthousing.eu\/fr\/belgium\/\"},{\"@type\":\"ListItem\",\"position\":3,\"name\":\"Leuven\",\"item\":\"https:\/\/www.xiorstudenthousing.eu\/fr\/belgium\/leuven\/\"},{\"@type\":\"ListItem\",\"position\":4,\"name\":\"Mechelsestraat\"}]},{\"@type\":\"WebSite\",\"@id\":\"https:\/\/www.xiorstudenthousing.eu\/fr\/#website\",\"url\":\"https:\/\/www.xiorstudenthousing.eu\/fr\/\",\"name\":\"Xior Student Housing\",\"description\":\"\",\"potentialAction\":[{\"@type\":\"SearchAction\",\"target\":{\"@type\":\"EntryPoint\",\"urlTemplate\":\"https:\/\/www.xiorstudenthousing.eu\/fr\/?s={search_term_string}\"},\"query-input\":{\"@type\":\"PropertyValueSpecification\",\"valueRequired\":true,\"valueName\":\"search_term_string\"}}],\"inLanguage\":\"fr-FR\"}]}<\/script>\n<!-- \/ Yoast SEO plugin. -->","yoast_head_json":{"title":"Logement \u00e9tudiant \u00e0 Louvain | Rue de Mechelse | Xior","description":"La r\u00e9sidence \u00e9tudiante Mechelsestraat \u00e0 Louvain propose des chambres priv\u00e9es, des espaces communs, une connexion wifi rapide et un cadre de vie s\u00e9curis\u00e9 \u00e0 proximit\u00e9 du campus et des transports en commun.","robots":{"index":"index","follow":"follow","max-snippet":"max-snippet:-1","max-image-preview":"max-image-preview:large","max-video-preview":"max-video-preview:-1"},"canonical":"https:\/\/www.xiorstudenthousing.eu\/fr\/belgium\/leuven\/mechelsestraat-student-accommodation\/","og_locale":"fr_FR","og_type":"article","og_title":"Logement \u00e9tudiant \u00e0 Louvain | Rue de Mechelse | Xior","og_description":"La r\u00e9sidence \u00e9tudiante Mechelsestraat \u00e0 Louvain propose des chambres priv\u00e9es, des espaces communs, une connexion wifi rapide et un cadre de vie s\u00e9curis\u00e9 \u00e0 proximit\u00e9 du campus et des transports en commun.","og_url":"https:\/\/www.xiorstudenthousing.eu\/fr\/belgium\/leuven\/mechelsestraat-student-accommodation\/","og_site_name":"Xior Student Housing","article_publisher":"https:\/\/www.facebook.com\/xiorstudenthousing","article_modified_time":"2026-04-21T16:48:47+00:00","twitter_card":"summary_large_image","twitter_site":"@xiorstudent","schema":{"@context":"https:\/\/schema.org","@graph":[{"@type":"WebPage","@id":"https:\/\/www.xiorstudenthousing.eu\/fr\/belgium\/leuven\/mechelsestraat-student-accommodation\/","url":"https:\/\/www.xiorstudenthousing.eu\/fr\/belgium\/leuven\/mechelsestraat-student-accommodation\/","name":"Logement \u00e9tudiant \u00e0 Louvain | Rue de Mechelse | Xior","isPartOf":{"@id":"https:\/\/www.xiorstudenthousing.eu\/fr\/#website"},"datePublished":"2026-03-04T18:37:25+00:00","dateModified":"2026-04-21T16:48:47+00:00","description":"La r\u00e9sidence \u00e9tudiante Mechelsestraat \u00e0 Louvain propose des chambres priv\u00e9es, des espaces communs, une connexion wifi rapide et un cadre de vie s\u00e9curis\u00e9 \u00e0 proximit\u00e9 du campus et des transports en commun.","breadcrumb":{"@id":"https:\/\/www.xiorstudenthousing.eu\/fr\/belgium\/leuven\/mechelsestraat-student-accommodation\/#breadcrumb"},"inLanguage":"fr-FR","potentialAction":[{"@type":"ReadAction","target":["https:\/\/www.xiorstudenthousing.eu\/fr\/belgium\/leuven\/mechelsestraat-student-accommodation\/"]}]},{"@type":"BreadcrumbList","@id":"https:\/\/www.xiorstudenthousing.eu\/fr\/belgium\/leuven\/mechelsestraat-student-accommodation\/#breadcrumb","itemListElement":[{"@type":"ListItem","position":1,"name":"Home","item":"https:\/\/www.xiorstudenthousing.eu\/fr\/"},{"@type":"ListItem","position":2,"name":"Belgium","item":"https:\/\/www.xiorstudenthousing.eu\/fr\/belgium\/"},{"@type":"ListItem","position":3,"name":"Leuven","item":"https:\/\/www.xiorstudenthousing.eu\/fr\/belgium\/leuven\/"},{"@type":"ListItem","position":4,"name":"Mechelsestraat"}]},{"@type":"WebSite","@id":"https:\/\/www.xiorstudenthousing.eu\/fr\/#website","url":"https:\/\/www.xiorstudenthousing.eu\/fr\/","name":"Xior Student Housing","description":"","potentialAction":[{"@type":"SearchAction","target":{"@type":"EntryPoint","urlTemplate":"https:\/\/www.xiorstudenthousing.eu\/fr\/?s={search_term_string}"},"query-input":{"@type":"PropertyValueSpecification","valueRequired":true,"valueName":"search_term_string"}}],"inLanguage":"fr-FR"}]}},"_links":{"self":[{"href":"https:\/\/www.xiorstudenthousing.eu\/fr\/wp-json\/wp\/v2\/pages\/28122","targetHints":{"allow":["GET"]}}],"collection":[{"href":"https:\/\/www.xiorstudenthousing.eu\/fr\/wp-json\/wp\/v2\/pages"}],"about":[{"href":"https:\/\/www.xiorstudenthousing.eu\/fr\/wp-json\/wp\/v2\/types\/page"}],"author":[{"embeddable":true,"href":"https:\/\/www.xiorstudenthousing.eu\/fr\/wp-json\/wp\/v2\/users\/1"}],"replies":[{"embeddable":true,"href":"https:\/\/www.xiorstudenthousing.eu\/fr\/wp-json\/wp\/v2\/comments?post=28122"}],"version-history":[{"count":4,"href":"https:\/\/www.xiorstudenthousing.eu\/fr\/wp-json\/wp\/v2\/pages\/28122\/revisions"}],"predecessor-version":[{"id":38669,"href":"https:\/\/www.xiorstudenthousing.eu\/fr\/wp-json\/wp\/v2\/pages\/28122\/revisions\/38669"}],"up":[{"embeddable":true,"href":"https:\/\/www.xiorstudenthousing.eu\/fr\/wp-json\/wp\/v2\/pages\/29428"}],"wp:attachment":[{"href":"https:\/\/www.xiorstudenthousing.eu\/fr\/wp-json\/wp\/v2\/media?parent=28122"}],"curies":[{"name":"wp","href":"https:\/\/api.w.org\/{rel}","templated":true}]}}