{"id":29081,"date":"2026-03-03T11:37:28","date_gmt":"2026-03-03T11:37:28","guid":{"rendered":"https:\/\/www.xiorstudenthousing.eu\/ghent\/"},"modified":"2026-04-17T13:34:08","modified_gmt":"2026-04-17T13:34:08","slug":"ghent","status":"publish","type":"page","link":"https:\/\/www.xiorstudenthousing.eu\/fr\/belgium\/ghent\/","title":{"rendered":"Ghent"},"content":{"rendered":"","protected":false},"excerpt":{"rendered":"","protected":false},"author":1,"featured_media":23199,"parent":32166,"menu_order":0,"comment_status":"closed","ping_status":"closed","template":"templates\/city-template.php","meta":{"_acf_changed":false,"footnotes":""},"class_list":["post-29081","page","type-page","status-publish","has-post-thumbnail","hentry"],"acf":[],"yoast_head":"<!-- This site is optimized with the Yoast SEO plugin v27.1.1 - https:\/\/yoast.com\/product\/yoast-seo-wordpress\/ -->\n<title>Logements \u00e9tudiants \u00e0 Gand | Chambres et studios | Xior<\/title>\n<meta name=\"description\" content=\"Trouvez des chambres et des studios \u00e9tudiants de qualit\u00e9 \u00e0 Gand, pr\u00e8s de votre universit\u00e9, avec toutes les commodit\u00e9s incluses\u00a0: wifi haut d\u00e9bit, s\u00e9curit\u00e9 24\u00a0h\/24 et 7\u00a0j\/7 et espaces communs. R\u00e9servez votre chambre d\u00e8s aujourd\u2019hui.\" \/>\n<meta name=\"robots\" content=\"index, follow, max-snippet:-1, max-image-preview:large, max-video-preview:-1\" \/>\n<link rel=\"canonical\" href=\"https:\/\/www.xiorstudenthousing.eu\/fr\/belgium\/ghent\/\" \/>\n<meta property=\"og:locale\" content=\"fr_FR\" \/>\n<meta property=\"og:type\" content=\"article\" \/>\n<meta property=\"og:title\" content=\"Logements \u00e9tudiants \u00e0 Gand | Chambres et studios | Xior\" \/>\n<meta property=\"og:description\" content=\"Trouvez des chambres et des studios \u00e9tudiants de qualit\u00e9 \u00e0 Gand, pr\u00e8s de votre universit\u00e9, avec toutes les commodit\u00e9s incluses\u00a0: wifi haut d\u00e9bit, s\u00e9curit\u00e9 24\u00a0h\/24 et 7\u00a0j\/7 et espaces communs. R\u00e9servez votre chambre d\u00e8s aujourd\u2019hui.\" \/>\n<meta property=\"og:url\" content=\"https:\/\/www.xiorstudenthousing.eu\/fr\/belgium\/ghent\/\" \/>\n<meta property=\"og:site_name\" content=\"Xior Student Housing\" \/>\n<meta property=\"article:publisher\" content=\"https:\/\/www.facebook.com\/xiorstudenthousing\" \/>\n<meta property=\"article:modified_time\" content=\"2026-04-17T13:34:08+00:00\" \/>\n<meta property=\"og:image\" content=\"https:\/\/www.xiorstudenthousing.eu\/wp-content\/uploads\/2026\/03\/BE_Ghent_Carousel.jpg\" \/>\n\t<meta property=\"og:image:width\" content=\"675\" \/>\n\t<meta property=\"og:image:height\" content=\"900\" \/>\n\t<meta property=\"og:image:type\" content=\"image\/jpeg\" \/>\n<meta name=\"twitter:card\" content=\"summary_large_image\" \/>\n<meta name=\"twitter:site\" content=\"@xiorstudent\" \/>\n<meta name=\"twitter:label1\" content=\"Dur\u00e9e de lecture estim\u00e9e\" \/>\n\t<meta name=\"twitter:data1\" content=\"1 minute\" \/>\n<script type=\"application\/ld+json\" class=\"yoast-schema-graph\">{\"@context\":\"https:\/\/schema.org\",\"@graph\":[{\"@type\":\"WebPage\",\"@id\":\"https:\/\/www.xiorstudenthousing.eu\/fr\/belgium\/ghent\/\",\"url\":\"https:\/\/www.xiorstudenthousing.eu\/fr\/belgium\/ghent\/\",\"name\":\"Logements \u00e9tudiants \u00e0 Gand | Chambres et studios | Xior\",\"isPartOf\":{\"@id\":\"https:\/\/www.xiorstudenthousing.eu\/fr\/#website\"},\"primaryImageOfPage\":{\"@id\":\"https:\/\/www.xiorstudenthousing.eu\/fr\/belgium\/ghent\/#primaryimage\"},\"image\":{\"@id\":\"https:\/\/www.xiorstudenthousing.eu\/fr\/belgium\/ghent\/#primaryimage\"},\"thumbnailUrl\":\"https:\/\/www.xiorstudenthousing.eu\/wp-content\/uploads\/2026\/03\/BE_Ghent_Carousel.jpg\",\"datePublished\":\"2026-03-03T11:37:28+00:00\",\"dateModified\":\"2026-04-17T13:34:08+00:00\",\"description\":\"Trouvez des chambres et des studios \u00e9tudiants de qualit\u00e9 \u00e0 Gand, pr\u00e8s de votre universit\u00e9, avec toutes les commodit\u00e9s incluses\u00a0: wifi haut d\u00e9bit, s\u00e9curit\u00e9 24\u00a0h\/24 et 7\u00a0j\/7 et espaces communs. R\u00e9servez votre chambre d\u00e8s aujourd\u2019hui.\",\"breadcrumb\":{\"@id\":\"https:\/\/www.xiorstudenthousing.eu\/fr\/belgium\/ghent\/#breadcrumb\"},\"inLanguage\":\"fr-FR\",\"potentialAction\":[{\"@type\":\"ReadAction\",\"target\":[\"https:\/\/www.xiorstudenthousing.eu\/fr\/belgium\/ghent\/\"]}]},{\"@type\":\"ImageObject\",\"inLanguage\":\"fr-FR\",\"@id\":\"https:\/\/www.xiorstudenthousing.eu\/fr\/belgium\/ghent\/#primaryimage\",\"url\":\"https:\/\/www.xiorstudenthousing.eu\/wp-content\/uploads\/2026\/03\/BE_Ghent_Carousel.jpg\",\"contentUrl\":\"https:\/\/www.xiorstudenthousing.eu\/wp-content\/uploads\/2026\/03\/BE_Ghent_Carousel.jpg\",\"width\":675,\"height\":900},{\"@type\":\"BreadcrumbList\",\"@id\":\"https:\/\/www.xiorstudenthousing.eu\/fr\/belgium\/ghent\/#breadcrumb\",\"itemListElement\":[{\"@type\":\"ListItem\",\"position\":1,\"name\":\"Home\",\"item\":\"https:\/\/www.xiorstudenthousing.eu\/fr\/\"},{\"@type\":\"ListItem\",\"position\":2,\"name\":\"Belgium\",\"item\":\"https:\/\/www.xiorstudenthousing.eu\/fr\/belgium\/\"},{\"@type\":\"ListItem\",\"position\":3,\"name\":\"Ghent\"}]},{\"@type\":\"WebSite\",\"@id\":\"https:\/\/www.xiorstudenthousing.eu\/fr\/#website\",\"url\":\"https:\/\/www.xiorstudenthousing.eu\/fr\/\",\"name\":\"Xior Student Housing\",\"description\":\"\",\"potentialAction\":[{\"@type\":\"SearchAction\",\"target\":{\"@type\":\"EntryPoint\",\"urlTemplate\":\"https:\/\/www.xiorstudenthousing.eu\/fr\/?s={search_term_string}\"},\"query-input\":{\"@type\":\"PropertyValueSpecification\",\"valueRequired\":true,\"valueName\":\"search_term_string\"}}],\"inLanguage\":\"fr-FR\"}]}<\/script>\n<!-- \/ Yoast SEO plugin. -->","yoast_head_json":{"title":"Logements \u00e9tudiants \u00e0 Gand | Chambres et studios | Xior","description":"Trouvez des chambres et des studios \u00e9tudiants de qualit\u00e9 \u00e0 Gand, pr\u00e8s de votre universit\u00e9, avec toutes les commodit\u00e9s incluses\u00a0: wifi haut d\u00e9bit, s\u00e9curit\u00e9 24\u00a0h\/24 et 7\u00a0j\/7 et espaces communs. R\u00e9servez votre chambre d\u00e8s aujourd\u2019hui.","robots":{"index":"index","follow":"follow","max-snippet":"max-snippet:-1","max-image-preview":"max-image-preview:large","max-video-preview":"max-video-preview:-1"},"canonical":"https:\/\/www.xiorstudenthousing.eu\/fr\/belgium\/ghent\/","og_locale":"fr_FR","og_type":"article","og_title":"Logements \u00e9tudiants \u00e0 Gand | Chambres et studios | Xior","og_description":"Trouvez des chambres et des studios \u00e9tudiants de qualit\u00e9 \u00e0 Gand, pr\u00e8s de votre universit\u00e9, avec toutes les commodit\u00e9s incluses\u00a0: wifi haut d\u00e9bit, s\u00e9curit\u00e9 24\u00a0h\/24 et 7\u00a0j\/7 et espaces communs. R\u00e9servez votre chambre d\u00e8s aujourd\u2019hui.","og_url":"https:\/\/www.xiorstudenthousing.eu\/fr\/belgium\/ghent\/","og_site_name":"Xior Student Housing","article_publisher":"https:\/\/www.facebook.com\/xiorstudenthousing","article_modified_time":"2026-04-17T13:34:08+00:00","og_image":[{"width":675,"height":900,"url":"https:\/\/www.xiorstudenthousing.eu\/wp-content\/uploads\/2026\/03\/BE_Ghent_Carousel.jpg","type":"image\/jpeg"}],"twitter_card":"summary_large_image","twitter_site":"@xiorstudent","twitter_misc":{"Dur\u00e9e de lecture estim\u00e9e":"1 minute"},"schema":{"@context":"https:\/\/schema.org","@graph":[{"@type":"WebPage","@id":"https:\/\/www.xiorstudenthousing.eu\/fr\/belgium\/ghent\/","url":"https:\/\/www.xiorstudenthousing.eu\/fr\/belgium\/ghent\/","name":"Logements \u00e9tudiants \u00e0 Gand | Chambres et studios | Xior","isPartOf":{"@id":"https:\/\/www.xiorstudenthousing.eu\/fr\/#website"},"primaryImageOfPage":{"@id":"https:\/\/www.xiorstudenthousing.eu\/fr\/belgium\/ghent\/#primaryimage"},"image":{"@id":"https:\/\/www.xiorstudenthousing.eu\/fr\/belgium\/ghent\/#primaryimage"},"thumbnailUrl":"https:\/\/www.xiorstudenthousing.eu\/wp-content\/uploads\/2026\/03\/BE_Ghent_Carousel.jpg","datePublished":"2026-03-03T11:37:28+00:00","dateModified":"2026-04-17T13:34:08+00:00","description":"Trouvez des chambres et des studios \u00e9tudiants de qualit\u00e9 \u00e0 Gand, pr\u00e8s de votre universit\u00e9, avec toutes les commodit\u00e9s incluses\u00a0: wifi haut d\u00e9bit, s\u00e9curit\u00e9 24\u00a0h\/24 et 7\u00a0j\/7 et espaces communs. R\u00e9servez votre chambre d\u00e8s aujourd\u2019hui.","breadcrumb":{"@id":"https:\/\/www.xiorstudenthousing.eu\/fr\/belgium\/ghent\/#breadcrumb"},"inLanguage":"fr-FR","potentialAction":[{"@type":"ReadAction","target":["https:\/\/www.xiorstudenthousing.eu\/fr\/belgium\/ghent\/"]}]},{"@type":"ImageObject","inLanguage":"fr-FR","@id":"https:\/\/www.xiorstudenthousing.eu\/fr\/belgium\/ghent\/#primaryimage","url":"https:\/\/www.xiorstudenthousing.eu\/wp-content\/uploads\/2026\/03\/BE_Ghent_Carousel.jpg","contentUrl":"https:\/\/www.xiorstudenthousing.eu\/wp-content\/uploads\/2026\/03\/BE_Ghent_Carousel.jpg","width":675,"height":900},{"@type":"BreadcrumbList","@id":"https:\/\/www.xiorstudenthousing.eu\/fr\/belgium\/ghent\/#breadcrumb","itemListElement":[{"@type":"ListItem","position":1,"name":"Home","item":"https:\/\/www.xiorstudenthousing.eu\/fr\/"},{"@type":"ListItem","position":2,"name":"Belgium","item":"https:\/\/www.xiorstudenthousing.eu\/fr\/belgium\/"},{"@type":"ListItem","position":3,"name":"Ghent"}]},{"@type":"WebSite","@id":"https:\/\/www.xiorstudenthousing.eu\/fr\/#website","url":"https:\/\/www.xiorstudenthousing.eu\/fr\/","name":"Xior Student Housing","description":"","potentialAction":[{"@type":"SearchAction","target":{"@type":"EntryPoint","urlTemplate":"https:\/\/www.xiorstudenthousing.eu\/fr\/?s={search_term_string}"},"query-input":{"@type":"PropertyValueSpecification","valueRequired":true,"valueName":"search_term_string"}}],"inLanguage":"fr-FR"}]}},"_links":{"self":[{"href":"https:\/\/www.xiorstudenthousing.eu\/fr\/wp-json\/wp\/v2\/pages\/29081","targetHints":{"allow":["GET"]}}],"collection":[{"href":"https:\/\/www.xiorstudenthousing.eu\/fr\/wp-json\/wp\/v2\/pages"}],"about":[{"href":"https:\/\/www.xiorstudenthousing.eu\/fr\/wp-json\/wp\/v2\/types\/page"}],"author":[{"embeddable":true,"href":"https:\/\/www.xiorstudenthousing.eu\/fr\/wp-json\/wp\/v2\/users\/1"}],"replies":[{"embeddable":true,"href":"https:\/\/www.xiorstudenthousing.eu\/fr\/wp-json\/wp\/v2\/comments?post=29081"}],"version-history":[{"count":4,"href":"https:\/\/www.xiorstudenthousing.eu\/fr\/wp-json\/wp\/v2\/pages\/29081\/revisions"}],"predecessor-version":[{"id":38005,"href":"https:\/\/www.xiorstudenthousing.eu\/fr\/wp-json\/wp\/v2\/pages\/29081\/revisions\/38005"}],"up":[{"embeddable":true,"href":"https:\/\/www.xiorstudenthousing.eu\/fr\/wp-json\/wp\/v2\/pages\/32166"}],"wp:featuredmedia":[{"embeddable":true,"href":"https:\/\/www.xiorstudenthousing.eu\/fr\/wp-json\/wp\/v2\/media\/23199"}],"wp:attachment":[{"href":"https:\/\/www.xiorstudenthousing.eu\/fr\/wp-json\/wp\/v2\/media?parent=29081"}],"curies":[{"name":"wp","href":"https:\/\/api.w.org\/{rel}","templated":true}]}}