{"id":29413,"date":"2026-03-03T11:37:28","date_gmt":"2026-03-03T11:37:28","guid":{"rendered":"https:\/\/www.xiorstudenthousing.eu\/hasselt\/"},"modified":"2026-04-17T16:57:54","modified_gmt":"2026-04-17T16:57:54","slug":"hasselt","status":"publish","type":"page","link":"https:\/\/www.xiorstudenthousing.eu\/fr\/belgium\/hasselt\/","title":{"rendered":"Hasselt"},"content":{"rendered":"","protected":false},"excerpt":{"rendered":"","protected":false},"author":1,"featured_media":23172,"parent":32166,"menu_order":0,"comment_status":"closed","ping_status":"closed","template":"templates\/city-template.php","meta":{"_acf_changed":false,"footnotes":""},"class_list":["post-29413","page","type-page","status-publish","has-post-thumbnail","hentry"],"acf":[],"yoast_head":"<!-- This site is optimized with the Yoast SEO plugin v27.1.1 - https:\/\/yoast.com\/product\/yoast-seo-wordpress\/ -->\n<title>Chambres \u00e9tudiantes \u00e0 Hasselt | Options de logement \u00e9tudiant | Xior<\/title>\n<meta name=\"description\" content=\"D\u00e9couvrez les r\u00e9sidences \u00e9tudiantes \u00e0 Hasselt\u00a0: emplacements centraux, espaces de coworking, espaces communs, wifi haut d\u00e9bit et ambiance conviviale. R\u00e9servez votre chambre Xior d\u00e8s maintenant\u00a0!\" \/>\n<meta name=\"robots\" content=\"index, follow, max-snippet:-1, max-image-preview:large, max-video-preview:-1\" \/>\n<link rel=\"canonical\" href=\"https:\/\/www.xiorstudenthousing.eu\/fr\/belgium\/hasselt\/\" \/>\n<meta property=\"og:locale\" content=\"fr_FR\" \/>\n<meta property=\"og:type\" content=\"article\" \/>\n<meta property=\"og:title\" content=\"Chambres \u00e9tudiantes \u00e0 Hasselt | Options de logement \u00e9tudiant | Xior\" \/>\n<meta property=\"og:description\" content=\"D\u00e9couvrez les r\u00e9sidences \u00e9tudiantes \u00e0 Hasselt\u00a0: emplacements centraux, espaces de coworking, espaces communs, wifi haut d\u00e9bit et ambiance conviviale. R\u00e9servez votre chambre Xior d\u00e8s maintenant\u00a0!\" \/>\n<meta property=\"og:url\" content=\"https:\/\/www.xiorstudenthousing.eu\/fr\/belgium\/hasselt\/\" \/>\n<meta property=\"og:site_name\" content=\"Xior Student Housing\" \/>\n<meta property=\"article:publisher\" content=\"https:\/\/www.facebook.com\/xiorstudenthousing\" \/>\n<meta property=\"article:modified_time\" content=\"2026-04-17T16:57:54+00:00\" \/>\n<meta property=\"og:image\" content=\"https:\/\/www.xiorstudenthousing.eu\/wp-content\/uploads\/2026\/03\/BE_Hasselt_Carousel.jpg\" \/>\n\t<meta property=\"og:image:width\" content=\"675\" \/>\n\t<meta property=\"og:image:height\" content=\"900\" \/>\n\t<meta property=\"og:image:type\" content=\"image\/jpeg\" \/>\n<meta name=\"twitter:card\" content=\"summary_large_image\" \/>\n<meta name=\"twitter:site\" content=\"@xiorstudent\" \/>\n<meta name=\"twitter:label1\" content=\"Dur\u00e9e de lecture estim\u00e9e\" \/>\n\t<meta name=\"twitter:data1\" content=\"1 minute\" \/>\n<script type=\"application\/ld+json\" class=\"yoast-schema-graph\">{\"@context\":\"https:\/\/schema.org\",\"@graph\":[{\"@type\":\"WebPage\",\"@id\":\"https:\/\/www.xiorstudenthousing.eu\/fr\/belgium\/hasselt\/\",\"url\":\"https:\/\/www.xiorstudenthousing.eu\/fr\/belgium\/hasselt\/\",\"name\":\"Chambres \u00e9tudiantes \u00e0 Hasselt | Options de logement \u00e9tudiant | Xior\",\"isPartOf\":{\"@id\":\"https:\/\/www.xiorstudenthousing.eu\/fr\/#website\"},\"primaryImageOfPage\":{\"@id\":\"https:\/\/www.xiorstudenthousing.eu\/fr\/belgium\/hasselt\/#primaryimage\"},\"image\":{\"@id\":\"https:\/\/www.xiorstudenthousing.eu\/fr\/belgium\/hasselt\/#primaryimage\"},\"thumbnailUrl\":\"https:\/\/www.xiorstudenthousing.eu\/wp-content\/uploads\/2026\/03\/BE_Hasselt_Carousel.jpg\",\"datePublished\":\"2026-03-03T11:37:28+00:00\",\"dateModified\":\"2026-04-17T16:57:54+00:00\",\"description\":\"D\u00e9couvrez les r\u00e9sidences \u00e9tudiantes \u00e0 Hasselt\u00a0: emplacements centraux, espaces de coworking, espaces communs, wifi haut d\u00e9bit et ambiance conviviale. R\u00e9servez votre chambre Xior d\u00e8s maintenant\u00a0!\",\"breadcrumb\":{\"@id\":\"https:\/\/www.xiorstudenthousing.eu\/fr\/belgium\/hasselt\/#breadcrumb\"},\"inLanguage\":\"fr-FR\",\"potentialAction\":[{\"@type\":\"ReadAction\",\"target\":[\"https:\/\/www.xiorstudenthousing.eu\/fr\/belgium\/hasselt\/\"]}]},{\"@type\":\"ImageObject\",\"inLanguage\":\"fr-FR\",\"@id\":\"https:\/\/www.xiorstudenthousing.eu\/fr\/belgium\/hasselt\/#primaryimage\",\"url\":\"https:\/\/www.xiorstudenthousing.eu\/wp-content\/uploads\/2026\/03\/BE_Hasselt_Carousel.jpg\",\"contentUrl\":\"https:\/\/www.xiorstudenthousing.eu\/wp-content\/uploads\/2026\/03\/BE_Hasselt_Carousel.jpg\",\"width\":675,\"height\":900},{\"@type\":\"BreadcrumbList\",\"@id\":\"https:\/\/www.xiorstudenthousing.eu\/fr\/belgium\/hasselt\/#breadcrumb\",\"itemListElement\":[{\"@type\":\"ListItem\",\"position\":1,\"name\":\"Home\",\"item\":\"https:\/\/www.xiorstudenthousing.eu\/fr\/\"},{\"@type\":\"ListItem\",\"position\":2,\"name\":\"Belgium\",\"item\":\"https:\/\/www.xiorstudenthousing.eu\/fr\/belgium\/\"},{\"@type\":\"ListItem\",\"position\":3,\"name\":\"Hasselt\"}]},{\"@type\":\"WebSite\",\"@id\":\"https:\/\/www.xiorstudenthousing.eu\/fr\/#website\",\"url\":\"https:\/\/www.xiorstudenthousing.eu\/fr\/\",\"name\":\"Xior Student Housing\",\"description\":\"\",\"potentialAction\":[{\"@type\":\"SearchAction\",\"target\":{\"@type\":\"EntryPoint\",\"urlTemplate\":\"https:\/\/www.xiorstudenthousing.eu\/fr\/?s={search_term_string}\"},\"query-input\":{\"@type\":\"PropertyValueSpecification\",\"valueRequired\":true,\"valueName\":\"search_term_string\"}}],\"inLanguage\":\"fr-FR\"}]}<\/script>\n<!-- \/ Yoast SEO plugin. -->","yoast_head_json":{"title":"Chambres \u00e9tudiantes \u00e0 Hasselt | Options de logement \u00e9tudiant | Xior","description":"D\u00e9couvrez les r\u00e9sidences \u00e9tudiantes \u00e0 Hasselt\u00a0: emplacements centraux, espaces de coworking, espaces communs, wifi haut d\u00e9bit et ambiance conviviale. R\u00e9servez votre chambre Xior d\u00e8s maintenant\u00a0!","robots":{"index":"index","follow":"follow","max-snippet":"max-snippet:-1","max-image-preview":"max-image-preview:large","max-video-preview":"max-video-preview:-1"},"canonical":"https:\/\/www.xiorstudenthousing.eu\/fr\/belgium\/hasselt\/","og_locale":"fr_FR","og_type":"article","og_title":"Chambres \u00e9tudiantes \u00e0 Hasselt | Options de logement \u00e9tudiant | Xior","og_description":"D\u00e9couvrez les r\u00e9sidences \u00e9tudiantes \u00e0 Hasselt\u00a0: emplacements centraux, espaces de coworking, espaces communs, wifi haut d\u00e9bit et ambiance conviviale. R\u00e9servez votre chambre Xior d\u00e8s maintenant\u00a0!","og_url":"https:\/\/www.xiorstudenthousing.eu\/fr\/belgium\/hasselt\/","og_site_name":"Xior Student Housing","article_publisher":"https:\/\/www.facebook.com\/xiorstudenthousing","article_modified_time":"2026-04-17T16:57:54+00:00","og_image":[{"width":675,"height":900,"url":"https:\/\/www.xiorstudenthousing.eu\/wp-content\/uploads\/2026\/03\/BE_Hasselt_Carousel.jpg","type":"image\/jpeg"}],"twitter_card":"summary_large_image","twitter_site":"@xiorstudent","twitter_misc":{"Dur\u00e9e de lecture estim\u00e9e":"1 minute"},"schema":{"@context":"https:\/\/schema.org","@graph":[{"@type":"WebPage","@id":"https:\/\/www.xiorstudenthousing.eu\/fr\/belgium\/hasselt\/","url":"https:\/\/www.xiorstudenthousing.eu\/fr\/belgium\/hasselt\/","name":"Chambres \u00e9tudiantes \u00e0 Hasselt | Options de logement \u00e9tudiant | Xior","isPartOf":{"@id":"https:\/\/www.xiorstudenthousing.eu\/fr\/#website"},"primaryImageOfPage":{"@id":"https:\/\/www.xiorstudenthousing.eu\/fr\/belgium\/hasselt\/#primaryimage"},"image":{"@id":"https:\/\/www.xiorstudenthousing.eu\/fr\/belgium\/hasselt\/#primaryimage"},"thumbnailUrl":"https:\/\/www.xiorstudenthousing.eu\/wp-content\/uploads\/2026\/03\/BE_Hasselt_Carousel.jpg","datePublished":"2026-03-03T11:37:28+00:00","dateModified":"2026-04-17T16:57:54+00:00","description":"D\u00e9couvrez les r\u00e9sidences \u00e9tudiantes \u00e0 Hasselt\u00a0: emplacements centraux, espaces de coworking, espaces communs, wifi haut d\u00e9bit et ambiance conviviale. R\u00e9servez votre chambre Xior d\u00e8s maintenant\u00a0!","breadcrumb":{"@id":"https:\/\/www.xiorstudenthousing.eu\/fr\/belgium\/hasselt\/#breadcrumb"},"inLanguage":"fr-FR","potentialAction":[{"@type":"ReadAction","target":["https:\/\/www.xiorstudenthousing.eu\/fr\/belgium\/hasselt\/"]}]},{"@type":"ImageObject","inLanguage":"fr-FR","@id":"https:\/\/www.xiorstudenthousing.eu\/fr\/belgium\/hasselt\/#primaryimage","url":"https:\/\/www.xiorstudenthousing.eu\/wp-content\/uploads\/2026\/03\/BE_Hasselt_Carousel.jpg","contentUrl":"https:\/\/www.xiorstudenthousing.eu\/wp-content\/uploads\/2026\/03\/BE_Hasselt_Carousel.jpg","width":675,"height":900},{"@type":"BreadcrumbList","@id":"https:\/\/www.xiorstudenthousing.eu\/fr\/belgium\/hasselt\/#breadcrumb","itemListElement":[{"@type":"ListItem","position":1,"name":"Home","item":"https:\/\/www.xiorstudenthousing.eu\/fr\/"},{"@type":"ListItem","position":2,"name":"Belgium","item":"https:\/\/www.xiorstudenthousing.eu\/fr\/belgium\/"},{"@type":"ListItem","position":3,"name":"Hasselt"}]},{"@type":"WebSite","@id":"https:\/\/www.xiorstudenthousing.eu\/fr\/#website","url":"https:\/\/www.xiorstudenthousing.eu\/fr\/","name":"Xior Student Housing","description":"","potentialAction":[{"@type":"SearchAction","target":{"@type":"EntryPoint","urlTemplate":"https:\/\/www.xiorstudenthousing.eu\/fr\/?s={search_term_string}"},"query-input":{"@type":"PropertyValueSpecification","valueRequired":true,"valueName":"search_term_string"}}],"inLanguage":"fr-FR"}]}},"_links":{"self":[{"href":"https:\/\/www.xiorstudenthousing.eu\/fr\/wp-json\/wp\/v2\/pages\/29413","targetHints":{"allow":["GET"]}}],"collection":[{"href":"https:\/\/www.xiorstudenthousing.eu\/fr\/wp-json\/wp\/v2\/pages"}],"about":[{"href":"https:\/\/www.xiorstudenthousing.eu\/fr\/wp-json\/wp\/v2\/types\/page"}],"author":[{"embeddable":true,"href":"https:\/\/www.xiorstudenthousing.eu\/fr\/wp-json\/wp\/v2\/users\/1"}],"replies":[{"embeddable":true,"href":"https:\/\/www.xiorstudenthousing.eu\/fr\/wp-json\/wp\/v2\/comments?post=29413"}],"version-history":[{"count":6,"href":"https:\/\/www.xiorstudenthousing.eu\/fr\/wp-json\/wp\/v2\/pages\/29413\/revisions"}],"predecessor-version":[{"id":38080,"href":"https:\/\/www.xiorstudenthousing.eu\/fr\/wp-json\/wp\/v2\/pages\/29413\/revisions\/38080"}],"up":[{"embeddable":true,"href":"https:\/\/www.xiorstudenthousing.eu\/fr\/wp-json\/wp\/v2\/pages\/32166"}],"wp:featuredmedia":[{"embeddable":true,"href":"https:\/\/www.xiorstudenthousing.eu\/fr\/wp-json\/wp\/v2\/media\/23172"}],"wp:attachment":[{"href":"https:\/\/www.xiorstudenthousing.eu\/fr\/wp-json\/wp\/v2\/media?parent=29413"}],"curies":[{"name":"wp","href":"https:\/\/api.w.org\/{rel}","templated":true}]}}