{"id":29816,"date":"2026-03-03T11:37:29","date_gmt":"2026-03-03T11:37:29","guid":{"rendered":"https:\/\/www.xiorstudenthousing.eu\/liege\/"},"modified":"2026-04-17T13:36:56","modified_gmt":"2026-04-17T13:36:56","slug":"liege","status":"publish","type":"page","link":"https:\/\/www.xiorstudenthousing.eu\/fr\/belgium\/liege\/","title":{"rendered":"Liege"},"content":{"rendered":"","protected":false},"excerpt":{"rendered":"","protected":false},"author":1,"featured_media":23163,"parent":32166,"menu_order":0,"comment_status":"closed","ping_status":"closed","template":"templates\/city-template.php","meta":{"_acf_changed":false,"footnotes":""},"class_list":["post-29816","page","type-page","status-publish","has-post-thumbnail","hentry"],"acf":[],"yoast_head":"<!-- This site is optimized with the Yoast SEO plugin v27.1.1 - https:\/\/yoast.com\/product\/yoast-seo-wordpress\/ -->\n<title>Logements \u00e9tudiants \u00e0 Li\u00e8ge | Chambres priv\u00e9es et dortoirs | Xior<\/title>\n<meta name=\"description\" content=\"Trouvez une chambre \u00e9tudiante \u00e0 Li\u00e8ge, \u00e0 proximit\u00e9 des universit\u00e9s, avec toutes les commodit\u00e9s incluses\u00a0: espaces communs, wifi haut d\u00e9bit et r\u00e9sidence \u00e9tudiante s\u00e9curis\u00e9e. R\u00e9servez votre logement d\u00e8s aujourd\u2019hui.\" \/>\n<meta name=\"robots\" content=\"index, follow, max-snippet:-1, max-image-preview:large, max-video-preview:-1\" \/>\n<link rel=\"canonical\" href=\"https:\/\/www.xiorstudenthousing.eu\/fr\/belgium\/liege\/\" \/>\n<meta property=\"og:locale\" content=\"fr_FR\" \/>\n<meta property=\"og:type\" content=\"article\" \/>\n<meta property=\"og:title\" content=\"Logements \u00e9tudiants \u00e0 Li\u00e8ge | Chambres priv\u00e9es et dortoirs | Xior\" \/>\n<meta property=\"og:description\" content=\"Trouvez une chambre \u00e9tudiante \u00e0 Li\u00e8ge, \u00e0 proximit\u00e9 des universit\u00e9s, avec toutes les commodit\u00e9s incluses\u00a0: espaces communs, wifi haut d\u00e9bit et r\u00e9sidence \u00e9tudiante s\u00e9curis\u00e9e. R\u00e9servez votre logement d\u00e8s aujourd\u2019hui.\" \/>\n<meta property=\"og:url\" content=\"https:\/\/www.xiorstudenthousing.eu\/fr\/belgium\/liege\/\" \/>\n<meta property=\"og:site_name\" content=\"Xior Student Housing\" \/>\n<meta property=\"article:publisher\" content=\"https:\/\/www.facebook.com\/xiorstudenthousing\" \/>\n<meta property=\"article:modified_time\" content=\"2026-04-17T13:36:56+00:00\" \/>\n<meta property=\"og:image\" content=\"https:\/\/www.xiorstudenthousing.eu\/wp-content\/uploads\/2026\/03\/BE_Liege_Carousel.jpg\" \/>\n\t<meta property=\"og:image:width\" content=\"675\" \/>\n\t<meta property=\"og:image:height\" content=\"900\" \/>\n\t<meta property=\"og:image:type\" content=\"image\/jpeg\" \/>\n<meta name=\"twitter:card\" content=\"summary_large_image\" \/>\n<meta name=\"twitter:site\" content=\"@xiorstudent\" \/>\n<meta name=\"twitter:label1\" content=\"Dur\u00e9e de lecture estim\u00e9e\" \/>\n\t<meta name=\"twitter:data1\" content=\"1 minute\" \/>\n<script type=\"application\/ld+json\" class=\"yoast-schema-graph\">{\"@context\":\"https:\/\/schema.org\",\"@graph\":[{\"@type\":\"WebPage\",\"@id\":\"https:\/\/www.xiorstudenthousing.eu\/fr\/belgium\/liege\/\",\"url\":\"https:\/\/www.xiorstudenthousing.eu\/fr\/belgium\/liege\/\",\"name\":\"Logements \u00e9tudiants \u00e0 Li\u00e8ge | Chambres priv\u00e9es et dortoirs | Xior\",\"isPartOf\":{\"@id\":\"https:\/\/www.xiorstudenthousing.eu\/fr\/#website\"},\"primaryImageOfPage\":{\"@id\":\"https:\/\/www.xiorstudenthousing.eu\/fr\/belgium\/liege\/#primaryimage\"},\"image\":{\"@id\":\"https:\/\/www.xiorstudenthousing.eu\/fr\/belgium\/liege\/#primaryimage\"},\"thumbnailUrl\":\"https:\/\/www.xiorstudenthousing.eu\/wp-content\/uploads\/2026\/03\/BE_Liege_Carousel.jpg\",\"datePublished\":\"2026-03-03T11:37:29+00:00\",\"dateModified\":\"2026-04-17T13:36:56+00:00\",\"description\":\"Trouvez une chambre \u00e9tudiante \u00e0 Li\u00e8ge, \u00e0 proximit\u00e9 des universit\u00e9s, avec toutes les commodit\u00e9s incluses\u00a0: espaces communs, wifi haut d\u00e9bit et r\u00e9sidence \u00e9tudiante s\u00e9curis\u00e9e. R\u00e9servez votre logement d\u00e8s aujourd\u2019hui.\",\"breadcrumb\":{\"@id\":\"https:\/\/www.xiorstudenthousing.eu\/fr\/belgium\/liege\/#breadcrumb\"},\"inLanguage\":\"fr-FR\",\"potentialAction\":[{\"@type\":\"ReadAction\",\"target\":[\"https:\/\/www.xiorstudenthousing.eu\/fr\/belgium\/liege\/\"]}]},{\"@type\":\"ImageObject\",\"inLanguage\":\"fr-FR\",\"@id\":\"https:\/\/www.xiorstudenthousing.eu\/fr\/belgium\/liege\/#primaryimage\",\"url\":\"https:\/\/www.xiorstudenthousing.eu\/wp-content\/uploads\/2026\/03\/BE_Liege_Carousel.jpg\",\"contentUrl\":\"https:\/\/www.xiorstudenthousing.eu\/wp-content\/uploads\/2026\/03\/BE_Liege_Carousel.jpg\",\"width\":675,\"height\":900},{\"@type\":\"BreadcrumbList\",\"@id\":\"https:\/\/www.xiorstudenthousing.eu\/fr\/belgium\/liege\/#breadcrumb\",\"itemListElement\":[{\"@type\":\"ListItem\",\"position\":1,\"name\":\"Home\",\"item\":\"https:\/\/www.xiorstudenthousing.eu\/fr\/\"},{\"@type\":\"ListItem\",\"position\":2,\"name\":\"Belgium\",\"item\":\"https:\/\/www.xiorstudenthousing.eu\/fr\/belgium\/\"},{\"@type\":\"ListItem\",\"position\":3,\"name\":\"Liege\"}]},{\"@type\":\"WebSite\",\"@id\":\"https:\/\/www.xiorstudenthousing.eu\/fr\/#website\",\"url\":\"https:\/\/www.xiorstudenthousing.eu\/fr\/\",\"name\":\"Xior Student Housing\",\"description\":\"\",\"potentialAction\":[{\"@type\":\"SearchAction\",\"target\":{\"@type\":\"EntryPoint\",\"urlTemplate\":\"https:\/\/www.xiorstudenthousing.eu\/fr\/?s={search_term_string}\"},\"query-input\":{\"@type\":\"PropertyValueSpecification\",\"valueRequired\":true,\"valueName\":\"search_term_string\"}}],\"inLanguage\":\"fr-FR\"}]}<\/script>\n<!-- \/ Yoast SEO plugin. -->","yoast_head_json":{"title":"Logements \u00e9tudiants \u00e0 Li\u00e8ge | Chambres priv\u00e9es et dortoirs | Xior","description":"Trouvez une chambre \u00e9tudiante \u00e0 Li\u00e8ge, \u00e0 proximit\u00e9 des universit\u00e9s, avec toutes les commodit\u00e9s incluses\u00a0: espaces communs, wifi haut d\u00e9bit et r\u00e9sidence \u00e9tudiante s\u00e9curis\u00e9e. R\u00e9servez votre logement d\u00e8s aujourd\u2019hui.","robots":{"index":"index","follow":"follow","max-snippet":"max-snippet:-1","max-image-preview":"max-image-preview:large","max-video-preview":"max-video-preview:-1"},"canonical":"https:\/\/www.xiorstudenthousing.eu\/fr\/belgium\/liege\/","og_locale":"fr_FR","og_type":"article","og_title":"Logements \u00e9tudiants \u00e0 Li\u00e8ge | Chambres priv\u00e9es et dortoirs | Xior","og_description":"Trouvez une chambre \u00e9tudiante \u00e0 Li\u00e8ge, \u00e0 proximit\u00e9 des universit\u00e9s, avec toutes les commodit\u00e9s incluses\u00a0: espaces communs, wifi haut d\u00e9bit et r\u00e9sidence \u00e9tudiante s\u00e9curis\u00e9e. R\u00e9servez votre logement d\u00e8s aujourd\u2019hui.","og_url":"https:\/\/www.xiorstudenthousing.eu\/fr\/belgium\/liege\/","og_site_name":"Xior Student Housing","article_publisher":"https:\/\/www.facebook.com\/xiorstudenthousing","article_modified_time":"2026-04-17T13:36:56+00:00","og_image":[{"width":675,"height":900,"url":"https:\/\/www.xiorstudenthousing.eu\/wp-content\/uploads\/2026\/03\/BE_Liege_Carousel.jpg","type":"image\/jpeg"}],"twitter_card":"summary_large_image","twitter_site":"@xiorstudent","twitter_misc":{"Dur\u00e9e de lecture estim\u00e9e":"1 minute"},"schema":{"@context":"https:\/\/schema.org","@graph":[{"@type":"WebPage","@id":"https:\/\/www.xiorstudenthousing.eu\/fr\/belgium\/liege\/","url":"https:\/\/www.xiorstudenthousing.eu\/fr\/belgium\/liege\/","name":"Logements \u00e9tudiants \u00e0 Li\u00e8ge | Chambres priv\u00e9es et dortoirs | Xior","isPartOf":{"@id":"https:\/\/www.xiorstudenthousing.eu\/fr\/#website"},"primaryImageOfPage":{"@id":"https:\/\/www.xiorstudenthousing.eu\/fr\/belgium\/liege\/#primaryimage"},"image":{"@id":"https:\/\/www.xiorstudenthousing.eu\/fr\/belgium\/liege\/#primaryimage"},"thumbnailUrl":"https:\/\/www.xiorstudenthousing.eu\/wp-content\/uploads\/2026\/03\/BE_Liege_Carousel.jpg","datePublished":"2026-03-03T11:37:29+00:00","dateModified":"2026-04-17T13:36:56+00:00","description":"Trouvez une chambre \u00e9tudiante \u00e0 Li\u00e8ge, \u00e0 proximit\u00e9 des universit\u00e9s, avec toutes les commodit\u00e9s incluses\u00a0: espaces communs, wifi haut d\u00e9bit et r\u00e9sidence \u00e9tudiante s\u00e9curis\u00e9e. R\u00e9servez votre logement d\u00e8s aujourd\u2019hui.","breadcrumb":{"@id":"https:\/\/www.xiorstudenthousing.eu\/fr\/belgium\/liege\/#breadcrumb"},"inLanguage":"fr-FR","potentialAction":[{"@type":"ReadAction","target":["https:\/\/www.xiorstudenthousing.eu\/fr\/belgium\/liege\/"]}]},{"@type":"ImageObject","inLanguage":"fr-FR","@id":"https:\/\/www.xiorstudenthousing.eu\/fr\/belgium\/liege\/#primaryimage","url":"https:\/\/www.xiorstudenthousing.eu\/wp-content\/uploads\/2026\/03\/BE_Liege_Carousel.jpg","contentUrl":"https:\/\/www.xiorstudenthousing.eu\/wp-content\/uploads\/2026\/03\/BE_Liege_Carousel.jpg","width":675,"height":900},{"@type":"BreadcrumbList","@id":"https:\/\/www.xiorstudenthousing.eu\/fr\/belgium\/liege\/#breadcrumb","itemListElement":[{"@type":"ListItem","position":1,"name":"Home","item":"https:\/\/www.xiorstudenthousing.eu\/fr\/"},{"@type":"ListItem","position":2,"name":"Belgium","item":"https:\/\/www.xiorstudenthousing.eu\/fr\/belgium\/"},{"@type":"ListItem","position":3,"name":"Liege"}]},{"@type":"WebSite","@id":"https:\/\/www.xiorstudenthousing.eu\/fr\/#website","url":"https:\/\/www.xiorstudenthousing.eu\/fr\/","name":"Xior Student Housing","description":"","potentialAction":[{"@type":"SearchAction","target":{"@type":"EntryPoint","urlTemplate":"https:\/\/www.xiorstudenthousing.eu\/fr\/?s={search_term_string}"},"query-input":{"@type":"PropertyValueSpecification","valueRequired":true,"valueName":"search_term_string"}}],"inLanguage":"fr-FR"}]}},"_links":{"self":[{"href":"https:\/\/www.xiorstudenthousing.eu\/fr\/wp-json\/wp\/v2\/pages\/29816","targetHints":{"allow":["GET"]}}],"collection":[{"href":"https:\/\/www.xiorstudenthousing.eu\/fr\/wp-json\/wp\/v2\/pages"}],"about":[{"href":"https:\/\/www.xiorstudenthousing.eu\/fr\/wp-json\/wp\/v2\/types\/page"}],"author":[{"embeddable":true,"href":"https:\/\/www.xiorstudenthousing.eu\/fr\/wp-json\/wp\/v2\/users\/1"}],"replies":[{"embeddable":true,"href":"https:\/\/www.xiorstudenthousing.eu\/fr\/wp-json\/wp\/v2\/comments?post=29816"}],"version-history":[{"count":4,"href":"https:\/\/www.xiorstudenthousing.eu\/fr\/wp-json\/wp\/v2\/pages\/29816\/revisions"}],"predecessor-version":[{"id":38008,"href":"https:\/\/www.xiorstudenthousing.eu\/fr\/wp-json\/wp\/v2\/pages\/29816\/revisions\/38008"}],"up":[{"embeddable":true,"href":"https:\/\/www.xiorstudenthousing.eu\/fr\/wp-json\/wp\/v2\/pages\/32166"}],"wp:featuredmedia":[{"embeddable":true,"href":"https:\/\/www.xiorstudenthousing.eu\/fr\/wp-json\/wp\/v2\/media\/23163"}],"wp:attachment":[{"href":"https:\/\/www.xiorstudenthousing.eu\/fr\/wp-json\/wp\/v2\/media?parent=29816"}],"curies":[{"name":"wp","href":"https:\/\/api.w.org\/{rel}","templated":true}]}}