{"id":30048,"date":"2026-03-16T10:44:32","date_gmt":"2026-03-16T10:44:32","guid":{"rendered":"https:\/\/www.xiorstudenthousing.eu\/our-community\/"},"modified":"2026-04-09T09:10:16","modified_gmt":"2026-04-09T09:10:16","slug":"our-community","status":"publish","type":"page","link":"https:\/\/www.xiorstudenthousing.eu\/fr\/our-community\/","title":{"rendered":"Our Community"},"content":{"rendered":"","protected":false},"excerpt":{"rendered":"","protected":false},"author":1,"featured_media":0,"parent":0,"menu_order":0,"comment_status":"closed","ping_status":"closed","template":"","meta":{"_acf_changed":false,"footnotes":""},"class_list":["post-30048","page","type-page","status-publish","hentry"],"acf":[],"yoast_head":"<!-- This site is optimized with the Yoast SEO plugin v27.1.1 - https:\/\/yoast.com\/product\/yoast-seo-wordpress\/ -->\n<title>Vie \u00e9tudiante \u00e0 Xior | Logement \u00e9tudiant | Xior<\/title>\n<meta name=\"description\" content=\"Xior cr\u00e9e des communaut\u00e9s \u00e9tudiantes s\u00fbres et accueillantes o\u00f9 chacun se sent chez soi. Espaces partag\u00e9s, \u00e9v\u00e9nements sociaux et rencontres diverses contribuent \u00e0 ce que tous se sentent pleinement int\u00e9gr\u00e9s.\" \/>\n<meta name=\"robots\" content=\"index, follow, max-snippet:-1, max-image-preview:large, max-video-preview:-1\" \/>\n<link rel=\"canonical\" href=\"https:\/\/www.xiorstudenthousing.eu\/fr\/our-community\/\" \/>\n<meta property=\"og:locale\" content=\"fr_FR\" \/>\n<meta property=\"og:type\" content=\"article\" \/>\n<meta property=\"og:title\" content=\"Vie \u00e9tudiante \u00e0 Xior | Logement \u00e9tudiant | Xior\" \/>\n<meta property=\"og:description\" content=\"Xior cr\u00e9e des communaut\u00e9s \u00e9tudiantes s\u00fbres et accueillantes o\u00f9 chacun se sent chez soi. Espaces partag\u00e9s, \u00e9v\u00e9nements sociaux et rencontres diverses contribuent \u00e0 ce que tous se sentent pleinement int\u00e9gr\u00e9s.\" \/>\n<meta property=\"og:url\" content=\"https:\/\/www.xiorstudenthousing.eu\/fr\/our-community\/\" \/>\n<meta property=\"og:site_name\" content=\"Xior Student Housing\" \/>\n<meta property=\"article:publisher\" content=\"https:\/\/www.facebook.com\/xiorstudenthousing\" \/>\n<meta property=\"article:modified_time\" content=\"2026-04-09T09:10:16+00:00\" \/>\n<meta name=\"twitter:card\" content=\"summary_large_image\" \/>\n<meta name=\"twitter:site\" content=\"@xiorstudent\" \/>\n<script type=\"application\/ld+json\" class=\"yoast-schema-graph\">{\"@context\":\"https:\/\/schema.org\",\"@graph\":[{\"@type\":\"WebPage\",\"@id\":\"https:\/\/www.xiorstudenthousing.eu\/fr\/our-community\/\",\"url\":\"https:\/\/www.xiorstudenthousing.eu\/fr\/our-community\/\",\"name\":\"Vie \u00e9tudiante \u00e0 Xior | Logement \u00e9tudiant | Xior\",\"isPartOf\":{\"@id\":\"https:\/\/www.xiorstudenthousing.eu\/fr\/#website\"},\"datePublished\":\"2026-03-16T10:44:32+00:00\",\"dateModified\":\"2026-04-09T09:10:16+00:00\",\"description\":\"Xior cr\u00e9e des communaut\u00e9s \u00e9tudiantes s\u00fbres et accueillantes o\u00f9 chacun se sent chez soi. Espaces partag\u00e9s, \u00e9v\u00e9nements sociaux et rencontres diverses contribuent \u00e0 ce que tous se sentent pleinement int\u00e9gr\u00e9s.\",\"breadcrumb\":{\"@id\":\"https:\/\/www.xiorstudenthousing.eu\/fr\/our-community\/#breadcrumb\"},\"inLanguage\":\"fr-FR\",\"potentialAction\":[{\"@type\":\"ReadAction\",\"target\":[\"https:\/\/www.xiorstudenthousing.eu\/fr\/our-community\/\"]}]},{\"@type\":\"BreadcrumbList\",\"@id\":\"https:\/\/www.xiorstudenthousing.eu\/fr\/our-community\/#breadcrumb\",\"itemListElement\":[{\"@type\":\"ListItem\",\"position\":1,\"name\":\"Home\",\"item\":\"https:\/\/www.xiorstudenthousing.eu\/fr\/\"},{\"@type\":\"ListItem\",\"position\":2,\"name\":\"Our Community\"}]},{\"@type\":\"WebSite\",\"@id\":\"https:\/\/www.xiorstudenthousing.eu\/fr\/#website\",\"url\":\"https:\/\/www.xiorstudenthousing.eu\/fr\/\",\"name\":\"Xior Student Housing\",\"description\":\"\",\"potentialAction\":[{\"@type\":\"SearchAction\",\"target\":{\"@type\":\"EntryPoint\",\"urlTemplate\":\"https:\/\/www.xiorstudenthousing.eu\/fr\/?s={search_term_string}\"},\"query-input\":{\"@type\":\"PropertyValueSpecification\",\"valueRequired\":true,\"valueName\":\"search_term_string\"}}],\"inLanguage\":\"fr-FR\"}]}<\/script>\n<!-- \/ Yoast SEO plugin. -->","yoast_head_json":{"title":"Vie \u00e9tudiante \u00e0 Xior | Logement \u00e9tudiant | Xior","description":"Xior cr\u00e9e des communaut\u00e9s \u00e9tudiantes s\u00fbres et accueillantes o\u00f9 chacun se sent chez soi. Espaces partag\u00e9s, \u00e9v\u00e9nements sociaux et rencontres diverses contribuent \u00e0 ce que tous se sentent pleinement int\u00e9gr\u00e9s.","robots":{"index":"index","follow":"follow","max-snippet":"max-snippet:-1","max-image-preview":"max-image-preview:large","max-video-preview":"max-video-preview:-1"},"canonical":"https:\/\/www.xiorstudenthousing.eu\/fr\/our-community\/","og_locale":"fr_FR","og_type":"article","og_title":"Vie \u00e9tudiante \u00e0 Xior | Logement \u00e9tudiant | Xior","og_description":"Xior cr\u00e9e des communaut\u00e9s \u00e9tudiantes s\u00fbres et accueillantes o\u00f9 chacun se sent chez soi. Espaces partag\u00e9s, \u00e9v\u00e9nements sociaux et rencontres diverses contribuent \u00e0 ce que tous se sentent pleinement int\u00e9gr\u00e9s.","og_url":"https:\/\/www.xiorstudenthousing.eu\/fr\/our-community\/","og_site_name":"Xior Student Housing","article_publisher":"https:\/\/www.facebook.com\/xiorstudenthousing","article_modified_time":"2026-04-09T09:10:16+00:00","twitter_card":"summary_large_image","twitter_site":"@xiorstudent","schema":{"@context":"https:\/\/schema.org","@graph":[{"@type":"WebPage","@id":"https:\/\/www.xiorstudenthousing.eu\/fr\/our-community\/","url":"https:\/\/www.xiorstudenthousing.eu\/fr\/our-community\/","name":"Vie \u00e9tudiante \u00e0 Xior | Logement \u00e9tudiant | Xior","isPartOf":{"@id":"https:\/\/www.xiorstudenthousing.eu\/fr\/#website"},"datePublished":"2026-03-16T10:44:32+00:00","dateModified":"2026-04-09T09:10:16+00:00","description":"Xior cr\u00e9e des communaut\u00e9s \u00e9tudiantes s\u00fbres et accueillantes o\u00f9 chacun se sent chez soi. Espaces partag\u00e9s, \u00e9v\u00e9nements sociaux et rencontres diverses contribuent \u00e0 ce que tous se sentent pleinement int\u00e9gr\u00e9s.","breadcrumb":{"@id":"https:\/\/www.xiorstudenthousing.eu\/fr\/our-community\/#breadcrumb"},"inLanguage":"fr-FR","potentialAction":[{"@type":"ReadAction","target":["https:\/\/www.xiorstudenthousing.eu\/fr\/our-community\/"]}]},{"@type":"BreadcrumbList","@id":"https:\/\/www.xiorstudenthousing.eu\/fr\/our-community\/#breadcrumb","itemListElement":[{"@type":"ListItem","position":1,"name":"Home","item":"https:\/\/www.xiorstudenthousing.eu\/fr\/"},{"@type":"ListItem","position":2,"name":"Our Community"}]},{"@type":"WebSite","@id":"https:\/\/www.xiorstudenthousing.eu\/fr\/#website","url":"https:\/\/www.xiorstudenthousing.eu\/fr\/","name":"Xior Student Housing","description":"","potentialAction":[{"@type":"SearchAction","target":{"@type":"EntryPoint","urlTemplate":"https:\/\/www.xiorstudenthousing.eu\/fr\/?s={search_term_string}"},"query-input":{"@type":"PropertyValueSpecification","valueRequired":true,"valueName":"search_term_string"}}],"inLanguage":"fr-FR"}]}},"_links":{"self":[{"href":"https:\/\/www.xiorstudenthousing.eu\/fr\/wp-json\/wp\/v2\/pages\/30048","targetHints":{"allow":["GET"]}}],"collection":[{"href":"https:\/\/www.xiorstudenthousing.eu\/fr\/wp-json\/wp\/v2\/pages"}],"about":[{"href":"https:\/\/www.xiorstudenthousing.eu\/fr\/wp-json\/wp\/v2\/types\/page"}],"author":[{"embeddable":true,"href":"https:\/\/www.xiorstudenthousing.eu\/fr\/wp-json\/wp\/v2\/users\/1"}],"replies":[{"embeddable":true,"href":"https:\/\/www.xiorstudenthousing.eu\/fr\/wp-json\/wp\/v2\/comments?post=30048"}],"version-history":[{"count":7,"href":"https:\/\/www.xiorstudenthousing.eu\/fr\/wp-json\/wp\/v2\/pages\/30048\/revisions"}],"predecessor-version":[{"id":33988,"href":"https:\/\/www.xiorstudenthousing.eu\/fr\/wp-json\/wp\/v2\/pages\/30048\/revisions\/33988"}],"wp:attachment":[{"href":"https:\/\/www.xiorstudenthousing.eu\/fr\/wp-json\/wp\/v2\/media?parent=30048"}],"curies":[{"name":"wp","href":"https:\/\/api.w.org\/{rel}","templated":true}]}}