{"id":21405,"date":"2026-03-04T18:37:25","date_gmt":"2026-03-04T18:37:25","guid":{"rendered":"https:\/\/www.xiorstudenthousing.eu\/ariensplein-coliving\/"},"modified":"2026-04-21T15:52:43","modified_gmt":"2026-04-21T15:52:43","slug":"ariensplein-coliving","status":"publish","type":"page","link":"https:\/\/www.xiorstudenthousing.eu\/nl\/netherlands\/enschede\/ariensplein-coliving\/","title":{"rendered":"Ari\u00ebnsplein &#8211; young professional"},"content":{"rendered":"","protected":false},"excerpt":{"rendered":"","protected":false},"author":1,"featured_media":0,"parent":27518,"menu_order":0,"comment_status":"closed","ping_status":"closed","template":"templates\/property-template.php","meta":{"_acf_changed":false,"footnotes":""},"class_list":["post-21405","page","type-page","status-publish","hentry"],"acf":[],"yoast_head":"<!-- This site is optimized with the Yoast SEO plugin v27.1.1 - https:\/\/yoast.com\/product\/yoast-seo-wordpress\/ -->\n<title>Accommodatie in Enschede | Ari\u00ebnsplein - jonge professional | Xior<\/title>\n<meta name=\"description\" content=\"Ari\u00ebnsplein - accommodatie voor jonge professionals in Enschede biedt priv\u00e9kamers, gemeenschappelijke ruimtes, snelle wifi en beveiligde toegang vlakbij universiteiten.\" \/>\n<meta name=\"robots\" content=\"index, follow, max-snippet:-1, max-image-preview:large, max-video-preview:-1\" \/>\n<link rel=\"canonical\" href=\"https:\/\/www.xiorstudenthousing.eu\/nl\/netherlands\/enschede\/ariensplein-coliving\/\" \/>\n<meta property=\"og:locale\" content=\"nl_NL\" \/>\n<meta property=\"og:type\" content=\"article\" \/>\n<meta property=\"og:title\" content=\"Accommodatie in Enschede | Ari\u00ebnsplein - jonge professional | Xior\" \/>\n<meta property=\"og:description\" content=\"Ari\u00ebnsplein - accommodatie voor jonge professionals in Enschede biedt priv\u00e9kamers, gemeenschappelijke ruimtes, snelle wifi en beveiligde toegang vlakbij universiteiten.\" \/>\n<meta property=\"og:url\" content=\"https:\/\/www.xiorstudenthousing.eu\/nl\/netherlands\/enschede\/ariensplein-coliving\/\" \/>\n<meta property=\"og:site_name\" content=\"Xior Student Housing\" \/>\n<meta property=\"article:publisher\" content=\"https:\/\/www.facebook.com\/xiorstudenthousing\" \/>\n<meta property=\"article:modified_time\" content=\"2026-04-21T15:52:43+00:00\" \/>\n<meta name=\"twitter:card\" content=\"summary_large_image\" \/>\n<meta name=\"twitter:site\" content=\"@xiorstudent\" \/>\n<script type=\"application\/ld+json\" class=\"yoast-schema-graph\">{\"@context\":\"https:\/\/schema.org\",\"@graph\":[{\"@type\":\"WebPage\",\"@id\":\"https:\/\/www.xiorstudenthousing.eu\/nl\/netherlands\/enschede\/ariensplein-coliving\/\",\"url\":\"https:\/\/www.xiorstudenthousing.eu\/nl\/netherlands\/enschede\/ariensplein-coliving\/\",\"name\":\"Accommodatie in Enschede | Ari\u00ebnsplein - jonge professional | Xior\",\"isPartOf\":{\"@id\":\"https:\/\/www.xiorstudenthousing.eu\/nl\/#website\"},\"datePublished\":\"2026-03-04T18:37:25+00:00\",\"dateModified\":\"2026-04-21T15:52:43+00:00\",\"description\":\"Ari\u00ebnsplein - accommodatie voor jonge professionals in Enschede biedt priv\u00e9kamers, gemeenschappelijke ruimtes, snelle wifi en beveiligde toegang vlakbij universiteiten.\",\"breadcrumb\":{\"@id\":\"https:\/\/www.xiorstudenthousing.eu\/nl\/netherlands\/enschede\/ariensplein-coliving\/#breadcrumb\"},\"inLanguage\":\"nl-NL\",\"potentialAction\":[{\"@type\":\"ReadAction\",\"target\":[\"https:\/\/www.xiorstudenthousing.eu\/nl\/netherlands\/enschede\/ariensplein-coliving\/\"]}]},{\"@type\":\"BreadcrumbList\",\"@id\":\"https:\/\/www.xiorstudenthousing.eu\/nl\/netherlands\/enschede\/ariensplein-coliving\/#breadcrumb\",\"itemListElement\":[{\"@type\":\"ListItem\",\"position\":1,\"name\":\"Home\",\"item\":\"https:\/\/www.xiorstudenthousing.eu\/nl\/\"},{\"@type\":\"ListItem\",\"position\":2,\"name\":\"Netherlands\",\"item\":\"https:\/\/www.xiorstudenthousing.eu\/nl\/netherlands\/\"},{\"@type\":\"ListItem\",\"position\":3,\"name\":\"Enschede\",\"item\":\"https:\/\/www.xiorstudenthousing.eu\/nl\/netherlands\/enschede\/\"},{\"@type\":\"ListItem\",\"position\":4,\"name\":\"Ari\u00ebnsplein &#8211; young professional\"}]},{\"@type\":\"WebSite\",\"@id\":\"https:\/\/www.xiorstudenthousing.eu\/nl\/#website\",\"url\":\"https:\/\/www.xiorstudenthousing.eu\/nl\/\",\"name\":\"Xior Student Housing\",\"description\":\"\",\"potentialAction\":[{\"@type\":\"SearchAction\",\"target\":{\"@type\":\"EntryPoint\",\"urlTemplate\":\"https:\/\/www.xiorstudenthousing.eu\/nl\/?s={search_term_string}\"},\"query-input\":{\"@type\":\"PropertyValueSpecification\",\"valueRequired\":true,\"valueName\":\"search_term_string\"}}],\"inLanguage\":\"nl-NL\"}]}<\/script>\n<!-- \/ Yoast SEO plugin. -->","yoast_head_json":{"title":"Accommodatie in Enschede | Ari\u00ebnsplein - jonge professional | Xior","description":"Ari\u00ebnsplein - accommodatie voor jonge professionals in Enschede biedt priv\u00e9kamers, gemeenschappelijke ruimtes, snelle wifi en beveiligde toegang vlakbij universiteiten.","robots":{"index":"index","follow":"follow","max-snippet":"max-snippet:-1","max-image-preview":"max-image-preview:large","max-video-preview":"max-video-preview:-1"},"canonical":"https:\/\/www.xiorstudenthousing.eu\/nl\/netherlands\/enschede\/ariensplein-coliving\/","og_locale":"nl_NL","og_type":"article","og_title":"Accommodatie in Enschede | Ari\u00ebnsplein - jonge professional | Xior","og_description":"Ari\u00ebnsplein - accommodatie voor jonge professionals in Enschede biedt priv\u00e9kamers, gemeenschappelijke ruimtes, snelle wifi en beveiligde toegang vlakbij universiteiten.","og_url":"https:\/\/www.xiorstudenthousing.eu\/nl\/netherlands\/enschede\/ariensplein-coliving\/","og_site_name":"Xior Student Housing","article_publisher":"https:\/\/www.facebook.com\/xiorstudenthousing","article_modified_time":"2026-04-21T15:52:43+00:00","twitter_card":"summary_large_image","twitter_site":"@xiorstudent","schema":{"@context":"https:\/\/schema.org","@graph":[{"@type":"WebPage","@id":"https:\/\/www.xiorstudenthousing.eu\/nl\/netherlands\/enschede\/ariensplein-coliving\/","url":"https:\/\/www.xiorstudenthousing.eu\/nl\/netherlands\/enschede\/ariensplein-coliving\/","name":"Accommodatie in Enschede | Ari\u00ebnsplein - jonge professional | Xior","isPartOf":{"@id":"https:\/\/www.xiorstudenthousing.eu\/nl\/#website"},"datePublished":"2026-03-04T18:37:25+00:00","dateModified":"2026-04-21T15:52:43+00:00","description":"Ari\u00ebnsplein - accommodatie voor jonge professionals in Enschede biedt priv\u00e9kamers, gemeenschappelijke ruimtes, snelle wifi en beveiligde toegang vlakbij universiteiten.","breadcrumb":{"@id":"https:\/\/www.xiorstudenthousing.eu\/nl\/netherlands\/enschede\/ariensplein-coliving\/#breadcrumb"},"inLanguage":"nl-NL","potentialAction":[{"@type":"ReadAction","target":["https:\/\/www.xiorstudenthousing.eu\/nl\/netherlands\/enschede\/ariensplein-coliving\/"]}]},{"@type":"BreadcrumbList","@id":"https:\/\/www.xiorstudenthousing.eu\/nl\/netherlands\/enschede\/ariensplein-coliving\/#breadcrumb","itemListElement":[{"@type":"ListItem","position":1,"name":"Home","item":"https:\/\/www.xiorstudenthousing.eu\/nl\/"},{"@type":"ListItem","position":2,"name":"Netherlands","item":"https:\/\/www.xiorstudenthousing.eu\/nl\/netherlands\/"},{"@type":"ListItem","position":3,"name":"Enschede","item":"https:\/\/www.xiorstudenthousing.eu\/nl\/netherlands\/enschede\/"},{"@type":"ListItem","position":4,"name":"Ari\u00ebnsplein &#8211; young professional"}]},{"@type":"WebSite","@id":"https:\/\/www.xiorstudenthousing.eu\/nl\/#website","url":"https:\/\/www.xiorstudenthousing.eu\/nl\/","name":"Xior Student Housing","description":"","potentialAction":[{"@type":"SearchAction","target":{"@type":"EntryPoint","urlTemplate":"https:\/\/www.xiorstudenthousing.eu\/nl\/?s={search_term_string}"},"query-input":{"@type":"PropertyValueSpecification","valueRequired":true,"valueName":"search_term_string"}}],"inLanguage":"nl-NL"}]}},"_links":{"self":[{"href":"https:\/\/www.xiorstudenthousing.eu\/nl\/wp-json\/wp\/v2\/pages\/21405","targetHints":{"allow":["GET"]}}],"collection":[{"href":"https:\/\/www.xiorstudenthousing.eu\/nl\/wp-json\/wp\/v2\/pages"}],"about":[{"href":"https:\/\/www.xiorstudenthousing.eu\/nl\/wp-json\/wp\/v2\/types\/page"}],"author":[{"embeddable":true,"href":"https:\/\/www.xiorstudenthousing.eu\/nl\/wp-json\/wp\/v2\/users\/1"}],"replies":[{"embeddable":true,"href":"https:\/\/www.xiorstudenthousing.eu\/nl\/wp-json\/wp\/v2\/comments?post=21405"}],"version-history":[{"count":9,"href":"https:\/\/www.xiorstudenthousing.eu\/nl\/wp-json\/wp\/v2\/pages\/21405\/revisions"}],"predecessor-version":[{"id":38604,"href":"https:\/\/www.xiorstudenthousing.eu\/nl\/wp-json\/wp\/v2\/pages\/21405\/revisions\/38604"}],"up":[{"embeddable":true,"href":"https:\/\/www.xiorstudenthousing.eu\/nl\/wp-json\/wp\/v2\/pages\/27518"}],"wp:attachment":[{"href":"https:\/\/www.xiorstudenthousing.eu\/nl\/wp-json\/wp\/v2\/media?parent=21405"}],"curies":[{"name":"wp","href":"https:\/\/api.w.org\/{rel}","templated":true}]}}