{"id":34536,"date":"2026-03-16T10:50:21","date_gmt":"2026-03-16T10:50:21","guid":{"rendered":"https:\/\/www.xiorstudenthousing.eu\/parents\/"},"modified":"2026-04-10T14:26:49","modified_gmt":"2026-04-10T14:26:49","slug":"parent-hub","status":"publish","type":"page","link":"https:\/\/www.xiorstudenthousing.eu\/pl\/parent-hub\/","title":{"rendered":"Parent Hub"},"content":{"rendered":"","protected":false},"excerpt":{"rendered":"","protected":false},"author":1,"featured_media":0,"parent":0,"menu_order":0,"comment_status":"closed","ping_status":"closed","template":"","meta":{"_acf_changed":false,"footnotes":""},"class_list":["post-34536","page","type-page","status-publish","hentry"],"acf":[],"yoast_head":"<!-- This site is optimized with the Yoast SEO plugin v27.1.1 - https:\/\/yoast.com\/product\/yoast-seo-wordpress\/ -->\n<title>Centrum dla rodzic\u00f3w | Dlaczego rodzice ufaj\u0105 Xior | Zakwaterowanie dla student\u00f3w Xior<\/title>\n<meta name=\"description\" content=\"Spok\u00f3j ducha dla rodzic\u00f3w. Xior oferuje bezpieczne zakwaterowanie dla student\u00f3w z ca\u0142odobow\u0105 ochron\u0105, wsparciem na miejscu, przestrzeni\u0105 socjaln\u0105 i siln\u0105 spo\u0142eczno\u015bci\u0105, kt\u00f3re pomog\u0105 Twojemu dziecku si\u0119 rozwija\u0107.\" \/>\n<meta name=\"robots\" content=\"index, follow, max-snippet:-1, max-image-preview:large, max-video-preview:-1\" \/>\n<link rel=\"canonical\" href=\"https:\/\/www.xiorstudenthousing.eu\/pl\/parent-hub\/\" \/>\n<meta property=\"og:locale\" content=\"pl_PL\" \/>\n<meta property=\"og:type\" content=\"article\" \/>\n<meta property=\"og:title\" content=\"Centrum dla rodzic\u00f3w | Dlaczego rodzice ufaj\u0105 Xior | Zakwaterowanie dla student\u00f3w Xior\" \/>\n<meta property=\"og:description\" content=\"Spok\u00f3j ducha dla rodzic\u00f3w. Xior oferuje bezpieczne zakwaterowanie dla student\u00f3w z ca\u0142odobow\u0105 ochron\u0105, wsparciem na miejscu, przestrzeni\u0105 socjaln\u0105 i siln\u0105 spo\u0142eczno\u015bci\u0105, kt\u00f3re pomog\u0105 Twojemu dziecku si\u0119 rozwija\u0107.\" \/>\n<meta property=\"og:url\" content=\"https:\/\/www.xiorstudenthousing.eu\/pl\/parent-hub\/\" \/>\n<meta property=\"og:site_name\" content=\"Xior Student Housing\" \/>\n<meta property=\"article:publisher\" content=\"https:\/\/www.facebook.com\/xiorstudenthousing\" \/>\n<meta property=\"article:modified_time\" content=\"2026-04-10T14:26:49+00:00\" \/>\n<meta name=\"twitter:card\" content=\"summary_large_image\" \/>\n<meta name=\"twitter:site\" content=\"@xiorstudent\" \/>\n<script type=\"application\/ld+json\" class=\"yoast-schema-graph\">{\"@context\":\"https:\/\/schema.org\",\"@graph\":[{\"@type\":\"WebPage\",\"@id\":\"https:\/\/www.xiorstudenthousing.eu\/pl\/parent-hub\/\",\"url\":\"https:\/\/www.xiorstudenthousing.eu\/pl\/parent-hub\/\",\"name\":\"Centrum dla rodzic\u00f3w | Dlaczego rodzice ufaj\u0105 Xior | Zakwaterowanie dla student\u00f3w Xior\",\"isPartOf\":{\"@id\":\"https:\/\/www.xiorstudenthousing.eu\/pl\/#website\"},\"datePublished\":\"2026-03-16T10:50:21+00:00\",\"dateModified\":\"2026-04-10T14:26:49+00:00\",\"description\":\"Spok\u00f3j ducha dla rodzic\u00f3w. Xior oferuje bezpieczne zakwaterowanie dla student\u00f3w z ca\u0142odobow\u0105 ochron\u0105, wsparciem na miejscu, przestrzeni\u0105 socjaln\u0105 i siln\u0105 spo\u0142eczno\u015bci\u0105, kt\u00f3re pomog\u0105 Twojemu dziecku si\u0119 rozwija\u0107.\",\"breadcrumb\":{\"@id\":\"https:\/\/www.xiorstudenthousing.eu\/pl\/parent-hub\/#breadcrumb\"},\"inLanguage\":\"pl-PL\",\"potentialAction\":[{\"@type\":\"ReadAction\",\"target\":[\"https:\/\/www.xiorstudenthousing.eu\/pl\/parent-hub\/\"]}]},{\"@type\":\"BreadcrumbList\",\"@id\":\"https:\/\/www.xiorstudenthousing.eu\/pl\/parent-hub\/#breadcrumb\",\"itemListElement\":[{\"@type\":\"ListItem\",\"position\":1,\"name\":\"Home\",\"item\":\"https:\/\/www.xiorstudenthousing.eu\/pl\/\"},{\"@type\":\"ListItem\",\"position\":2,\"name\":\"Parent Hub\"}]},{\"@type\":\"WebSite\",\"@id\":\"https:\/\/www.xiorstudenthousing.eu\/pl\/#website\",\"url\":\"https:\/\/www.xiorstudenthousing.eu\/pl\/\",\"name\":\"Xior Student Housing\",\"description\":\"\",\"potentialAction\":[{\"@type\":\"SearchAction\",\"target\":{\"@type\":\"EntryPoint\",\"urlTemplate\":\"https:\/\/www.xiorstudenthousing.eu\/pl\/?s={search_term_string}\"},\"query-input\":{\"@type\":\"PropertyValueSpecification\",\"valueRequired\":true,\"valueName\":\"search_term_string\"}}],\"inLanguage\":\"pl-PL\"}]}<\/script>\n<!-- \/ Yoast SEO plugin. -->","yoast_head_json":{"title":"Centrum dla rodzic\u00f3w | Dlaczego rodzice ufaj\u0105 Xior | Zakwaterowanie dla student\u00f3w Xior","description":"Spok\u00f3j ducha dla rodzic\u00f3w. Xior oferuje bezpieczne zakwaterowanie dla student\u00f3w z ca\u0142odobow\u0105 ochron\u0105, wsparciem na miejscu, przestrzeni\u0105 socjaln\u0105 i siln\u0105 spo\u0142eczno\u015bci\u0105, kt\u00f3re pomog\u0105 Twojemu dziecku si\u0119 rozwija\u0107.","robots":{"index":"index","follow":"follow","max-snippet":"max-snippet:-1","max-image-preview":"max-image-preview:large","max-video-preview":"max-video-preview:-1"},"canonical":"https:\/\/www.xiorstudenthousing.eu\/pl\/parent-hub\/","og_locale":"pl_PL","og_type":"article","og_title":"Centrum dla rodzic\u00f3w | Dlaczego rodzice ufaj\u0105 Xior | Zakwaterowanie dla student\u00f3w Xior","og_description":"Spok\u00f3j ducha dla rodzic\u00f3w. Xior oferuje bezpieczne zakwaterowanie dla student\u00f3w z ca\u0142odobow\u0105 ochron\u0105, wsparciem na miejscu, przestrzeni\u0105 socjaln\u0105 i siln\u0105 spo\u0142eczno\u015bci\u0105, kt\u00f3re pomog\u0105 Twojemu dziecku si\u0119 rozwija\u0107.","og_url":"https:\/\/www.xiorstudenthousing.eu\/pl\/parent-hub\/","og_site_name":"Xior Student Housing","article_publisher":"https:\/\/www.facebook.com\/xiorstudenthousing","article_modified_time":"2026-04-10T14:26:49+00:00","twitter_card":"summary_large_image","twitter_site":"@xiorstudent","schema":{"@context":"https:\/\/schema.org","@graph":[{"@type":"WebPage","@id":"https:\/\/www.xiorstudenthousing.eu\/pl\/parent-hub\/","url":"https:\/\/www.xiorstudenthousing.eu\/pl\/parent-hub\/","name":"Centrum dla rodzic\u00f3w | Dlaczego rodzice ufaj\u0105 Xior | Zakwaterowanie dla student\u00f3w Xior","isPartOf":{"@id":"https:\/\/www.xiorstudenthousing.eu\/pl\/#website"},"datePublished":"2026-03-16T10:50:21+00:00","dateModified":"2026-04-10T14:26:49+00:00","description":"Spok\u00f3j ducha dla rodzic\u00f3w. Xior oferuje bezpieczne zakwaterowanie dla student\u00f3w z ca\u0142odobow\u0105 ochron\u0105, wsparciem na miejscu, przestrzeni\u0105 socjaln\u0105 i siln\u0105 spo\u0142eczno\u015bci\u0105, kt\u00f3re pomog\u0105 Twojemu dziecku si\u0119 rozwija\u0107.","breadcrumb":{"@id":"https:\/\/www.xiorstudenthousing.eu\/pl\/parent-hub\/#breadcrumb"},"inLanguage":"pl-PL","potentialAction":[{"@type":"ReadAction","target":["https:\/\/www.xiorstudenthousing.eu\/pl\/parent-hub\/"]}]},{"@type":"BreadcrumbList","@id":"https:\/\/www.xiorstudenthousing.eu\/pl\/parent-hub\/#breadcrumb","itemListElement":[{"@type":"ListItem","position":1,"name":"Home","item":"https:\/\/www.xiorstudenthousing.eu\/pl\/"},{"@type":"ListItem","position":2,"name":"Parent Hub"}]},{"@type":"WebSite","@id":"https:\/\/www.xiorstudenthousing.eu\/pl\/#website","url":"https:\/\/www.xiorstudenthousing.eu\/pl\/","name":"Xior Student Housing","description":"","potentialAction":[{"@type":"SearchAction","target":{"@type":"EntryPoint","urlTemplate":"https:\/\/www.xiorstudenthousing.eu\/pl\/?s={search_term_string}"},"query-input":{"@type":"PropertyValueSpecification","valueRequired":true,"valueName":"search_term_string"}}],"inLanguage":"pl-PL"}]}},"_links":{"self":[{"href":"https:\/\/www.xiorstudenthousing.eu\/pl\/wp-json\/wp\/v2\/pages\/34536","targetHints":{"allow":["GET"]}}],"collection":[{"href":"https:\/\/www.xiorstudenthousing.eu\/pl\/wp-json\/wp\/v2\/pages"}],"about":[{"href":"https:\/\/www.xiorstudenthousing.eu\/pl\/wp-json\/wp\/v2\/types\/page"}],"author":[{"embeddable":true,"href":"https:\/\/www.xiorstudenthousing.eu\/pl\/wp-json\/wp\/v2\/users\/1"}],"replies":[{"embeddable":true,"href":"https:\/\/www.xiorstudenthousing.eu\/pl\/wp-json\/wp\/v2\/comments?post=34536"}],"version-history":[{"count":1,"href":"https:\/\/www.xiorstudenthousing.eu\/pl\/wp-json\/wp\/v2\/pages\/34536\/revisions"}],"predecessor-version":[{"id":34545,"href":"https:\/\/www.xiorstudenthousing.eu\/pl\/wp-json\/wp\/v2\/pages\/34536\/revisions\/34545"}],"wp:attachment":[{"href":"https:\/\/www.xiorstudenthousing.eu\/pl\/wp-json\/wp\/v2\/media?parent=34536"}],"curies":[{"name":"wp","href":"https:\/\/api.w.org\/{rel}","templated":true}]}}