{"id":37176,"date":"2026-03-03T11:37:31","date_gmt":"2026-03-03T11:37:31","guid":{"rendered":"https:\/\/www.xiorstudenthousing.eu\/poland\/krakow\/"},"modified":"2026-04-21T17:12:31","modified_gmt":"2026-04-21T17:12:31","slug":"krakow","status":"publish","type":"page","link":"https:\/\/www.xiorstudenthousing.eu\/pl\/poland\/krakow\/","title":{"rendered":"Krako\u0301w"},"content":{"rendered":"","protected":false},"excerpt":{"rendered":"","protected":false},"author":1,"featured_media":35373,"parent":37136,"menu_order":0,"comment_status":"closed","ping_status":"closed","template":"templates\/city-template.php","meta":{"_acf_changed":false,"footnotes":""},"class_list":["post-37176","page","type-page","status-publish","has-post-thumbnail","hentry"],"acf":[],"yoast_head":"<!-- This site is optimized with the Yoast SEO plugin v27.1.1 - https:\/\/yoast.com\/product\/yoast-seo-wordpress\/ -->\n<title>Noclegi dla student\u00f3w w Krakowie | Blisko uniwersytet\u00f3w | Xior<\/title>\n<meta name=\"description\" content=\"Nowoczesny akademik w historycznym Krakowie. Blisko uniwersytet\u00f3w, przestrzeni socjalnych, szybkiego Wi-Fi i t\u0119tni\u0105cej \u017cyciem, mi\u0119dzynarodowej atmosfery. Zarezerwuj pok\u00f3j ju\u017c dzi\u015b.\" \/>\n<meta name=\"robots\" content=\"index, follow, max-snippet:-1, max-image-preview:large, max-video-preview:-1\" \/>\n<link rel=\"canonical\" href=\"https:\/\/www.xiorstudenthousing.eu\/pl\/poland\/krakow\/\" \/>\n<meta property=\"og:locale\" content=\"pl_PL\" \/>\n<meta property=\"og:type\" content=\"article\" \/>\n<meta property=\"og:title\" content=\"Noclegi dla student\u00f3w w Krakowie | Blisko uniwersytet\u00f3w | Xior\" \/>\n<meta property=\"og:description\" content=\"Nowoczesny akademik w historycznym Krakowie. Blisko uniwersytet\u00f3w, przestrzeni socjalnych, szybkiego Wi-Fi i t\u0119tni\u0105cej \u017cyciem, mi\u0119dzynarodowej atmosfery. Zarezerwuj pok\u00f3j ju\u017c dzi\u015b.\" \/>\n<meta property=\"og:url\" content=\"https:\/\/www.xiorstudenthousing.eu\/pl\/poland\/krakow\/\" \/>\n<meta property=\"og:site_name\" content=\"Xior Student Housing\" \/>\n<meta property=\"article:publisher\" content=\"https:\/\/www.facebook.com\/xiorstudenthousing\" \/>\n<meta property=\"article:modified_time\" content=\"2026-04-21T17:12:31+00:00\" \/>\n<meta property=\"og:image\" content=\"https:\/\/www.xiorstudenthousing.eu\/wp-content\/uploads\/2026\/04\/1300159-1536x1152-1.webp\" \/>\n\t<meta property=\"og:image:width\" content=\"1536\" \/>\n\t<meta property=\"og:image:height\" content=\"1152\" \/>\n\t<meta property=\"og:image:type\" content=\"image\/webp\" \/>\n<meta name=\"twitter:card\" content=\"summary_large_image\" \/>\n<meta name=\"twitter:site\" content=\"@xiorstudent\" \/>\n<meta name=\"twitter:label1\" content=\"Szacowany czas czytania\" \/>\n\t<meta name=\"twitter:data1\" content=\"1 minuta\" \/>\n<script type=\"application\/ld+json\" class=\"yoast-schema-graph\">{\"@context\":\"https:\/\/schema.org\",\"@graph\":[{\"@type\":\"WebPage\",\"@id\":\"https:\/\/www.xiorstudenthousing.eu\/pl\/poland\/krakow\/\",\"url\":\"https:\/\/www.xiorstudenthousing.eu\/pl\/poland\/krakow\/\",\"name\":\"Noclegi dla student\u00f3w w Krakowie | Blisko uniwersytet\u00f3w | Xior\",\"isPartOf\":{\"@id\":\"https:\/\/www.xiorstudenthousing.eu\/pl\/#website\"},\"primaryImageOfPage\":{\"@id\":\"https:\/\/www.xiorstudenthousing.eu\/pl\/poland\/krakow\/#primaryimage\"},\"image\":{\"@id\":\"https:\/\/www.xiorstudenthousing.eu\/pl\/poland\/krakow\/#primaryimage\"},\"thumbnailUrl\":\"https:\/\/www.xiorstudenthousing.eu\/wp-content\/uploads\/2026\/04\/1300159-1536x1152-1.webp\",\"datePublished\":\"2026-03-03T11:37:31+00:00\",\"dateModified\":\"2026-04-21T17:12:31+00:00\",\"description\":\"Nowoczesny akademik w historycznym Krakowie. Blisko uniwersytet\u00f3w, przestrzeni socjalnych, szybkiego Wi-Fi i t\u0119tni\u0105cej \u017cyciem, mi\u0119dzynarodowej atmosfery. Zarezerwuj pok\u00f3j ju\u017c dzi\u015b.\",\"breadcrumb\":{\"@id\":\"https:\/\/www.xiorstudenthousing.eu\/pl\/poland\/krakow\/#breadcrumb\"},\"inLanguage\":\"pl-PL\",\"potentialAction\":[{\"@type\":\"ReadAction\",\"target\":[\"https:\/\/www.xiorstudenthousing.eu\/pl\/poland\/krakow\/\"]}]},{\"@type\":\"ImageObject\",\"inLanguage\":\"pl-PL\",\"@id\":\"https:\/\/www.xiorstudenthousing.eu\/pl\/poland\/krakow\/#primaryimage\",\"url\":\"https:\/\/www.xiorstudenthousing.eu\/wp-content\/uploads\/2026\/04\/1300159-1536x1152-1.webp\",\"contentUrl\":\"https:\/\/www.xiorstudenthousing.eu\/wp-content\/uploads\/2026\/04\/1300159-1536x1152-1.webp\",\"width\":1536,\"height\":1152},{\"@type\":\"BreadcrumbList\",\"@id\":\"https:\/\/www.xiorstudenthousing.eu\/pl\/poland\/krakow\/#breadcrumb\",\"itemListElement\":[{\"@type\":\"ListItem\",\"position\":1,\"name\":\"Home\",\"item\":\"https:\/\/www.xiorstudenthousing.eu\/pl\/\"},{\"@type\":\"ListItem\",\"position\":2,\"name\":\"Poland\",\"item\":\"https:\/\/www.xiorstudenthousing.eu\/pl\/poland\/\"},{\"@type\":\"ListItem\",\"position\":3,\"name\":\"Krako\u0301w\"}]},{\"@type\":\"WebSite\",\"@id\":\"https:\/\/www.xiorstudenthousing.eu\/pl\/#website\",\"url\":\"https:\/\/www.xiorstudenthousing.eu\/pl\/\",\"name\":\"Xior Student Housing\",\"description\":\"\",\"potentialAction\":[{\"@type\":\"SearchAction\",\"target\":{\"@type\":\"EntryPoint\",\"urlTemplate\":\"https:\/\/www.xiorstudenthousing.eu\/pl\/?s={search_term_string}\"},\"query-input\":{\"@type\":\"PropertyValueSpecification\",\"valueRequired\":true,\"valueName\":\"search_term_string\"}}],\"inLanguage\":\"pl-PL\"}]}<\/script>\n<!-- \/ Yoast SEO plugin. -->","yoast_head_json":{"title":"Noclegi dla student\u00f3w w Krakowie | Blisko uniwersytet\u00f3w | Xior","description":"Nowoczesny akademik w historycznym Krakowie. Blisko uniwersytet\u00f3w, przestrzeni socjalnych, szybkiego Wi-Fi i t\u0119tni\u0105cej \u017cyciem, mi\u0119dzynarodowej atmosfery. Zarezerwuj pok\u00f3j ju\u017c dzi\u015b.","robots":{"index":"index","follow":"follow","max-snippet":"max-snippet:-1","max-image-preview":"max-image-preview:large","max-video-preview":"max-video-preview:-1"},"canonical":"https:\/\/www.xiorstudenthousing.eu\/pl\/poland\/krakow\/","og_locale":"pl_PL","og_type":"article","og_title":"Noclegi dla student\u00f3w w Krakowie | Blisko uniwersytet\u00f3w | Xior","og_description":"Nowoczesny akademik w historycznym Krakowie. Blisko uniwersytet\u00f3w, przestrzeni socjalnych, szybkiego Wi-Fi i t\u0119tni\u0105cej \u017cyciem, mi\u0119dzynarodowej atmosfery. Zarezerwuj pok\u00f3j ju\u017c dzi\u015b.","og_url":"https:\/\/www.xiorstudenthousing.eu\/pl\/poland\/krakow\/","og_site_name":"Xior Student Housing","article_publisher":"https:\/\/www.facebook.com\/xiorstudenthousing","article_modified_time":"2026-04-21T17:12:31+00:00","og_image":[{"width":1536,"height":1152,"url":"https:\/\/www.xiorstudenthousing.eu\/wp-content\/uploads\/2026\/04\/1300159-1536x1152-1.webp","type":"image\/webp"}],"twitter_card":"summary_large_image","twitter_site":"@xiorstudent","twitter_misc":{"Szacowany czas czytania":"1 minuta"},"schema":{"@context":"https:\/\/schema.org","@graph":[{"@type":"WebPage","@id":"https:\/\/www.xiorstudenthousing.eu\/pl\/poland\/krakow\/","url":"https:\/\/www.xiorstudenthousing.eu\/pl\/poland\/krakow\/","name":"Noclegi dla student\u00f3w w Krakowie | Blisko uniwersytet\u00f3w | Xior","isPartOf":{"@id":"https:\/\/www.xiorstudenthousing.eu\/pl\/#website"},"primaryImageOfPage":{"@id":"https:\/\/www.xiorstudenthousing.eu\/pl\/poland\/krakow\/#primaryimage"},"image":{"@id":"https:\/\/www.xiorstudenthousing.eu\/pl\/poland\/krakow\/#primaryimage"},"thumbnailUrl":"https:\/\/www.xiorstudenthousing.eu\/wp-content\/uploads\/2026\/04\/1300159-1536x1152-1.webp","datePublished":"2026-03-03T11:37:31+00:00","dateModified":"2026-04-21T17:12:31+00:00","description":"Nowoczesny akademik w historycznym Krakowie. Blisko uniwersytet\u00f3w, przestrzeni socjalnych, szybkiego Wi-Fi i t\u0119tni\u0105cej \u017cyciem, mi\u0119dzynarodowej atmosfery. Zarezerwuj pok\u00f3j ju\u017c dzi\u015b.","breadcrumb":{"@id":"https:\/\/www.xiorstudenthousing.eu\/pl\/poland\/krakow\/#breadcrumb"},"inLanguage":"pl-PL","potentialAction":[{"@type":"ReadAction","target":["https:\/\/www.xiorstudenthousing.eu\/pl\/poland\/krakow\/"]}]},{"@type":"ImageObject","inLanguage":"pl-PL","@id":"https:\/\/www.xiorstudenthousing.eu\/pl\/poland\/krakow\/#primaryimage","url":"https:\/\/www.xiorstudenthousing.eu\/wp-content\/uploads\/2026\/04\/1300159-1536x1152-1.webp","contentUrl":"https:\/\/www.xiorstudenthousing.eu\/wp-content\/uploads\/2026\/04\/1300159-1536x1152-1.webp","width":1536,"height":1152},{"@type":"BreadcrumbList","@id":"https:\/\/www.xiorstudenthousing.eu\/pl\/poland\/krakow\/#breadcrumb","itemListElement":[{"@type":"ListItem","position":1,"name":"Home","item":"https:\/\/www.xiorstudenthousing.eu\/pl\/"},{"@type":"ListItem","position":2,"name":"Poland","item":"https:\/\/www.xiorstudenthousing.eu\/pl\/poland\/"},{"@type":"ListItem","position":3,"name":"Krako\u0301w"}]},{"@type":"WebSite","@id":"https:\/\/www.xiorstudenthousing.eu\/pl\/#website","url":"https:\/\/www.xiorstudenthousing.eu\/pl\/","name":"Xior Student Housing","description":"","potentialAction":[{"@type":"SearchAction","target":{"@type":"EntryPoint","urlTemplate":"https:\/\/www.xiorstudenthousing.eu\/pl\/?s={search_term_string}"},"query-input":{"@type":"PropertyValueSpecification","valueRequired":true,"valueName":"search_term_string"}}],"inLanguage":"pl-PL"}]}},"_links":{"self":[{"href":"https:\/\/www.xiorstudenthousing.eu\/pl\/wp-json\/wp\/v2\/pages\/37176","targetHints":{"allow":["GET"]}}],"collection":[{"href":"https:\/\/www.xiorstudenthousing.eu\/pl\/wp-json\/wp\/v2\/pages"}],"about":[{"href":"https:\/\/www.xiorstudenthousing.eu\/pl\/wp-json\/wp\/v2\/types\/page"}],"author":[{"embeddable":true,"href":"https:\/\/www.xiorstudenthousing.eu\/pl\/wp-json\/wp\/v2\/users\/1"}],"replies":[{"embeddable":true,"href":"https:\/\/www.xiorstudenthousing.eu\/pl\/wp-json\/wp\/v2\/comments?post=37176"}],"version-history":[{"count":6,"href":"https:\/\/www.xiorstudenthousing.eu\/pl\/wp-json\/wp\/v2\/pages\/37176\/revisions"}],"predecessor-version":[{"id":38704,"href":"https:\/\/www.xiorstudenthousing.eu\/pl\/wp-json\/wp\/v2\/pages\/37176\/revisions\/38704"}],"up":[{"embeddable":true,"href":"https:\/\/www.xiorstudenthousing.eu\/pl\/wp-json\/wp\/v2\/pages\/37136"}],"wp:featuredmedia":[{"embeddable":true,"href":"https:\/\/www.xiorstudenthousing.eu\/pl\/wp-json\/wp\/v2\/media\/35373"}],"wp:attachment":[{"href":"https:\/\/www.xiorstudenthousing.eu\/pl\/wp-json\/wp\/v2\/media?parent=37176"}],"curies":[{"name":"wp","href":"https:\/\/api.w.org\/{rel}","templated":true}]}}