{"id":37928,"date":"2026-03-03T11:37:31","date_gmt":"2026-03-03T11:37:31","guid":{"rendered":"https:\/\/www.xiorstudenthousing.eu\/poland\/wroclaw\/"},"modified":"2026-04-21T17:12:56","modified_gmt":"2026-04-21T17:12:56","slug":"wroclaw","status":"publish","type":"page","link":"https:\/\/www.xiorstudenthousing.eu\/pl\/poland\/wroclaw\/","title":{"rendered":"Wroc\u0142aw"},"content":{"rendered":"","protected":false},"excerpt":{"rendered":"","protected":false},"author":1,"featured_media":37929,"parent":37136,"menu_order":0,"comment_status":"closed","ping_status":"closed","template":"templates\/city-template.php","meta":{"_acf_changed":false,"footnotes":""},"class_list":["post-37928","page","type-page","status-publish","has-post-thumbnail","hentry"],"acf":[],"yoast_head":"<!-- This site is optimized with the Yoast SEO plugin v27.1.1 - https:\/\/yoast.com\/product\/yoast-seo-wordpress\/ -->\n<title>Noclegi dla student\u00f3w we Wroc\u0142awiu | Pokoje i studia | Xior<\/title>\n<meta name=\"description\" content=\"Odkryj akademiki we Wroc\u0142awiu, blisko uniwersytet\u00f3w, z nowoczesnymi pokojami, szybkim Wi-Fi, przestrzeni\u0105 socjaln\u0105 i bezpiecznym zakwaterowaniem. Zarezerwuj pok\u00f3j z Xior.\" \/>\n<meta name=\"robots\" content=\"index, follow, max-snippet:-1, max-image-preview:large, max-video-preview:-1\" \/>\n<link rel=\"canonical\" href=\"https:\/\/www.xiorstudenthousing.eu\/pl\/poland\/wroclaw\/\" \/>\n<meta property=\"og:locale\" content=\"pl_PL\" \/>\n<meta property=\"og:type\" content=\"article\" \/>\n<meta property=\"og:title\" content=\"Noclegi dla student\u00f3w we Wroc\u0142awiu | Pokoje i studia | Xior\" \/>\n<meta property=\"og:description\" content=\"Odkryj akademiki we Wroc\u0142awiu, blisko uniwersytet\u00f3w, z nowoczesnymi pokojami, szybkim Wi-Fi, przestrzeni\u0105 socjaln\u0105 i bezpiecznym zakwaterowaniem. Zarezerwuj pok\u00f3j z Xior.\" \/>\n<meta property=\"og:url\" content=\"https:\/\/www.xiorstudenthousing.eu\/pl\/poland\/wroclaw\/\" \/>\n<meta property=\"og:site_name\" content=\"Xior Student Housing\" \/>\n<meta property=\"article:publisher\" content=\"https:\/\/www.facebook.com\/xiorstudenthousing\" \/>\n<meta property=\"article:modified_time\" content=\"2026-04-21T17:12:56+00:00\" \/>\n<meta property=\"og:image\" content=\"https:\/\/www.xiorstudenthousing.eu\/wp-content\/uploads\/2026\/03\/PL_Wroclaw_Carousel.jpg\" \/>\n\t<meta property=\"og:image:width\" content=\"675\" \/>\n\t<meta property=\"og:image:height\" content=\"900\" \/>\n\t<meta property=\"og:image:type\" content=\"image\/jpeg\" \/>\n<meta name=\"twitter:card\" content=\"summary_large_image\" \/>\n<meta name=\"twitter:site\" content=\"@xiorstudent\" \/>\n<meta name=\"twitter:label1\" content=\"Szacowany czas czytania\" \/>\n\t<meta name=\"twitter:data1\" content=\"1 minuta\" \/>\n<script type=\"application\/ld+json\" class=\"yoast-schema-graph\">{\"@context\":\"https:\/\/schema.org\",\"@graph\":[{\"@type\":\"WebPage\",\"@id\":\"https:\/\/www.xiorstudenthousing.eu\/pl\/poland\/wroclaw\/\",\"url\":\"https:\/\/www.xiorstudenthousing.eu\/pl\/poland\/wroclaw\/\",\"name\":\"Noclegi dla student\u00f3w we Wroc\u0142awiu | Pokoje i studia | Xior\",\"isPartOf\":{\"@id\":\"https:\/\/www.xiorstudenthousing.eu\/pl\/#website\"},\"primaryImageOfPage\":{\"@id\":\"https:\/\/www.xiorstudenthousing.eu\/pl\/poland\/wroclaw\/#primaryimage\"},\"image\":{\"@id\":\"https:\/\/www.xiorstudenthousing.eu\/pl\/poland\/wroclaw\/#primaryimage\"},\"thumbnailUrl\":\"https:\/\/www.xiorstudenthousing.eu\/wp-content\/uploads\/2026\/03\/PL_Wroclaw_Carousel.jpg\",\"datePublished\":\"2026-03-03T11:37:31+00:00\",\"dateModified\":\"2026-04-21T17:12:56+00:00\",\"description\":\"Odkryj akademiki we Wroc\u0142awiu, blisko uniwersytet\u00f3w, z nowoczesnymi pokojami, szybkim Wi-Fi, przestrzeni\u0105 socjaln\u0105 i bezpiecznym zakwaterowaniem. Zarezerwuj pok\u00f3j z Xior.\",\"breadcrumb\":{\"@id\":\"https:\/\/www.xiorstudenthousing.eu\/pl\/poland\/wroclaw\/#breadcrumb\"},\"inLanguage\":\"pl-PL\",\"potentialAction\":[{\"@type\":\"ReadAction\",\"target\":[\"https:\/\/www.xiorstudenthousing.eu\/pl\/poland\/wroclaw\/\"]}]},{\"@type\":\"ImageObject\",\"inLanguage\":\"pl-PL\",\"@id\":\"https:\/\/www.xiorstudenthousing.eu\/pl\/poland\/wroclaw\/#primaryimage\",\"url\":\"https:\/\/www.xiorstudenthousing.eu\/wp-content\/uploads\/2026\/03\/PL_Wroclaw_Carousel.jpg\",\"contentUrl\":\"https:\/\/www.xiorstudenthousing.eu\/wp-content\/uploads\/2026\/03\/PL_Wroclaw_Carousel.jpg\",\"width\":675,\"height\":900},{\"@type\":\"BreadcrumbList\",\"@id\":\"https:\/\/www.xiorstudenthousing.eu\/pl\/poland\/wroclaw\/#breadcrumb\",\"itemListElement\":[{\"@type\":\"ListItem\",\"position\":1,\"name\":\"Home\",\"item\":\"https:\/\/www.xiorstudenthousing.eu\/pl\/\"},{\"@type\":\"ListItem\",\"position\":2,\"name\":\"Poland\",\"item\":\"https:\/\/www.xiorstudenthousing.eu\/pl\/poland\/\"},{\"@type\":\"ListItem\",\"position\":3,\"name\":\"Wroc\u0142aw\"}]},{\"@type\":\"WebSite\",\"@id\":\"https:\/\/www.xiorstudenthousing.eu\/pl\/#website\",\"url\":\"https:\/\/www.xiorstudenthousing.eu\/pl\/\",\"name\":\"Xior Student Housing\",\"description\":\"\",\"potentialAction\":[{\"@type\":\"SearchAction\",\"target\":{\"@type\":\"EntryPoint\",\"urlTemplate\":\"https:\/\/www.xiorstudenthousing.eu\/pl\/?s={search_term_string}\"},\"query-input\":{\"@type\":\"PropertyValueSpecification\",\"valueRequired\":true,\"valueName\":\"search_term_string\"}}],\"inLanguage\":\"pl-PL\"}]}<\/script>\n<!-- \/ Yoast SEO plugin. -->","yoast_head_json":{"title":"Noclegi dla student\u00f3w we Wroc\u0142awiu | Pokoje i studia | Xior","description":"Odkryj akademiki we Wroc\u0142awiu, blisko uniwersytet\u00f3w, z nowoczesnymi pokojami, szybkim Wi-Fi, przestrzeni\u0105 socjaln\u0105 i bezpiecznym zakwaterowaniem. Zarezerwuj pok\u00f3j z Xior.","robots":{"index":"index","follow":"follow","max-snippet":"max-snippet:-1","max-image-preview":"max-image-preview:large","max-video-preview":"max-video-preview:-1"},"canonical":"https:\/\/www.xiorstudenthousing.eu\/pl\/poland\/wroclaw\/","og_locale":"pl_PL","og_type":"article","og_title":"Noclegi dla student\u00f3w we Wroc\u0142awiu | Pokoje i studia | Xior","og_description":"Odkryj akademiki we Wroc\u0142awiu, blisko uniwersytet\u00f3w, z nowoczesnymi pokojami, szybkim Wi-Fi, przestrzeni\u0105 socjaln\u0105 i bezpiecznym zakwaterowaniem. Zarezerwuj pok\u00f3j z Xior.","og_url":"https:\/\/www.xiorstudenthousing.eu\/pl\/poland\/wroclaw\/","og_site_name":"Xior Student Housing","article_publisher":"https:\/\/www.facebook.com\/xiorstudenthousing","article_modified_time":"2026-04-21T17:12:56+00:00","og_image":[{"width":675,"height":900,"url":"https:\/\/www.xiorstudenthousing.eu\/wp-content\/uploads\/2026\/03\/PL_Wroclaw_Carousel.jpg","type":"image\/jpeg"}],"twitter_card":"summary_large_image","twitter_site":"@xiorstudent","twitter_misc":{"Szacowany czas czytania":"1 minuta"},"schema":{"@context":"https:\/\/schema.org","@graph":[{"@type":"WebPage","@id":"https:\/\/www.xiorstudenthousing.eu\/pl\/poland\/wroclaw\/","url":"https:\/\/www.xiorstudenthousing.eu\/pl\/poland\/wroclaw\/","name":"Noclegi dla student\u00f3w we Wroc\u0142awiu | Pokoje i studia | Xior","isPartOf":{"@id":"https:\/\/www.xiorstudenthousing.eu\/pl\/#website"},"primaryImageOfPage":{"@id":"https:\/\/www.xiorstudenthousing.eu\/pl\/poland\/wroclaw\/#primaryimage"},"image":{"@id":"https:\/\/www.xiorstudenthousing.eu\/pl\/poland\/wroclaw\/#primaryimage"},"thumbnailUrl":"https:\/\/www.xiorstudenthousing.eu\/wp-content\/uploads\/2026\/03\/PL_Wroclaw_Carousel.jpg","datePublished":"2026-03-03T11:37:31+00:00","dateModified":"2026-04-21T17:12:56+00:00","description":"Odkryj akademiki we Wroc\u0142awiu, blisko uniwersytet\u00f3w, z nowoczesnymi pokojami, szybkim Wi-Fi, przestrzeni\u0105 socjaln\u0105 i bezpiecznym zakwaterowaniem. Zarezerwuj pok\u00f3j z Xior.","breadcrumb":{"@id":"https:\/\/www.xiorstudenthousing.eu\/pl\/poland\/wroclaw\/#breadcrumb"},"inLanguage":"pl-PL","potentialAction":[{"@type":"ReadAction","target":["https:\/\/www.xiorstudenthousing.eu\/pl\/poland\/wroclaw\/"]}]},{"@type":"ImageObject","inLanguage":"pl-PL","@id":"https:\/\/www.xiorstudenthousing.eu\/pl\/poland\/wroclaw\/#primaryimage","url":"https:\/\/www.xiorstudenthousing.eu\/wp-content\/uploads\/2026\/03\/PL_Wroclaw_Carousel.jpg","contentUrl":"https:\/\/www.xiorstudenthousing.eu\/wp-content\/uploads\/2026\/03\/PL_Wroclaw_Carousel.jpg","width":675,"height":900},{"@type":"BreadcrumbList","@id":"https:\/\/www.xiorstudenthousing.eu\/pl\/poland\/wroclaw\/#breadcrumb","itemListElement":[{"@type":"ListItem","position":1,"name":"Home","item":"https:\/\/www.xiorstudenthousing.eu\/pl\/"},{"@type":"ListItem","position":2,"name":"Poland","item":"https:\/\/www.xiorstudenthousing.eu\/pl\/poland\/"},{"@type":"ListItem","position":3,"name":"Wroc\u0142aw"}]},{"@type":"WebSite","@id":"https:\/\/www.xiorstudenthousing.eu\/pl\/#website","url":"https:\/\/www.xiorstudenthousing.eu\/pl\/","name":"Xior Student Housing","description":"","potentialAction":[{"@type":"SearchAction","target":{"@type":"EntryPoint","urlTemplate":"https:\/\/www.xiorstudenthousing.eu\/pl\/?s={search_term_string}"},"query-input":{"@type":"PropertyValueSpecification","valueRequired":true,"valueName":"search_term_string"}}],"inLanguage":"pl-PL"}]}},"_links":{"self":[{"href":"https:\/\/www.xiorstudenthousing.eu\/pl\/wp-json\/wp\/v2\/pages\/37928","targetHints":{"allow":["GET"]}}],"collection":[{"href":"https:\/\/www.xiorstudenthousing.eu\/pl\/wp-json\/wp\/v2\/pages"}],"about":[{"href":"https:\/\/www.xiorstudenthousing.eu\/pl\/wp-json\/wp\/v2\/types\/page"}],"author":[{"embeddable":true,"href":"https:\/\/www.xiorstudenthousing.eu\/pl\/wp-json\/wp\/v2\/users\/1"}],"replies":[{"embeddable":true,"href":"https:\/\/www.xiorstudenthousing.eu\/pl\/wp-json\/wp\/v2\/comments?post=37928"}],"version-history":[{"count":2,"href":"https:\/\/www.xiorstudenthousing.eu\/pl\/wp-json\/wp\/v2\/pages\/37928\/revisions"}],"predecessor-version":[{"id":38707,"href":"https:\/\/www.xiorstudenthousing.eu\/pl\/wp-json\/wp\/v2\/pages\/37928\/revisions\/38707"}],"up":[{"embeddable":true,"href":"https:\/\/www.xiorstudenthousing.eu\/pl\/wp-json\/wp\/v2\/pages\/37136"}],"wp:featuredmedia":[{"embeddable":true,"href":"https:\/\/www.xiorstudenthousing.eu\/pl\/wp-json\/wp\/v2\/media\/37929"}],"wp:attachment":[{"href":"https:\/\/www.xiorstudenthousing.eu\/pl\/wp-json\/wp\/v2\/media?parent=37928"}],"curies":[{"name":"wp","href":"https:\/\/api.w.org\/{rel}","templated":true}]}}