{"id":13296,"date":"2026-03-04T15:59:37","date_gmt":"2026-03-04T15:59:37","guid":{"rendered":"https:\/\/www.xiorstudenthousing.eu\/campus-asprela-student-accommodation\/"},"modified":"2026-04-21T17:03:10","modified_gmt":"2026-04-21T17:03:10","slug":"campus-asprela-student-accommodation","status":"publish","type":"page","link":"https:\/\/www.xiorstudenthousing.eu\/pt\/portugal\/porto\/campus-asprela-student-accommodation\/","title":{"rendered":"Campus Asprela"},"content":{"rendered":"","protected":false},"excerpt":{"rendered":"","protected":false},"author":1,"featured_media":0,"parent":13370,"menu_order":0,"comment_status":"closed","ping_status":"closed","template":"templates\/property-template.php","meta":{"_acf_changed":false,"footnotes":""},"class_list":["post-13296","page","type-page","status-publish","hentry"],"acf":[],"yoast_head":"<!-- This site is optimized with the Yoast SEO plugin v27.1.1 - https:\/\/yoast.com\/product\/yoast-seo-wordpress\/ -->\n<title>Alojamento estudantil no Porto | Campus Asprela | Xior<\/title>\n<meta name=\"description\" content=\"O Campus Asprela, resid\u00eancia estudantil no Porto, disp\u00f5e de quartos modernos, \u00e1reas comuns, Wi-Fi de alta velocidade e acomoda\u00e7\u00f5es seguras perto dos campi universit\u00e1rios.\" \/>\n<meta name=\"robots\" content=\"index, follow, max-snippet:-1, max-image-preview:large, max-video-preview:-1\" \/>\n<link rel=\"canonical\" href=\"https:\/\/www.xiorstudenthousing.eu\/pt\/portugal\/porto\/campus-asprela-student-accommodation\/\" \/>\n<meta property=\"og:locale\" content=\"pt_PT\" \/>\n<meta property=\"og:type\" content=\"article\" \/>\n<meta property=\"og:title\" content=\"Alojamento estudantil no Porto | Campus Asprela | Xior\" \/>\n<meta property=\"og:description\" content=\"O Campus Asprela, resid\u00eancia estudantil no Porto, disp\u00f5e de quartos modernos, \u00e1reas comuns, Wi-Fi de alta velocidade e acomoda\u00e7\u00f5es seguras perto dos campi universit\u00e1rios.\" \/>\n<meta property=\"og:url\" content=\"https:\/\/www.xiorstudenthousing.eu\/pt\/portugal\/porto\/campus-asprela-student-accommodation\/\" \/>\n<meta property=\"og:site_name\" content=\"Xior Student Housing\" \/>\n<meta property=\"article:publisher\" content=\"https:\/\/www.facebook.com\/xiorstudenthousing\" \/>\n<meta property=\"article:modified_time\" content=\"2026-04-21T17:03:10+00:00\" \/>\n<meta name=\"twitter:card\" content=\"summary_large_image\" \/>\n<meta name=\"twitter:site\" content=\"@xiorstudent\" \/>\n<script type=\"application\/ld+json\" class=\"yoast-schema-graph\">{\"@context\":\"https:\/\/schema.org\",\"@graph\":[{\"@type\":\"WebPage\",\"@id\":\"https:\/\/www.xiorstudenthousing.eu\/pt\/portugal\/porto\/campus-asprela-student-accommodation\/\",\"url\":\"https:\/\/www.xiorstudenthousing.eu\/pt\/portugal\/porto\/campus-asprela-student-accommodation\/\",\"name\":\"Alojamento estudantil no Porto | Campus Asprela | Xior\",\"isPartOf\":{\"@id\":\"https:\/\/www.xiorstudenthousing.eu\/pt\/#website\"},\"datePublished\":\"2026-03-04T15:59:37+00:00\",\"dateModified\":\"2026-04-21T17:03:10+00:00\",\"description\":\"O Campus Asprela, resid\u00eancia estudantil no Porto, disp\u00f5e de quartos modernos, \u00e1reas comuns, Wi-Fi de alta velocidade e acomoda\u00e7\u00f5es seguras perto dos campi universit\u00e1rios.\",\"breadcrumb\":{\"@id\":\"https:\/\/www.xiorstudenthousing.eu\/pt\/portugal\/porto\/campus-asprela-student-accommodation\/#breadcrumb\"},\"inLanguage\":\"pt-PT\",\"potentialAction\":[{\"@type\":\"ReadAction\",\"target\":[\"https:\/\/www.xiorstudenthousing.eu\/pt\/portugal\/porto\/campus-asprela-student-accommodation\/\"]}]},{\"@type\":\"BreadcrumbList\",\"@id\":\"https:\/\/www.xiorstudenthousing.eu\/pt\/portugal\/porto\/campus-asprela-student-accommodation\/#breadcrumb\",\"itemListElement\":[{\"@type\":\"ListItem\",\"position\":1,\"name\":\"Home\",\"item\":\"https:\/\/www.xiorstudenthousing.eu\/pt\/\"},{\"@type\":\"ListItem\",\"position\":2,\"name\":\"Portugal\",\"item\":\"https:\/\/www.xiorstudenthousing.eu\/pt\/portugal\/\"},{\"@type\":\"ListItem\",\"position\":3,\"name\":\"Porto\",\"item\":\"https:\/\/www.xiorstudenthousing.eu\/pt\/portugal\/porto\/\"},{\"@type\":\"ListItem\",\"position\":4,\"name\":\"Campus Asprela\"}]},{\"@type\":\"WebSite\",\"@id\":\"https:\/\/www.xiorstudenthousing.eu\/pt\/#website\",\"url\":\"https:\/\/www.xiorstudenthousing.eu\/pt\/\",\"name\":\"Xior Student Housing\",\"description\":\"\",\"potentialAction\":[{\"@type\":\"SearchAction\",\"target\":{\"@type\":\"EntryPoint\",\"urlTemplate\":\"https:\/\/www.xiorstudenthousing.eu\/pt\/?s={search_term_string}\"},\"query-input\":{\"@type\":\"PropertyValueSpecification\",\"valueRequired\":true,\"valueName\":\"search_term_string\"}}],\"inLanguage\":\"pt-PT\"}]}<\/script>\n<!-- \/ Yoast SEO plugin. -->","yoast_head_json":{"title":"Alojamento estudantil no Porto | Campus Asprela | Xior","description":"O Campus Asprela, resid\u00eancia estudantil no Porto, disp\u00f5e de quartos modernos, \u00e1reas comuns, Wi-Fi de alta velocidade e acomoda\u00e7\u00f5es seguras perto dos campi universit\u00e1rios.","robots":{"index":"index","follow":"follow","max-snippet":"max-snippet:-1","max-image-preview":"max-image-preview:large","max-video-preview":"max-video-preview:-1"},"canonical":"https:\/\/www.xiorstudenthousing.eu\/pt\/portugal\/porto\/campus-asprela-student-accommodation\/","og_locale":"pt_PT","og_type":"article","og_title":"Alojamento estudantil no Porto | Campus Asprela | Xior","og_description":"O Campus Asprela, resid\u00eancia estudantil no Porto, disp\u00f5e de quartos modernos, \u00e1reas comuns, Wi-Fi de alta velocidade e acomoda\u00e7\u00f5es seguras perto dos campi universit\u00e1rios.","og_url":"https:\/\/www.xiorstudenthousing.eu\/pt\/portugal\/porto\/campus-asprela-student-accommodation\/","og_site_name":"Xior Student Housing","article_publisher":"https:\/\/www.facebook.com\/xiorstudenthousing","article_modified_time":"2026-04-21T17:03:10+00:00","twitter_card":"summary_large_image","twitter_site":"@xiorstudent","schema":{"@context":"https:\/\/schema.org","@graph":[{"@type":"WebPage","@id":"https:\/\/www.xiorstudenthousing.eu\/pt\/portugal\/porto\/campus-asprela-student-accommodation\/","url":"https:\/\/www.xiorstudenthousing.eu\/pt\/portugal\/porto\/campus-asprela-student-accommodation\/","name":"Alojamento estudantil no Porto | Campus Asprela | Xior","isPartOf":{"@id":"https:\/\/www.xiorstudenthousing.eu\/pt\/#website"},"datePublished":"2026-03-04T15:59:37+00:00","dateModified":"2026-04-21T17:03:10+00:00","description":"O Campus Asprela, resid\u00eancia estudantil no Porto, disp\u00f5e de quartos modernos, \u00e1reas comuns, Wi-Fi de alta velocidade e acomoda\u00e7\u00f5es seguras perto dos campi universit\u00e1rios.","breadcrumb":{"@id":"https:\/\/www.xiorstudenthousing.eu\/pt\/portugal\/porto\/campus-asprela-student-accommodation\/#breadcrumb"},"inLanguage":"pt-PT","potentialAction":[{"@type":"ReadAction","target":["https:\/\/www.xiorstudenthousing.eu\/pt\/portugal\/porto\/campus-asprela-student-accommodation\/"]}]},{"@type":"BreadcrumbList","@id":"https:\/\/www.xiorstudenthousing.eu\/pt\/portugal\/porto\/campus-asprela-student-accommodation\/#breadcrumb","itemListElement":[{"@type":"ListItem","position":1,"name":"Home","item":"https:\/\/www.xiorstudenthousing.eu\/pt\/"},{"@type":"ListItem","position":2,"name":"Portugal","item":"https:\/\/www.xiorstudenthousing.eu\/pt\/portugal\/"},{"@type":"ListItem","position":3,"name":"Porto","item":"https:\/\/www.xiorstudenthousing.eu\/pt\/portugal\/porto\/"},{"@type":"ListItem","position":4,"name":"Campus Asprela"}]},{"@type":"WebSite","@id":"https:\/\/www.xiorstudenthousing.eu\/pt\/#website","url":"https:\/\/www.xiorstudenthousing.eu\/pt\/","name":"Xior Student Housing","description":"","potentialAction":[{"@type":"SearchAction","target":{"@type":"EntryPoint","urlTemplate":"https:\/\/www.xiorstudenthousing.eu\/pt\/?s={search_term_string}"},"query-input":{"@type":"PropertyValueSpecification","valueRequired":true,"valueName":"search_term_string"}}],"inLanguage":"pt-PT"}]}},"_links":{"self":[{"href":"https:\/\/www.xiorstudenthousing.eu\/pt\/wp-json\/wp\/v2\/pages\/13296","targetHints":{"allow":["GET"]}}],"collection":[{"href":"https:\/\/www.xiorstudenthousing.eu\/pt\/wp-json\/wp\/v2\/pages"}],"about":[{"href":"https:\/\/www.xiorstudenthousing.eu\/pt\/wp-json\/wp\/v2\/types\/page"}],"author":[{"embeddable":true,"href":"https:\/\/www.xiorstudenthousing.eu\/pt\/wp-json\/wp\/v2\/users\/1"}],"replies":[{"embeddable":true,"href":"https:\/\/www.xiorstudenthousing.eu\/pt\/wp-json\/wp\/v2\/comments?post=13296"}],"version-history":[{"count":6,"href":"https:\/\/www.xiorstudenthousing.eu\/pt\/wp-json\/wp\/v2\/pages\/13296\/revisions"}],"predecessor-version":[{"id":38692,"href":"https:\/\/www.xiorstudenthousing.eu\/pt\/wp-json\/wp\/v2\/pages\/13296\/revisions\/38692"}],"up":[{"embeddable":true,"href":"https:\/\/www.xiorstudenthousing.eu\/pt\/wp-json\/wp\/v2\/pages\/13370"}],"wp:attachment":[{"href":"https:\/\/www.xiorstudenthousing.eu\/pt\/wp-json\/wp\/v2\/media?parent=13296"}],"curies":[{"name":"wp","href":"https:\/\/api.w.org\/{rel}","templated":true}]}}