{"id":25589,"date":"2026-03-03T11:37:31","date_gmt":"2026-03-03T11:37:31","guid":{"rendered":"https:\/\/www.xiorstudenthousing.eu\/portugal\/lisbon\/"},"modified":"2026-03-25T15:28:00","modified_gmt":"2026-03-25T15:28:00","slug":"lisbon","status":"publish","type":"page","link":"https:\/\/www.xiorstudenthousing.eu\/pt\/portugal\/lisbon\/","title":{"rendered":"Lisbon"},"content":{"rendered":"","protected":false},"excerpt":{"rendered":"","protected":false},"author":1,"featured_media":4305,"parent":12387,"menu_order":0,"comment_status":"closed","ping_status":"closed","template":"templates\/city-template.php","meta":{"_acf_changed":false,"footnotes":""},"class_list":["post-25589","page","type-page","status-publish","has-post-thumbnail","hentry"],"acf":[],"yoast_head":"<!-- This site is optimized with the Yoast SEO plugin v27.1.1 - https:\/\/yoast.com\/product\/yoast-seo-wordpress\/ -->\n<title>Alojamento estudantil em Lisboa | Quartos perto de universidades | Xior<\/title>\n<meta name=\"description\" content=\"Viva em Lisboa com a Xior, uma resid\u00eancia estudantil perto de universidades, espa\u00e7os sociais, com Wi-Fi de alta velocidade, lavandaria no local e seguran\u00e7a 24 horas. Reserve j\u00e1 o seu quarto de estudante.\" \/>\n<meta name=\"robots\" content=\"index, follow, max-snippet:-1, max-image-preview:large, max-video-preview:-1\" \/>\n<link rel=\"canonical\" href=\"https:\/\/www.xiorstudenthousing.eu\/pt\/portugal\/lisbon\/\" \/>\n<meta property=\"og:locale\" content=\"pt_PT\" \/>\n<meta property=\"og:type\" content=\"article\" \/>\n<meta property=\"og:title\" content=\"Alojamento estudantil em Lisboa | Quartos perto de universidades | Xior\" \/>\n<meta property=\"og:description\" content=\"Viva em Lisboa com a Xior, uma resid\u00eancia estudantil perto de universidades, espa\u00e7os sociais, com Wi-Fi de alta velocidade, lavandaria no local e seguran\u00e7a 24 horas. Reserve j\u00e1 o seu quarto de estudante.\" \/>\n<meta property=\"og:url\" content=\"https:\/\/www.xiorstudenthousing.eu\/pt\/portugal\/lisbon\/\" \/>\n<meta property=\"og:site_name\" content=\"Xior Student Housing\" \/>\n<meta property=\"article:publisher\" content=\"https:\/\/www.facebook.com\/xiorstudenthousing\" \/>\n<meta property=\"article:modified_time\" content=\"2026-03-25T15:28:00+00:00\" \/>\n<meta property=\"og:image\" content=\"https:\/\/www.xiorstudenthousing.eu\/wp-content\/uploads\/2026\/03\/PT_Lisbon_Carousel.jpg\" \/>\n\t<meta property=\"og:image:width\" content=\"675\" \/>\n\t<meta property=\"og:image:height\" content=\"900\" \/>\n\t<meta property=\"og:image:type\" content=\"image\/jpeg\" \/>\n<meta name=\"twitter:card\" content=\"summary_large_image\" \/>\n<meta name=\"twitter:site\" content=\"@xiorstudent\" \/>\n<meta name=\"twitter:label1\" content=\"Tempo estimado de leitura\" \/>\n\t<meta name=\"twitter:data1\" content=\"1 minuto\" \/>\n<script type=\"application\/ld+json\" class=\"yoast-schema-graph\">{\"@context\":\"https:\/\/schema.org\",\"@graph\":[{\"@type\":\"WebPage\",\"@id\":\"https:\/\/www.xiorstudenthousing.eu\/pt\/portugal\/lisbon\/\",\"url\":\"https:\/\/www.xiorstudenthousing.eu\/pt\/portugal\/lisbon\/\",\"name\":\"Alojamento estudantil em Lisboa | Quartos perto de universidades | Xior\",\"isPartOf\":{\"@id\":\"https:\/\/www.xiorstudenthousing.eu\/pt\/#website\"},\"primaryImageOfPage\":{\"@id\":\"https:\/\/www.xiorstudenthousing.eu\/pt\/portugal\/lisbon\/#primaryimage\"},\"image\":{\"@id\":\"https:\/\/www.xiorstudenthousing.eu\/pt\/portugal\/lisbon\/#primaryimage\"},\"thumbnailUrl\":\"https:\/\/www.xiorstudenthousing.eu\/wp-content\/uploads\/2026\/03\/PT_Lisbon_Carousel.jpg\",\"datePublished\":\"2026-03-03T11:37:31+00:00\",\"dateModified\":\"2026-03-25T15:28:00+00:00\",\"description\":\"Viva em Lisboa com a Xior, uma resid\u00eancia estudantil perto de universidades, espa\u00e7os sociais, com Wi-Fi de alta velocidade, lavandaria no local e seguran\u00e7a 24 horas. Reserve j\u00e1 o seu quarto de estudante.\",\"breadcrumb\":{\"@id\":\"https:\/\/www.xiorstudenthousing.eu\/pt\/portugal\/lisbon\/#breadcrumb\"},\"inLanguage\":\"pt-PT\",\"potentialAction\":[{\"@type\":\"ReadAction\",\"target\":[\"https:\/\/www.xiorstudenthousing.eu\/pt\/portugal\/lisbon\/\"]}]},{\"@type\":\"ImageObject\",\"inLanguage\":\"pt-PT\",\"@id\":\"https:\/\/www.xiorstudenthousing.eu\/pt\/portugal\/lisbon\/#primaryimage\",\"url\":\"https:\/\/www.xiorstudenthousing.eu\/wp-content\/uploads\/2026\/03\/PT_Lisbon_Carousel.jpg\",\"contentUrl\":\"https:\/\/www.xiorstudenthousing.eu\/wp-content\/uploads\/2026\/03\/PT_Lisbon_Carousel.jpg\",\"width\":675,\"height\":900},{\"@type\":\"BreadcrumbList\",\"@id\":\"https:\/\/www.xiorstudenthousing.eu\/pt\/portugal\/lisbon\/#breadcrumb\",\"itemListElement\":[{\"@type\":\"ListItem\",\"position\":1,\"name\":\"Home\",\"item\":\"https:\/\/www.xiorstudenthousing.eu\/pt\/\"},{\"@type\":\"ListItem\",\"position\":2,\"name\":\"Portugal\",\"item\":\"https:\/\/www.xiorstudenthousing.eu\/pt\/portugal\/\"},{\"@type\":\"ListItem\",\"position\":3,\"name\":\"Lisbon\"}]},{\"@type\":\"WebSite\",\"@id\":\"https:\/\/www.xiorstudenthousing.eu\/pt\/#website\",\"url\":\"https:\/\/www.xiorstudenthousing.eu\/pt\/\",\"name\":\"Xior Student Housing\",\"description\":\"\",\"potentialAction\":[{\"@type\":\"SearchAction\",\"target\":{\"@type\":\"EntryPoint\",\"urlTemplate\":\"https:\/\/www.xiorstudenthousing.eu\/pt\/?s={search_term_string}\"},\"query-input\":{\"@type\":\"PropertyValueSpecification\",\"valueRequired\":true,\"valueName\":\"search_term_string\"}}],\"inLanguage\":\"pt-PT\"}]}<\/script>\n<!-- \/ Yoast SEO plugin. -->","yoast_head_json":{"title":"Alojamento estudantil em Lisboa | Quartos perto de universidades | Xior","description":"Viva em Lisboa com a Xior, uma resid\u00eancia estudantil perto de universidades, espa\u00e7os sociais, com Wi-Fi de alta velocidade, lavandaria no local e seguran\u00e7a 24 horas. Reserve j\u00e1 o seu quarto de estudante.","robots":{"index":"index","follow":"follow","max-snippet":"max-snippet:-1","max-image-preview":"max-image-preview:large","max-video-preview":"max-video-preview:-1"},"canonical":"https:\/\/www.xiorstudenthousing.eu\/pt\/portugal\/lisbon\/","og_locale":"pt_PT","og_type":"article","og_title":"Alojamento estudantil em Lisboa | Quartos perto de universidades | Xior","og_description":"Viva em Lisboa com a Xior, uma resid\u00eancia estudantil perto de universidades, espa\u00e7os sociais, com Wi-Fi de alta velocidade, lavandaria no local e seguran\u00e7a 24 horas. Reserve j\u00e1 o seu quarto de estudante.","og_url":"https:\/\/www.xiorstudenthousing.eu\/pt\/portugal\/lisbon\/","og_site_name":"Xior Student Housing","article_publisher":"https:\/\/www.facebook.com\/xiorstudenthousing","article_modified_time":"2026-03-25T15:28:00+00:00","og_image":[{"width":675,"height":900,"url":"https:\/\/www.xiorstudenthousing.eu\/wp-content\/uploads\/2026\/03\/PT_Lisbon_Carousel.jpg","type":"image\/jpeg"}],"twitter_card":"summary_large_image","twitter_site":"@xiorstudent","twitter_misc":{"Tempo estimado de leitura":"1 minuto"},"schema":{"@context":"https:\/\/schema.org","@graph":[{"@type":"WebPage","@id":"https:\/\/www.xiorstudenthousing.eu\/pt\/portugal\/lisbon\/","url":"https:\/\/www.xiorstudenthousing.eu\/pt\/portugal\/lisbon\/","name":"Alojamento estudantil em Lisboa | Quartos perto de universidades | Xior","isPartOf":{"@id":"https:\/\/www.xiorstudenthousing.eu\/pt\/#website"},"primaryImageOfPage":{"@id":"https:\/\/www.xiorstudenthousing.eu\/pt\/portugal\/lisbon\/#primaryimage"},"image":{"@id":"https:\/\/www.xiorstudenthousing.eu\/pt\/portugal\/lisbon\/#primaryimage"},"thumbnailUrl":"https:\/\/www.xiorstudenthousing.eu\/wp-content\/uploads\/2026\/03\/PT_Lisbon_Carousel.jpg","datePublished":"2026-03-03T11:37:31+00:00","dateModified":"2026-03-25T15:28:00+00:00","description":"Viva em Lisboa com a Xior, uma resid\u00eancia estudantil perto de universidades, espa\u00e7os sociais, com Wi-Fi de alta velocidade, lavandaria no local e seguran\u00e7a 24 horas. Reserve j\u00e1 o seu quarto de estudante.","breadcrumb":{"@id":"https:\/\/www.xiorstudenthousing.eu\/pt\/portugal\/lisbon\/#breadcrumb"},"inLanguage":"pt-PT","potentialAction":[{"@type":"ReadAction","target":["https:\/\/www.xiorstudenthousing.eu\/pt\/portugal\/lisbon\/"]}]},{"@type":"ImageObject","inLanguage":"pt-PT","@id":"https:\/\/www.xiorstudenthousing.eu\/pt\/portugal\/lisbon\/#primaryimage","url":"https:\/\/www.xiorstudenthousing.eu\/wp-content\/uploads\/2026\/03\/PT_Lisbon_Carousel.jpg","contentUrl":"https:\/\/www.xiorstudenthousing.eu\/wp-content\/uploads\/2026\/03\/PT_Lisbon_Carousel.jpg","width":675,"height":900},{"@type":"BreadcrumbList","@id":"https:\/\/www.xiorstudenthousing.eu\/pt\/portugal\/lisbon\/#breadcrumb","itemListElement":[{"@type":"ListItem","position":1,"name":"Home","item":"https:\/\/www.xiorstudenthousing.eu\/pt\/"},{"@type":"ListItem","position":2,"name":"Portugal","item":"https:\/\/www.xiorstudenthousing.eu\/pt\/portugal\/"},{"@type":"ListItem","position":3,"name":"Lisbon"}]},{"@type":"WebSite","@id":"https:\/\/www.xiorstudenthousing.eu\/pt\/#website","url":"https:\/\/www.xiorstudenthousing.eu\/pt\/","name":"Xior Student Housing","description":"","potentialAction":[{"@type":"SearchAction","target":{"@type":"EntryPoint","urlTemplate":"https:\/\/www.xiorstudenthousing.eu\/pt\/?s={search_term_string}"},"query-input":{"@type":"PropertyValueSpecification","valueRequired":true,"valueName":"search_term_string"}}],"inLanguage":"pt-PT"}]}},"_links":{"self":[{"href":"https:\/\/www.xiorstudenthousing.eu\/pt\/wp-json\/wp\/v2\/pages\/25589","targetHints":{"allow":["GET"]}}],"collection":[{"href":"https:\/\/www.xiorstudenthousing.eu\/pt\/wp-json\/wp\/v2\/pages"}],"about":[{"href":"https:\/\/www.xiorstudenthousing.eu\/pt\/wp-json\/wp\/v2\/types\/page"}],"author":[{"embeddable":true,"href":"https:\/\/www.xiorstudenthousing.eu\/pt\/wp-json\/wp\/v2\/users\/1"}],"replies":[{"embeddable":true,"href":"https:\/\/www.xiorstudenthousing.eu\/pt\/wp-json\/wp\/v2\/comments?post=25589"}],"version-history":[{"count":4,"href":"https:\/\/www.xiorstudenthousing.eu\/pt\/wp-json\/wp\/v2\/pages\/25589\/revisions"}],"predecessor-version":[{"id":30446,"href":"https:\/\/www.xiorstudenthousing.eu\/pt\/wp-json\/wp\/v2\/pages\/25589\/revisions\/30446"}],"up":[{"embeddable":true,"href":"https:\/\/www.xiorstudenthousing.eu\/pt\/wp-json\/wp\/v2\/pages\/12387"}],"wp:featuredmedia":[{"embeddable":true,"href":"https:\/\/www.xiorstudenthousing.eu\/pt\/wp-json\/wp\/v2\/media\/4305"}],"wp:attachment":[{"href":"https:\/\/www.xiorstudenthousing.eu\/pt\/wp-json\/wp\/v2\/media?parent=25589"}],"curies":[{"name":"wp","href":"https:\/\/api.w.org\/{rel}","templated":true}]}}