{"id":28812,"date":"2026-03-16T10:37:14","date_gmt":"2026-03-16T10:37:14","guid":{"rendered":"https:\/\/www.xiorstudenthousing.eu\/about-xior\/"},"modified":"2026-04-04T19:30:45","modified_gmt":"2026-04-04T19:30:45","slug":"about-xior","status":"publish","type":"page","link":"https:\/\/www.xiorstudenthousing.eu\/pt\/about-xior\/","title":{"rendered":"About Xior"},"content":{"rendered":"","protected":false},"excerpt":{"rendered":"","protected":false},"author":1,"featured_media":0,"parent":0,"menu_order":0,"comment_status":"closed","ping_status":"closed","template":"","meta":{"_acf_changed":false,"footnotes":""},"class_list":["post-28812","page","type-page","status-publish","hentry"],"acf":[],"yoast_head":"<!-- This site is optimized with the Yoast SEO plugin v27.1.1 - https:\/\/yoast.com\/product\/yoast-seo-wordpress\/ -->\n<title>Sobre a Xior | Alojamento estudantil em toda a Europa | Xior<\/title>\n<meta name=\"description\" content=\"Descubra a Xior Student Housing: uma das principais fornecedoras europeias que oferece acomoda\u00e7\u00f5es estudantis seguras e de alta qualidade, projetadas para promover a comunidade, a conex\u00e3o e a vida independente.\" \/>\n<meta name=\"robots\" content=\"index, follow, max-snippet:-1, max-image-preview:large, max-video-preview:-1\" \/>\n<link rel=\"canonical\" href=\"https:\/\/www.xiorstudenthousing.eu\/pt\/about-xior\/\" \/>\n<meta property=\"og:locale\" content=\"pt_PT\" \/>\n<meta property=\"og:type\" content=\"article\" \/>\n<meta property=\"og:title\" content=\"Sobre a Xior | Alojamento estudantil em toda a Europa | Xior\" \/>\n<meta property=\"og:description\" content=\"Descubra a Xior Student Housing: uma das principais fornecedoras europeias que oferece acomoda\u00e7\u00f5es estudantis seguras e de alta qualidade, projetadas para promover a comunidade, a conex\u00e3o e a vida independente.\" \/>\n<meta property=\"og:url\" content=\"https:\/\/www.xiorstudenthousing.eu\/pt\/about-xior\/\" \/>\n<meta property=\"og:site_name\" content=\"Xior Student Housing\" \/>\n<meta property=\"article:publisher\" content=\"https:\/\/www.facebook.com\/xiorstudenthousing\" \/>\n<meta property=\"article:modified_time\" content=\"2026-04-04T19:30:45+00:00\" \/>\n<meta name=\"twitter:card\" content=\"summary_large_image\" \/>\n<meta name=\"twitter:site\" content=\"@xiorstudent\" \/>\n<script type=\"application\/ld+json\" class=\"yoast-schema-graph\">{\"@context\":\"https:\/\/schema.org\",\"@graph\":[{\"@type\":\"WebPage\",\"@id\":\"https:\/\/www.xiorstudenthousing.eu\/pt\/about-xior\/\",\"url\":\"https:\/\/www.xiorstudenthousing.eu\/pt\/about-xior\/\",\"name\":\"Sobre a Xior | Alojamento estudantil em toda a Europa | Xior\",\"isPartOf\":{\"@id\":\"https:\/\/www.xiorstudenthousing.eu\/pt\/#website\"},\"datePublished\":\"2026-03-16T10:37:14+00:00\",\"dateModified\":\"2026-04-04T19:30:45+00:00\",\"description\":\"Descubra a Xior Student Housing: uma das principais fornecedoras europeias que oferece acomoda\u00e7\u00f5es estudantis seguras e de alta qualidade, projetadas para promover a comunidade, a conex\u00e3o e a vida independente.\",\"breadcrumb\":{\"@id\":\"https:\/\/www.xiorstudenthousing.eu\/pt\/about-xior\/#breadcrumb\"},\"inLanguage\":\"pt-PT\",\"potentialAction\":[{\"@type\":\"ReadAction\",\"target\":[\"https:\/\/www.xiorstudenthousing.eu\/pt\/about-xior\/\"]}]},{\"@type\":\"BreadcrumbList\",\"@id\":\"https:\/\/www.xiorstudenthousing.eu\/pt\/about-xior\/#breadcrumb\",\"itemListElement\":[{\"@type\":\"ListItem\",\"position\":1,\"name\":\"Home\",\"item\":\"https:\/\/www.xiorstudenthousing.eu\/pt\/\"},{\"@type\":\"ListItem\",\"position\":2,\"name\":\"About Xior\"}]},{\"@type\":\"WebSite\",\"@id\":\"https:\/\/www.xiorstudenthousing.eu\/pt\/#website\",\"url\":\"https:\/\/www.xiorstudenthousing.eu\/pt\/\",\"name\":\"Xior Student Housing\",\"description\":\"\",\"potentialAction\":[{\"@type\":\"SearchAction\",\"target\":{\"@type\":\"EntryPoint\",\"urlTemplate\":\"https:\/\/www.xiorstudenthousing.eu\/pt\/?s={search_term_string}\"},\"query-input\":{\"@type\":\"PropertyValueSpecification\",\"valueRequired\":true,\"valueName\":\"search_term_string\"}}],\"inLanguage\":\"pt-PT\"}]}<\/script>\n<!-- \/ Yoast SEO plugin. -->","yoast_head_json":{"title":"Sobre a Xior | Alojamento estudantil em toda a Europa | Xior","description":"Descubra a Xior Student Housing: uma das principais fornecedoras europeias que oferece acomoda\u00e7\u00f5es estudantis seguras e de alta qualidade, projetadas para promover a comunidade, a conex\u00e3o e a vida independente.","robots":{"index":"index","follow":"follow","max-snippet":"max-snippet:-1","max-image-preview":"max-image-preview:large","max-video-preview":"max-video-preview:-1"},"canonical":"https:\/\/www.xiorstudenthousing.eu\/pt\/about-xior\/","og_locale":"pt_PT","og_type":"article","og_title":"Sobre a Xior | Alojamento estudantil em toda a Europa | Xior","og_description":"Descubra a Xior Student Housing: uma das principais fornecedoras europeias que oferece acomoda\u00e7\u00f5es estudantis seguras e de alta qualidade, projetadas para promover a comunidade, a conex\u00e3o e a vida independente.","og_url":"https:\/\/www.xiorstudenthousing.eu\/pt\/about-xior\/","og_site_name":"Xior Student Housing","article_publisher":"https:\/\/www.facebook.com\/xiorstudenthousing","article_modified_time":"2026-04-04T19:30:45+00:00","twitter_card":"summary_large_image","twitter_site":"@xiorstudent","schema":{"@context":"https:\/\/schema.org","@graph":[{"@type":"WebPage","@id":"https:\/\/www.xiorstudenthousing.eu\/pt\/about-xior\/","url":"https:\/\/www.xiorstudenthousing.eu\/pt\/about-xior\/","name":"Sobre a Xior | Alojamento estudantil em toda a Europa | Xior","isPartOf":{"@id":"https:\/\/www.xiorstudenthousing.eu\/pt\/#website"},"datePublished":"2026-03-16T10:37:14+00:00","dateModified":"2026-04-04T19:30:45+00:00","description":"Descubra a Xior Student Housing: uma das principais fornecedoras europeias que oferece acomoda\u00e7\u00f5es estudantis seguras e de alta qualidade, projetadas para promover a comunidade, a conex\u00e3o e a vida independente.","breadcrumb":{"@id":"https:\/\/www.xiorstudenthousing.eu\/pt\/about-xior\/#breadcrumb"},"inLanguage":"pt-PT","potentialAction":[{"@type":"ReadAction","target":["https:\/\/www.xiorstudenthousing.eu\/pt\/about-xior\/"]}]},{"@type":"BreadcrumbList","@id":"https:\/\/www.xiorstudenthousing.eu\/pt\/about-xior\/#breadcrumb","itemListElement":[{"@type":"ListItem","position":1,"name":"Home","item":"https:\/\/www.xiorstudenthousing.eu\/pt\/"},{"@type":"ListItem","position":2,"name":"About Xior"}]},{"@type":"WebSite","@id":"https:\/\/www.xiorstudenthousing.eu\/pt\/#website","url":"https:\/\/www.xiorstudenthousing.eu\/pt\/","name":"Xior Student Housing","description":"","potentialAction":[{"@type":"SearchAction","target":{"@type":"EntryPoint","urlTemplate":"https:\/\/www.xiorstudenthousing.eu\/pt\/?s={search_term_string}"},"query-input":{"@type":"PropertyValueSpecification","valueRequired":true,"valueName":"search_term_string"}}],"inLanguage":"pt-PT"}]}},"_links":{"self":[{"href":"https:\/\/www.xiorstudenthousing.eu\/pt\/wp-json\/wp\/v2\/pages\/28812","targetHints":{"allow":["GET"]}}],"collection":[{"href":"https:\/\/www.xiorstudenthousing.eu\/pt\/wp-json\/wp\/v2\/pages"}],"about":[{"href":"https:\/\/www.xiorstudenthousing.eu\/pt\/wp-json\/wp\/v2\/types\/page"}],"author":[{"embeddable":true,"href":"https:\/\/www.xiorstudenthousing.eu\/pt\/wp-json\/wp\/v2\/users\/1"}],"replies":[{"embeddable":true,"href":"https:\/\/www.xiorstudenthousing.eu\/pt\/wp-json\/wp\/v2\/comments?post=28812"}],"version-history":[{"count":2,"href":"https:\/\/www.xiorstudenthousing.eu\/pt\/wp-json\/wp\/v2\/pages\/28812\/revisions"}],"predecessor-version":[{"id":33769,"href":"https:\/\/www.xiorstudenthousing.eu\/pt\/wp-json\/wp\/v2\/pages\/28812\/revisions\/33769"}],"wp:attachment":[{"href":"https:\/\/www.xiorstudenthousing.eu\/pt\/wp-json\/wp\/v2\/media?parent=28812"}],"curies":[{"name":"wp","href":"https:\/\/api.w.org\/{rel}","templated":true}]}}