{"id":34197,"date":"2026-03-19T11:05:03","date_gmt":"2026-03-19T11:05:03","guid":{"rendered":"https:\/\/www.xiorstudenthousing.eu\/contact\/"},"modified":"2026-04-15T16:13:15","modified_gmt":"2026-04-15T16:13:15","slug":"contact","status":"publish","type":"page","link":"https:\/\/www.xiorstudenthousing.eu\/sv\/contact\/","title":{"rendered":"Contact Us"},"content":{"rendered":"","protected":false},"excerpt":{"rendered":"","protected":false},"author":1,"featured_media":0,"parent":0,"menu_order":0,"comment_status":"closed","ping_status":"closed","template":"","meta":{"_acf_changed":false,"footnotes":""},"class_list":["post-34197","page","type-page","status-publish","hentry"],"acf":[],"yoast_head":"<!-- This site is optimized with the Yoast SEO plugin v27.1.1 - https:\/\/yoast.com\/product\/yoast-seo-wordpress\/ -->\n<title>Kontakta Xior | Studentbost\u00e4der | Xior<\/title>\n<meta name=\"description\" content=\"Har du fr\u00e5gor om studentboende p\u00e5 Xior? Kontakta v\u00e5rt team f\u00f6r st\u00f6d g\u00e4llande boende, bokningar eller livet p\u00e5 Xior \u2013 f\u00f6r f\u00f6r\u00e4ldrar och studenter.\" \/>\n<meta name=\"robots\" content=\"index, follow, max-snippet:-1, max-image-preview:large, max-video-preview:-1\" \/>\n<link rel=\"canonical\" href=\"https:\/\/www.xiorstudenthousing.eu\/sv\/contact\/\" \/>\n<meta property=\"og:locale\" content=\"sv_SE\" \/>\n<meta property=\"og:type\" content=\"article\" \/>\n<meta property=\"og:title\" content=\"Kontakta Xior | Studentbost\u00e4der | Xior\" \/>\n<meta property=\"og:description\" content=\"Har du fr\u00e5gor om studentboende p\u00e5 Xior? Kontakta v\u00e5rt team f\u00f6r st\u00f6d g\u00e4llande boende, bokningar eller livet p\u00e5 Xior \u2013 f\u00f6r f\u00f6r\u00e4ldrar och studenter.\" \/>\n<meta property=\"og:url\" content=\"https:\/\/www.xiorstudenthousing.eu\/sv\/contact\/\" \/>\n<meta property=\"og:site_name\" content=\"Xior Student Housing\" \/>\n<meta property=\"article:publisher\" content=\"https:\/\/www.facebook.com\/xiorstudenthousing\" \/>\n<meta property=\"article:modified_time\" content=\"2026-04-15T16:13:15+00:00\" \/>\n<meta name=\"twitter:card\" content=\"summary_large_image\" \/>\n<meta name=\"twitter:site\" content=\"@xiorstudent\" \/>\n<script type=\"application\/ld+json\" class=\"yoast-schema-graph\">{\"@context\":\"https:\/\/schema.org\",\"@graph\":[{\"@type\":\"WebPage\",\"@id\":\"https:\/\/www.xiorstudenthousing.eu\/sv\/contact\/\",\"url\":\"https:\/\/www.xiorstudenthousing.eu\/sv\/contact\/\",\"name\":\"Kontakta Xior | Studentbost\u00e4der | Xior\",\"isPartOf\":{\"@id\":\"https:\/\/www.xiorstudenthousing.eu\/sv\/#website\"},\"datePublished\":\"2026-03-19T11:05:03+00:00\",\"dateModified\":\"2026-04-15T16:13:15+00:00\",\"description\":\"Har du fr\u00e5gor om studentboende p\u00e5 Xior? Kontakta v\u00e5rt team f\u00f6r st\u00f6d g\u00e4llande boende, bokningar eller livet p\u00e5 Xior \u2013 f\u00f6r f\u00f6r\u00e4ldrar och studenter.\",\"breadcrumb\":{\"@id\":\"https:\/\/www.xiorstudenthousing.eu\/sv\/contact\/#breadcrumb\"},\"inLanguage\":\"sv-SE\",\"potentialAction\":[{\"@type\":\"ReadAction\",\"target\":[\"https:\/\/www.xiorstudenthousing.eu\/sv\/contact\/\"]}]},{\"@type\":\"BreadcrumbList\",\"@id\":\"https:\/\/www.xiorstudenthousing.eu\/sv\/contact\/#breadcrumb\",\"itemListElement\":[{\"@type\":\"ListItem\",\"position\":1,\"name\":\"Home\",\"item\":\"https:\/\/www.xiorstudenthousing.eu\/sv\/\"},{\"@type\":\"ListItem\",\"position\":2,\"name\":\"Contact Us\"}]},{\"@type\":\"WebSite\",\"@id\":\"https:\/\/www.xiorstudenthousing.eu\/sv\/#website\",\"url\":\"https:\/\/www.xiorstudenthousing.eu\/sv\/\",\"name\":\"Xior Student Housing\",\"description\":\"\",\"potentialAction\":[{\"@type\":\"SearchAction\",\"target\":{\"@type\":\"EntryPoint\",\"urlTemplate\":\"https:\/\/www.xiorstudenthousing.eu\/sv\/?s={search_term_string}\"},\"query-input\":{\"@type\":\"PropertyValueSpecification\",\"valueRequired\":true,\"valueName\":\"search_term_string\"}}],\"inLanguage\":\"sv-SE\"}]}<\/script>\n<!-- \/ Yoast SEO plugin. -->","yoast_head_json":{"title":"Kontakta Xior | Studentbost\u00e4der | Xior","description":"Har du fr\u00e5gor om studentboende p\u00e5 Xior? Kontakta v\u00e5rt team f\u00f6r st\u00f6d g\u00e4llande boende, bokningar eller livet p\u00e5 Xior \u2013 f\u00f6r f\u00f6r\u00e4ldrar och studenter.","robots":{"index":"index","follow":"follow","max-snippet":"max-snippet:-1","max-image-preview":"max-image-preview:large","max-video-preview":"max-video-preview:-1"},"canonical":"https:\/\/www.xiorstudenthousing.eu\/sv\/contact\/","og_locale":"sv_SE","og_type":"article","og_title":"Kontakta Xior | Studentbost\u00e4der | Xior","og_description":"Har du fr\u00e5gor om studentboende p\u00e5 Xior? Kontakta v\u00e5rt team f\u00f6r st\u00f6d g\u00e4llande boende, bokningar eller livet p\u00e5 Xior \u2013 f\u00f6r f\u00f6r\u00e4ldrar och studenter.","og_url":"https:\/\/www.xiorstudenthousing.eu\/sv\/contact\/","og_site_name":"Xior Student Housing","article_publisher":"https:\/\/www.facebook.com\/xiorstudenthousing","article_modified_time":"2026-04-15T16:13:15+00:00","twitter_card":"summary_large_image","twitter_site":"@xiorstudent","schema":{"@context":"https:\/\/schema.org","@graph":[{"@type":"WebPage","@id":"https:\/\/www.xiorstudenthousing.eu\/sv\/contact\/","url":"https:\/\/www.xiorstudenthousing.eu\/sv\/contact\/","name":"Kontakta Xior | Studentbost\u00e4der | Xior","isPartOf":{"@id":"https:\/\/www.xiorstudenthousing.eu\/sv\/#website"},"datePublished":"2026-03-19T11:05:03+00:00","dateModified":"2026-04-15T16:13:15+00:00","description":"Har du fr\u00e5gor om studentboende p\u00e5 Xior? Kontakta v\u00e5rt team f\u00f6r st\u00f6d g\u00e4llande boende, bokningar eller livet p\u00e5 Xior \u2013 f\u00f6r f\u00f6r\u00e4ldrar och studenter.","breadcrumb":{"@id":"https:\/\/www.xiorstudenthousing.eu\/sv\/contact\/#breadcrumb"},"inLanguage":"sv-SE","potentialAction":[{"@type":"ReadAction","target":["https:\/\/www.xiorstudenthousing.eu\/sv\/contact\/"]}]},{"@type":"BreadcrumbList","@id":"https:\/\/www.xiorstudenthousing.eu\/sv\/contact\/#breadcrumb","itemListElement":[{"@type":"ListItem","position":1,"name":"Home","item":"https:\/\/www.xiorstudenthousing.eu\/sv\/"},{"@type":"ListItem","position":2,"name":"Contact Us"}]},{"@type":"WebSite","@id":"https:\/\/www.xiorstudenthousing.eu\/sv\/#website","url":"https:\/\/www.xiorstudenthousing.eu\/sv\/","name":"Xior Student Housing","description":"","potentialAction":[{"@type":"SearchAction","target":{"@type":"EntryPoint","urlTemplate":"https:\/\/www.xiorstudenthousing.eu\/sv\/?s={search_term_string}"},"query-input":{"@type":"PropertyValueSpecification","valueRequired":true,"valueName":"search_term_string"}}],"inLanguage":"sv-SE"}]}},"_links":{"self":[{"href":"https:\/\/www.xiorstudenthousing.eu\/sv\/wp-json\/wp\/v2\/pages\/34197","targetHints":{"allow":["GET"]}}],"collection":[{"href":"https:\/\/www.xiorstudenthousing.eu\/sv\/wp-json\/wp\/v2\/pages"}],"about":[{"href":"https:\/\/www.xiorstudenthousing.eu\/sv\/wp-json\/wp\/v2\/types\/page"}],"author":[{"embeddable":true,"href":"https:\/\/www.xiorstudenthousing.eu\/sv\/wp-json\/wp\/v2\/users\/1"}],"replies":[{"embeddable":true,"href":"https:\/\/www.xiorstudenthousing.eu\/sv\/wp-json\/wp\/v2\/comments?post=34197"}],"version-history":[{"count":4,"href":"https:\/\/www.xiorstudenthousing.eu\/sv\/wp-json\/wp\/v2\/pages\/34197\/revisions"}],"predecessor-version":[{"id":36490,"href":"https:\/\/www.xiorstudenthousing.eu\/sv\/wp-json\/wp\/v2\/pages\/34197\/revisions\/36490"}],"wp:attachment":[{"href":"https:\/\/www.xiorstudenthousing.eu\/sv\/wp-json\/wp\/v2\/media?parent=34197"}],"curies":[{"name":"wp","href":"https:\/\/api.w.org\/{rel}","templated":true}]}}