{"id":34526,"date":"2026-03-16T10:50:21","date_gmt":"2026-03-16T10:50:21","guid":{"rendered":"https:\/\/www.xiorstudenthousing.eu\/parents\/"},"modified":"2026-04-10T14:11:45","modified_gmt":"2026-04-10T14:11:45","slug":"parent-hub","status":"publish","type":"page","link":"https:\/\/www.xiorstudenthousing.eu\/sv\/parent-hub\/","title":{"rendered":"Parent Hub"},"content":{"rendered":"","protected":false},"excerpt":{"rendered":"","protected":false},"author":1,"featured_media":0,"parent":0,"menu_order":0,"comment_status":"closed","ping_status":"closed","template":"","meta":{"_acf_changed":false,"footnotes":""},"class_list":["post-34526","page","type-page","status-publish","hentry"],"acf":[],"yoast_head":"<!-- This site is optimized with the Yoast SEO plugin v27.1.1 - https:\/\/yoast.com\/product\/yoast-seo-wordpress\/ -->\n<title>F\u00f6r\u00e4ldraportal | D\u00e4rf\u00f6r v\u00e4ljer f\u00f6r\u00e4ldrar Xior | Xior studentbost\u00e4der<\/title>\n<meta name=\"description\" content=\"Peace of mind for parents. Xior offers safe student housing with 24\/7 security, on-site support, social spaces and a strong community to help your child thrive.Trygghet f\u00f6r dig som f\u00f6r\u00e4lder. Xior erbjuder trygga studentboenden med s\u00e4kerhet dygnet runt, personal p\u00e5 plats, sociala ytor och en stark gemenskap \u2013 allt f\u00f6r att hj\u00e4lpa ditt barn att trivas och utvecklas.\" \/>\n<meta name=\"robots\" content=\"index, follow, max-snippet:-1, max-image-preview:large, max-video-preview:-1\" \/>\n<link rel=\"canonical\" href=\"https:\/\/www.xiorstudenthousing.eu\/sv\/parent-hub\/\" \/>\n<meta property=\"og:locale\" content=\"sv_SE\" \/>\n<meta property=\"og:type\" content=\"article\" \/>\n<meta property=\"og:title\" content=\"F\u00f6r\u00e4ldraportal | D\u00e4rf\u00f6r v\u00e4ljer f\u00f6r\u00e4ldrar Xior | Xior studentbost\u00e4der\" \/>\n<meta property=\"og:description\" content=\"Peace of mind for parents. Xior offers safe student housing with 24\/7 security, on-site support, social spaces and a strong community to help your child thrive.Trygghet f\u00f6r dig som f\u00f6r\u00e4lder. Xior erbjuder trygga studentboenden med s\u00e4kerhet dygnet runt, personal p\u00e5 plats, sociala ytor och en stark gemenskap \u2013 allt f\u00f6r att hj\u00e4lpa ditt barn att trivas och utvecklas.\" \/>\n<meta property=\"og:url\" content=\"https:\/\/www.xiorstudenthousing.eu\/sv\/parent-hub\/\" \/>\n<meta property=\"og:site_name\" content=\"Xior Student Housing\" \/>\n<meta property=\"article:publisher\" content=\"https:\/\/www.facebook.com\/xiorstudenthousing\" \/>\n<meta property=\"article:modified_time\" content=\"2026-04-10T14:11:45+00:00\" \/>\n<meta name=\"twitter:card\" content=\"summary_large_image\" \/>\n<meta name=\"twitter:site\" content=\"@xiorstudent\" \/>\n<script type=\"application\/ld+json\" class=\"yoast-schema-graph\">{\"@context\":\"https:\/\/schema.org\",\"@graph\":[{\"@type\":\"WebPage\",\"@id\":\"https:\/\/www.xiorstudenthousing.eu\/sv\/parent-hub\/\",\"url\":\"https:\/\/www.xiorstudenthousing.eu\/sv\/parent-hub\/\",\"name\":\"F\u00f6r\u00e4ldraportal | D\u00e4rf\u00f6r v\u00e4ljer f\u00f6r\u00e4ldrar Xior | Xior studentbost\u00e4der\",\"isPartOf\":{\"@id\":\"https:\/\/www.xiorstudenthousing.eu\/sv\/#website\"},\"datePublished\":\"2026-03-16T10:50:21+00:00\",\"dateModified\":\"2026-04-10T14:11:45+00:00\",\"description\":\"Peace of mind for parents. Xior offers safe student housing with 24\/7 security, on-site support, social spaces and a strong community to help your child thrive.Trygghet f\u00f6r dig som f\u00f6r\u00e4lder. Xior erbjuder trygga studentboenden med s\u00e4kerhet dygnet runt, personal p\u00e5 plats, sociala ytor och en stark gemenskap \u2013 allt f\u00f6r att hj\u00e4lpa ditt barn att trivas och utvecklas.\",\"breadcrumb\":{\"@id\":\"https:\/\/www.xiorstudenthousing.eu\/sv\/parent-hub\/#breadcrumb\"},\"inLanguage\":\"sv-SE\",\"potentialAction\":[{\"@type\":\"ReadAction\",\"target\":[\"https:\/\/www.xiorstudenthousing.eu\/sv\/parent-hub\/\"]}]},{\"@type\":\"BreadcrumbList\",\"@id\":\"https:\/\/www.xiorstudenthousing.eu\/sv\/parent-hub\/#breadcrumb\",\"itemListElement\":[{\"@type\":\"ListItem\",\"position\":1,\"name\":\"Home\",\"item\":\"https:\/\/www.xiorstudenthousing.eu\/sv\/\"},{\"@type\":\"ListItem\",\"position\":2,\"name\":\"Parent Hub\"}]},{\"@type\":\"WebSite\",\"@id\":\"https:\/\/www.xiorstudenthousing.eu\/sv\/#website\",\"url\":\"https:\/\/www.xiorstudenthousing.eu\/sv\/\",\"name\":\"Xior Student Housing\",\"description\":\"\",\"potentialAction\":[{\"@type\":\"SearchAction\",\"target\":{\"@type\":\"EntryPoint\",\"urlTemplate\":\"https:\/\/www.xiorstudenthousing.eu\/sv\/?s={search_term_string}\"},\"query-input\":{\"@type\":\"PropertyValueSpecification\",\"valueRequired\":true,\"valueName\":\"search_term_string\"}}],\"inLanguage\":\"sv-SE\"}]}<\/script>\n<!-- \/ Yoast SEO plugin. -->","yoast_head_json":{"title":"F\u00f6r\u00e4ldraportal | D\u00e4rf\u00f6r v\u00e4ljer f\u00f6r\u00e4ldrar Xior | Xior studentbost\u00e4der","description":"Peace of mind for parents. Xior offers safe student housing with 24\/7 security, on-site support, social spaces and a strong community to help your child thrive.Trygghet f\u00f6r dig som f\u00f6r\u00e4lder. Xior erbjuder trygga studentboenden med s\u00e4kerhet dygnet runt, personal p\u00e5 plats, sociala ytor och en stark gemenskap \u2013 allt f\u00f6r att hj\u00e4lpa ditt barn att trivas och utvecklas.","robots":{"index":"index","follow":"follow","max-snippet":"max-snippet:-1","max-image-preview":"max-image-preview:large","max-video-preview":"max-video-preview:-1"},"canonical":"https:\/\/www.xiorstudenthousing.eu\/sv\/parent-hub\/","og_locale":"sv_SE","og_type":"article","og_title":"F\u00f6r\u00e4ldraportal | D\u00e4rf\u00f6r v\u00e4ljer f\u00f6r\u00e4ldrar Xior | Xior studentbost\u00e4der","og_description":"Peace of mind for parents. Xior offers safe student housing with 24\/7 security, on-site support, social spaces and a strong community to help your child thrive.Trygghet f\u00f6r dig som f\u00f6r\u00e4lder. Xior erbjuder trygga studentboenden med s\u00e4kerhet dygnet runt, personal p\u00e5 plats, sociala ytor och en stark gemenskap \u2013 allt f\u00f6r att hj\u00e4lpa ditt barn att trivas och utvecklas.","og_url":"https:\/\/www.xiorstudenthousing.eu\/sv\/parent-hub\/","og_site_name":"Xior Student Housing","article_publisher":"https:\/\/www.facebook.com\/xiorstudenthousing","article_modified_time":"2026-04-10T14:11:45+00:00","twitter_card":"summary_large_image","twitter_site":"@xiorstudent","schema":{"@context":"https:\/\/schema.org","@graph":[{"@type":"WebPage","@id":"https:\/\/www.xiorstudenthousing.eu\/sv\/parent-hub\/","url":"https:\/\/www.xiorstudenthousing.eu\/sv\/parent-hub\/","name":"F\u00f6r\u00e4ldraportal | D\u00e4rf\u00f6r v\u00e4ljer f\u00f6r\u00e4ldrar Xior | Xior studentbost\u00e4der","isPartOf":{"@id":"https:\/\/www.xiorstudenthousing.eu\/sv\/#website"},"datePublished":"2026-03-16T10:50:21+00:00","dateModified":"2026-04-10T14:11:45+00:00","description":"Peace of mind for parents. Xior offers safe student housing with 24\/7 security, on-site support, social spaces and a strong community to help your child thrive.Trygghet f\u00f6r dig som f\u00f6r\u00e4lder. Xior erbjuder trygga studentboenden med s\u00e4kerhet dygnet runt, personal p\u00e5 plats, sociala ytor och en stark gemenskap \u2013 allt f\u00f6r att hj\u00e4lpa ditt barn att trivas och utvecklas.","breadcrumb":{"@id":"https:\/\/www.xiorstudenthousing.eu\/sv\/parent-hub\/#breadcrumb"},"inLanguage":"sv-SE","potentialAction":[{"@type":"ReadAction","target":["https:\/\/www.xiorstudenthousing.eu\/sv\/parent-hub\/"]}]},{"@type":"BreadcrumbList","@id":"https:\/\/www.xiorstudenthousing.eu\/sv\/parent-hub\/#breadcrumb","itemListElement":[{"@type":"ListItem","position":1,"name":"Home","item":"https:\/\/www.xiorstudenthousing.eu\/sv\/"},{"@type":"ListItem","position":2,"name":"Parent Hub"}]},{"@type":"WebSite","@id":"https:\/\/www.xiorstudenthousing.eu\/sv\/#website","url":"https:\/\/www.xiorstudenthousing.eu\/sv\/","name":"Xior Student Housing","description":"","potentialAction":[{"@type":"SearchAction","target":{"@type":"EntryPoint","urlTemplate":"https:\/\/www.xiorstudenthousing.eu\/sv\/?s={search_term_string}"},"query-input":{"@type":"PropertyValueSpecification","valueRequired":true,"valueName":"search_term_string"}}],"inLanguage":"sv-SE"}]}},"_links":{"self":[{"href":"https:\/\/www.xiorstudenthousing.eu\/sv\/wp-json\/wp\/v2\/pages\/34526","targetHints":{"allow":["GET"]}}],"collection":[{"href":"https:\/\/www.xiorstudenthousing.eu\/sv\/wp-json\/wp\/v2\/pages"}],"about":[{"href":"https:\/\/www.xiorstudenthousing.eu\/sv\/wp-json\/wp\/v2\/types\/page"}],"author":[{"embeddable":true,"href":"https:\/\/www.xiorstudenthousing.eu\/sv\/wp-json\/wp\/v2\/users\/1"}],"replies":[{"embeddable":true,"href":"https:\/\/www.xiorstudenthousing.eu\/sv\/wp-json\/wp\/v2\/comments?post=34526"}],"version-history":[{"count":1,"href":"https:\/\/www.xiorstudenthousing.eu\/sv\/wp-json\/wp\/v2\/pages\/34526\/revisions"}],"predecessor-version":[{"id":34528,"href":"https:\/\/www.xiorstudenthousing.eu\/sv\/wp-json\/wp\/v2\/pages\/34526\/revisions\/34528"}],"wp:attachment":[{"href":"https:\/\/www.xiorstudenthousing.eu\/sv\/wp-json\/wp\/v2\/media?parent=34526"}],"curies":[{"name":"wp","href":"https:\/\/api.w.org\/{rel}","templated":true}]}}