{"id":37634,"date":"2026-03-04T15:59:37","date_gmt":"2026-03-04T15:59:37","guid":{"rendered":"https:\/\/www.xiorstudenthousing.eu\/malmo-student-accommodation\/"},"modified":"2026-04-21T17:07:33","modified_gmt":"2026-04-21T17:07:33","slug":"malmo-student-accommodation","status":"publish","type":"page","link":"https:\/\/www.xiorstudenthousing.eu\/sv\/sweden\/malmo\/malmo-student-accommodation\/","title":{"rendered":"Basecamp by Xior Malm\u00f6"},"content":{"rendered":"","protected":false},"excerpt":{"rendered":"","protected":false},"author":1,"featured_media":0,"parent":37996,"menu_order":0,"comment_status":"closed","ping_status":"closed","template":"templates\/property-template.php","meta":{"_acf_changed":false,"footnotes":""},"class_list":["post-37634","page","type-page","status-publish","hentry"],"acf":[],"yoast_head":"<!-- This site is optimized with the Yoast SEO plugin v27.1.1 - https:\/\/yoast.com\/product\/yoast-seo-wordpress\/ -->\n<title>Student Accommodation in Malmo | Basecamp by Xior Malm\u00f6 | Xior<\/title>\n<meta name=\"description\" content=\"Basecamp by Xior Malm\u00f6 studentboende erbjuder privata rum, snabbt wifi, delade utrymmen och s\u00e4ker \u00e5tkomst n\u00e4ra lokala universitet och stadens bekv\u00e4mligheter.\" \/>\n<meta name=\"robots\" content=\"index, follow, max-snippet:-1, max-image-preview:large, max-video-preview:-1\" \/>\n<link rel=\"canonical\" href=\"https:\/\/www.xiorstudenthousing.eu\/sv\/sweden\/malmo\/malmo-student-accommodation\/\" \/>\n<meta property=\"og:locale\" content=\"sv_SE\" \/>\n<meta property=\"og:type\" content=\"article\" \/>\n<meta property=\"og:title\" content=\"Student Accommodation in Malmo | Basecamp by Xior Malm\u00f6 | Xior\" \/>\n<meta property=\"og:description\" content=\"Basecamp by Xior Malm\u00f6 studentboende erbjuder privata rum, snabbt wifi, delade utrymmen och s\u00e4ker \u00e5tkomst n\u00e4ra lokala universitet och stadens bekv\u00e4mligheter.\" \/>\n<meta property=\"og:url\" content=\"https:\/\/www.xiorstudenthousing.eu\/sv\/sweden\/malmo\/malmo-student-accommodation\/\" \/>\n<meta property=\"og:site_name\" content=\"Xior Student Housing\" \/>\n<meta property=\"article:publisher\" content=\"https:\/\/www.facebook.com\/xiorstudenthousing\" \/>\n<meta property=\"article:modified_time\" content=\"2026-04-21T17:07:33+00:00\" \/>\n<meta name=\"twitter:card\" content=\"summary_large_image\" \/>\n<meta name=\"twitter:site\" content=\"@xiorstudent\" \/>\n<script type=\"application\/ld+json\" class=\"yoast-schema-graph\">{\"@context\":\"https:\/\/schema.org\",\"@graph\":[{\"@type\":\"WebPage\",\"@id\":\"https:\/\/www.xiorstudenthousing.eu\/sv\/sweden\/malmo\/malmo-student-accommodation\/\",\"url\":\"https:\/\/www.xiorstudenthousing.eu\/sv\/sweden\/malmo\/malmo-student-accommodation\/\",\"name\":\"Student Accommodation in Malmo | Basecamp by Xior Malm\u00f6 | Xior\",\"isPartOf\":{\"@id\":\"https:\/\/www.xiorstudenthousing.eu\/sv\/#website\"},\"datePublished\":\"2026-03-04T15:59:37+00:00\",\"dateModified\":\"2026-04-21T17:07:33+00:00\",\"description\":\"Basecamp by Xior Malm\u00f6 studentboende erbjuder privata rum, snabbt wifi, delade utrymmen och s\u00e4ker \u00e5tkomst n\u00e4ra lokala universitet och stadens bekv\u00e4mligheter.\",\"breadcrumb\":{\"@id\":\"https:\/\/www.xiorstudenthousing.eu\/sv\/sweden\/malmo\/malmo-student-accommodation\/#breadcrumb\"},\"inLanguage\":\"sv-SE\",\"potentialAction\":[{\"@type\":\"ReadAction\",\"target\":[\"https:\/\/www.xiorstudenthousing.eu\/sv\/sweden\/malmo\/malmo-student-accommodation\/\"]}]},{\"@type\":\"BreadcrumbList\",\"@id\":\"https:\/\/www.xiorstudenthousing.eu\/sv\/sweden\/malmo\/malmo-student-accommodation\/#breadcrumb\",\"itemListElement\":[{\"@type\":\"ListItem\",\"position\":1,\"name\":\"Home\",\"item\":\"https:\/\/www.xiorstudenthousing.eu\/sv\/\"},{\"@type\":\"ListItem\",\"position\":2,\"name\":\"Sweden\",\"item\":\"https:\/\/www.xiorstudenthousing.eu\/sv\/sweden\/\"},{\"@type\":\"ListItem\",\"position\":3,\"name\":\"Malm\u00f6\",\"item\":\"https:\/\/www.xiorstudenthousing.eu\/sv\/sweden\/malmo\/\"},{\"@type\":\"ListItem\",\"position\":4,\"name\":\"Basecamp by Xior Malm\u00f6\"}]},{\"@type\":\"WebSite\",\"@id\":\"https:\/\/www.xiorstudenthousing.eu\/sv\/#website\",\"url\":\"https:\/\/www.xiorstudenthousing.eu\/sv\/\",\"name\":\"Xior Student Housing\",\"description\":\"\",\"potentialAction\":[{\"@type\":\"SearchAction\",\"target\":{\"@type\":\"EntryPoint\",\"urlTemplate\":\"https:\/\/www.xiorstudenthousing.eu\/sv\/?s={search_term_string}\"},\"query-input\":{\"@type\":\"PropertyValueSpecification\",\"valueRequired\":true,\"valueName\":\"search_term_string\"}}],\"inLanguage\":\"sv-SE\"}]}<\/script>\n<!-- \/ Yoast SEO plugin. -->","yoast_head_json":{"title":"Student Accommodation in Malmo | Basecamp by Xior Malm\u00f6 | Xior","description":"Basecamp by Xior Malm\u00f6 studentboende erbjuder privata rum, snabbt wifi, delade utrymmen och s\u00e4ker \u00e5tkomst n\u00e4ra lokala universitet och stadens bekv\u00e4mligheter.","robots":{"index":"index","follow":"follow","max-snippet":"max-snippet:-1","max-image-preview":"max-image-preview:large","max-video-preview":"max-video-preview:-1"},"canonical":"https:\/\/www.xiorstudenthousing.eu\/sv\/sweden\/malmo\/malmo-student-accommodation\/","og_locale":"sv_SE","og_type":"article","og_title":"Student Accommodation in Malmo | Basecamp by Xior Malm\u00f6 | Xior","og_description":"Basecamp by Xior Malm\u00f6 studentboende erbjuder privata rum, snabbt wifi, delade utrymmen och s\u00e4ker \u00e5tkomst n\u00e4ra lokala universitet och stadens bekv\u00e4mligheter.","og_url":"https:\/\/www.xiorstudenthousing.eu\/sv\/sweden\/malmo\/malmo-student-accommodation\/","og_site_name":"Xior Student Housing","article_publisher":"https:\/\/www.facebook.com\/xiorstudenthousing","article_modified_time":"2026-04-21T17:07:33+00:00","twitter_card":"summary_large_image","twitter_site":"@xiorstudent","schema":{"@context":"https:\/\/schema.org","@graph":[{"@type":"WebPage","@id":"https:\/\/www.xiorstudenthousing.eu\/sv\/sweden\/malmo\/malmo-student-accommodation\/","url":"https:\/\/www.xiorstudenthousing.eu\/sv\/sweden\/malmo\/malmo-student-accommodation\/","name":"Student Accommodation in Malmo | Basecamp by Xior Malm\u00f6 | Xior","isPartOf":{"@id":"https:\/\/www.xiorstudenthousing.eu\/sv\/#website"},"datePublished":"2026-03-04T15:59:37+00:00","dateModified":"2026-04-21T17:07:33+00:00","description":"Basecamp by Xior Malm\u00f6 studentboende erbjuder privata rum, snabbt wifi, delade utrymmen och s\u00e4ker \u00e5tkomst n\u00e4ra lokala universitet och stadens bekv\u00e4mligheter.","breadcrumb":{"@id":"https:\/\/www.xiorstudenthousing.eu\/sv\/sweden\/malmo\/malmo-student-accommodation\/#breadcrumb"},"inLanguage":"sv-SE","potentialAction":[{"@type":"ReadAction","target":["https:\/\/www.xiorstudenthousing.eu\/sv\/sweden\/malmo\/malmo-student-accommodation\/"]}]},{"@type":"BreadcrumbList","@id":"https:\/\/www.xiorstudenthousing.eu\/sv\/sweden\/malmo\/malmo-student-accommodation\/#breadcrumb","itemListElement":[{"@type":"ListItem","position":1,"name":"Home","item":"https:\/\/www.xiorstudenthousing.eu\/sv\/"},{"@type":"ListItem","position":2,"name":"Sweden","item":"https:\/\/www.xiorstudenthousing.eu\/sv\/sweden\/"},{"@type":"ListItem","position":3,"name":"Malm\u00f6","item":"https:\/\/www.xiorstudenthousing.eu\/sv\/sweden\/malmo\/"},{"@type":"ListItem","position":4,"name":"Basecamp by Xior Malm\u00f6"}]},{"@type":"WebSite","@id":"https:\/\/www.xiorstudenthousing.eu\/sv\/#website","url":"https:\/\/www.xiorstudenthousing.eu\/sv\/","name":"Xior Student Housing","description":"","potentialAction":[{"@type":"SearchAction","target":{"@type":"EntryPoint","urlTemplate":"https:\/\/www.xiorstudenthousing.eu\/sv\/?s={search_term_string}"},"query-input":{"@type":"PropertyValueSpecification","valueRequired":true,"valueName":"search_term_string"}}],"inLanguage":"sv-SE"}]}},"_links":{"self":[{"href":"https:\/\/www.xiorstudenthousing.eu\/sv\/wp-json\/wp\/v2\/pages\/37634","targetHints":{"allow":["GET"]}}],"collection":[{"href":"https:\/\/www.xiorstudenthousing.eu\/sv\/wp-json\/wp\/v2\/pages"}],"about":[{"href":"https:\/\/www.xiorstudenthousing.eu\/sv\/wp-json\/wp\/v2\/types\/page"}],"author":[{"embeddable":true,"href":"https:\/\/www.xiorstudenthousing.eu\/sv\/wp-json\/wp\/v2\/users\/1"}],"replies":[{"embeddable":true,"href":"https:\/\/www.xiorstudenthousing.eu\/sv\/wp-json\/wp\/v2\/comments?post=37634"}],"version-history":[{"count":3,"href":"https:\/\/www.xiorstudenthousing.eu\/sv\/wp-json\/wp\/v2\/pages\/37634\/revisions"}],"predecessor-version":[{"id":38699,"href":"https:\/\/www.xiorstudenthousing.eu\/sv\/wp-json\/wp\/v2\/pages\/37634\/revisions\/38699"}],"up":[{"embeddable":true,"href":"https:\/\/www.xiorstudenthousing.eu\/sv\/wp-json\/wp\/v2\/pages\/37996"}],"wp:attachment":[{"href":"https:\/\/www.xiorstudenthousing.eu\/sv\/wp-json\/wp\/v2\/media?parent=37634"}],"curies":[{"name":"wp","href":"https:\/\/api.w.org\/{rel}","templated":true}]}}